{"id":3644,"date":"2025-10-09T00:00:00","date_gmt":"2025-10-08T22:00:00","guid":{"rendered":"https:\/\/yotavis.ch\/product\/sha851a\/"},"modified":"2026-04-24T13:28:08","modified_gmt":"2026-04-24T11:28:08","slug":"sha851a","status":"publish","type":"product","link":"https:\/\/yotavis.ch\/it\/prodotto\/sha851a\/","title":{"rendered":"SHA851A"},"content":{"rendered":"<p>L'SHA851A di Siglent \u00e8 un analizzatore di spettro portatile che opera in una gamma di frequenze da 9 kHz a 3,6 GHz. Funziona anche come analizzatore di cavi e antenne per frequenze da 100 kHz a 3,6 GHz. Il dispositivo presenta un livello di rumore medio visualizzato di -165 dBm\/Hz, che consente un rilevamento sensibile dei segnali. Il rumore di fase \u00e8 pari a -104 dBc\/Hz e contribuisce alla precisione delle misure. La frequenza massima supportata dall'analizzatore \u00e8 di 3600 MHz, mentre la frequenza minima \u00e8 di 9000 Hz. Ha una larghezza di banda di analisi di 3 MHz, che definisce la gamma di frequenze che pu\u00f2 analizzare simultaneamente. Progettato per la portabilit\u00e0, l'SHA851A \u00e8 portatile e quindi adatto all'uso sul campo e ai test in loco senza la necessit\u00e0 di apparecchiature aggiuntive.<\/p>","protected":false},"excerpt":{"rendered":"<p>Analizzatore di spettro portatile 9 kHz~3,6 GHz, analizzatore di cavo e antenna 100 kHz~3,6 GHz, -165 dBm\/Hz Media visualizzata<\/p>","protected":false},"featured_media":14327,"comment_status":"closed","ping_status":"closed","template":"","meta":{"_acf_changed":false,"slim_seo":{"title":"SHA851A - YOTAVIS AG","description":"Analizzatore di spettro portatile 9 kHz~3,6 GHz, analizzatore di cavo e antenna 100 kHz~3,6 GHz, -165 dBm\/Hz Media visualizzata"}},"product_brand":[506],"product_cat":[523,524],"product_tag":[],"class_list":{"0":"post-3644","1":"product","2":"type-product","3":"status-publish","4":"has-post-thumbnail","6":"product_brand-siglent","7":"product_cat-analyser","8":"product_cat-signal-spectrum-analyser","9":"pa_analysis-bandwidth-mhz-191","10":"pa_danl-dbm-hz-184","11":"pa_frequency-max-mhz-434","12":"pa_frequency-min-hz-177","13":"pa_handheld-yes","14":"pa_rtsa-no","16":"first","17":"instock","18":"taxable","19":"shipping-taxable","20":"purchasable","21":"product-type-simple"},"acf":[],"_links":{"self":[{"href":"https:\/\/yotavis.ch\/it\/wp-json\/wp\/v2\/product\/3644","targetHints":{"allow":["GET"]}}],"collection":[{"href":"https:\/\/yotavis.ch\/it\/wp-json\/wp\/v2\/product"}],"about":[{"href":"https:\/\/yotavis.ch\/it\/wp-json\/wp\/v2\/types\/product"}],"replies":[{"embeddable":true,"href":"https:\/\/yotavis.ch\/it\/wp-json\/wp\/v2\/comments?post=3644"}],"wp:featuredmedia":[{"embeddable":true,"href":"https:\/\/yotavis.ch\/it\/wp-json\/wp\/v2\/media\/14327"}],"wp:attachment":[{"href":"https:\/\/yotavis.ch\/it\/wp-json\/wp\/v2\/media?parent=3644"}],"wp:term":[{"taxonomy":"product_brand","embeddable":true,"href":"https:\/\/yotavis.ch\/it\/wp-json\/wp\/v2\/product_brand?post=3644"},{"taxonomy":"product_cat","embeddable":true,"href":"https:\/\/yotavis.ch\/it\/wp-json\/wp\/v2\/product_cat?post=3644"},{"taxonomy":"product_tag","embeddable":true,"href":"https:\/\/yotavis.ch\/it\/wp-json\/wp\/v2\/product_tag?post=3644"}],"curies":[{"name":"wp","href":"https:\/\/api.w.org\/{rel}","templated":true}]}}