{"id":3645,"date":"2025-10-09T00:00:00","date_gmt":"2025-10-08T22:00:00","guid":{"rendered":"https:\/\/yotavis.ch\/product\/sha852a\/"},"modified":"2026-04-24T13:28:10","modified_gmt":"2026-04-24T11:28:10","slug":"sha852a","status":"publish","type":"product","link":"https:\/\/yotavis.ch\/it\/prodotto\/sha852a\/","title":{"rendered":"SHA852A"},"content":{"rendered":"<p>L'SHA852A di Siglent \u00e8 un analizzatore di spettro portatile che opera in una gamma di frequenze da 9 kHz a 7,5 GHz, offrendo capacit\u00e0 di analisi versatili per vari tipi di segnale. Funziona anche come analizzatore di cavi e antenne per frequenze da 100 kHz a 7,5 GHz. Il dispositivo presenta un livello di rumore medio visualizzato di -165 dBm\/Hz, che consente un rilevamento sensibile dei segnali. Il suo rumore di fase \u00e8 valutato a -104 dBc\/Hz, contribuendo a misure di frequenza accurate. L'analizzatore supporta una larghezza di banda di analisi di 3 MHz, consentendo un esame dettagliato delle caratteristiche del segnale. Progettato per la portabilit\u00e0, l'SHA852A \u00e8 portatile e quindi adatto all'uso sul campo. La frequenza massima che pu\u00f2 misurare \u00e8 di 7,5 GHz, mentre la frequenza minima \u00e8 di 9 kHz. Questa combinazione di caratteristiche rende l'SHA852A uno strumento completo per l'analisi dello spettro e dei cavi.<\/p>","protected":false},"excerpt":{"rendered":"<p>Analizzatore di spettro portatile 9 kHz~7,5 GHz, analizzatore di cavo e antenna 100 kHz~7,5 GHz, -165 dBm\/Hz Media visualizzata<\/p>","protected":false},"featured_media":5224,"comment_status":"closed","ping_status":"closed","template":"","meta":{"_acf_changed":false,"slim_seo":{"title":"SHA852A - YOTAVIS AG","description":"Analizzatore di spettro portatile 9 kHz~7,5 GHz, analizzatore di cavo e antenna 100 kHz~7,5 GHz, -165 dBm\/Hz Media visualizzata"}},"product_brand":[506],"product_cat":[523,524],"product_tag":[],"class_list":{"0":"post-3645","1":"product","2":"type-product","3":"status-publish","4":"has-post-thumbnail","6":"product_brand-siglent","7":"product_cat-analyser","8":"product_cat-signal-spectrum-analyser","9":"pa_analysis-bandwidth-mhz-191","10":"pa_danl-dbm-hz-184","11":"pa_frequency-max-mhz-431","12":"pa_frequency-min-hz-177","13":"pa_handheld-yes","14":"pa_rtsa-no","16":"first","17":"instock","18":"taxable","19":"shipping-taxable","20":"purchasable","21":"product-type-simple"},"acf":[],"_links":{"self":[{"href":"https:\/\/yotavis.ch\/it\/wp-json\/wp\/v2\/product\/3645","targetHints":{"allow":["GET"]}}],"collection":[{"href":"https:\/\/yotavis.ch\/it\/wp-json\/wp\/v2\/product"}],"about":[{"href":"https:\/\/yotavis.ch\/it\/wp-json\/wp\/v2\/types\/product"}],"replies":[{"embeddable":true,"href":"https:\/\/yotavis.ch\/it\/wp-json\/wp\/v2\/comments?post=3645"}],"wp:featuredmedia":[{"embeddable":true,"href":"https:\/\/yotavis.ch\/it\/wp-json\/wp\/v2\/media\/5224"}],"wp:attachment":[{"href":"https:\/\/yotavis.ch\/it\/wp-json\/wp\/v2\/media?parent=3645"}],"wp:term":[{"taxonomy":"product_brand","embeddable":true,"href":"https:\/\/yotavis.ch\/it\/wp-json\/wp\/v2\/product_brand?post=3645"},{"taxonomy":"product_cat","embeddable":true,"href":"https:\/\/yotavis.ch\/it\/wp-json\/wp\/v2\/product_cat?post=3645"},{"taxonomy":"product_tag","embeddable":true,"href":"https:\/\/yotavis.ch\/it\/wp-json\/wp\/v2\/product_tag?post=3645"}],"curies":[{"name":"wp","href":"https:\/\/api.w.org\/{rel}","templated":true}]}}