{"id":3651,"date":"2025-10-09T00:00:00","date_gmt":"2025-10-08T22:00:00","guid":{"rendered":"https:\/\/yotavis.ch\/product\/f503me\/"},"modified":"2026-04-24T13:28:17","modified_gmt":"2026-04-24T11:28:17","slug":"f503me","status":"publish","type":"product","link":"https:\/\/yotavis.ch\/it\/prodotto\/f503me\/","title":{"rendered":"F503ME"},"content":{"rendered":"<p>Il kit di calibrazione meccanica Siglent F503ME \u00e8 progettato per la calibrazione OSLT e opera in una gamma di frequenze da CC a 4,5 GHz. \u00c8 dotato di un connettore N-Maschio, che garantisce la compatibilit\u00e0 con un'ampia gamma di apparecchiature di test. Questo kit di calibrazione \u00e8 destinato a fornire una calibrazione meccanica precisa per i dispositivi che richiedono misure accurate della frequenza e del segnale. Il kit supporta attivit\u00e0 di calibrazione che prevedono standard di apertura, cortocircuito, carico e passaggio, essenziali per la calibrazione degli analizzatori di rete vettoriali. La gamma di frequenze fino a 4,5 GHz lo rende adatto a un'ampia gamma di applicazioni RF. Il tipo di connettore N-Maschio \u00e8 comunemente utilizzato negli ambienti di test RF e fornisce connessioni affidabili e coerenti. Questo prodotto fa parte della linea di strumenti di calibrazione di Siglent, noti per la loro applicazione nelle configurazioni di test e misura professionali.<\/p>","protected":false},"excerpt":{"rendered":"<p>Mechanical Calibration Kit: OSLT, DC &#8211; 4.5 GHz, N-Male connector<\/p>","protected":false},"featured_media":5246,"comment_status":"closed","ping_status":"closed","template":"","meta":{"_acf_changed":false,"slim_seo":{"title":"F503ME - YOTAVIS AG","description":"Kit di calibrazione meccanica: OSLT, DC - 4,5 GHz, connettore N-Male"}},"product_brand":[506],"product_cat":[526,528],"product_tag":[],"class_list":{"0":"post-3651","1":"product","2":"type-product","3":"status-publish","4":"has-post-thumbnail","6":"product_brand-siglent","7":"product_cat-accessories","8":"product_cat-calibration-kits","9":"pa_connector-type-n","11":"first","12":"instock","13":"taxable","14":"shipping-taxable","15":"purchasable","16":"product-type-simple"},"acf":[],"_links":{"self":[{"href":"https:\/\/yotavis.ch\/it\/wp-json\/wp\/v2\/product\/3651","targetHints":{"allow":["GET"]}}],"collection":[{"href":"https:\/\/yotavis.ch\/it\/wp-json\/wp\/v2\/product"}],"about":[{"href":"https:\/\/yotavis.ch\/it\/wp-json\/wp\/v2\/types\/product"}],"replies":[{"embeddable":true,"href":"https:\/\/yotavis.ch\/it\/wp-json\/wp\/v2\/comments?post=3651"}],"wp:featuredmedia":[{"embeddable":true,"href":"https:\/\/yotavis.ch\/it\/wp-json\/wp\/v2\/media\/5246"}],"wp:attachment":[{"href":"https:\/\/yotavis.ch\/it\/wp-json\/wp\/v2\/media?parent=3651"}],"wp:term":[{"taxonomy":"product_brand","embeddable":true,"href":"https:\/\/yotavis.ch\/it\/wp-json\/wp\/v2\/product_brand?post=3651"},{"taxonomy":"product_cat","embeddable":true,"href":"https:\/\/yotavis.ch\/it\/wp-json\/wp\/v2\/product_cat?post=3651"},{"taxonomy":"product_tag","embeddable":true,"href":"https:\/\/yotavis.ch\/it\/wp-json\/wp\/v2\/product_tag?post=3651"}],"curies":[{"name":"wp","href":"https:\/\/api.w.org\/{rel}","templated":true}]}}