{"id":3653,"date":"2025-10-09T00:00:00","date_gmt":"2025-10-08T22:00:00","guid":{"rendered":"https:\/\/yotavis.ch\/product\/f603me\/"},"modified":"2026-04-24T13:28:18","modified_gmt":"2026-04-24T11:28:18","slug":"f603me","status":"publish","type":"product","link":"https:\/\/yotavis.ch\/it\/prodotto\/f603me\/","title":{"rendered":"F603ME"},"content":{"rendered":"<p>Il kit di calibrazione meccanica Siglent F603ME \u00e8 progettato per la calibrazione OSLT e opera in una gamma di frequenze da CC a 4,5 GHz. \u00c8 dotato di un connettore SMA-maschio da 3,5 mm, che garantisce la compatibilit\u00e0 con un'ampia gamma di apparecchiature di test. Questo kit di calibrazione \u00e8 destinato a fornire una calibrazione meccanica precisa per i dispositivi che richiedono misure accurate del segnale fino a 4,5 GHz. L'uso di un connettore da 3,5 mm favorisce connessioni affidabili e stabili durante i processi di calibrazione. Il kit \u00e8 adatto per applicazioni che richiedono standard di calibrazione coerenti e ripetibili nell'intervallo di frequenza specificato. Il suo design si concentra sulle attivit\u00e0 di calibrazione meccanica, rendendolo uno strumento specializzato per mantenere l'accuratezza delle misure negli ambienti di test RF. L'F603ME fa parte della linea di prodotti Siglent, nota per le apparecchiature tecniche utilizzate nei test e nelle misure elettroniche.<\/p>","protected":false},"excerpt":{"rendered":"<p>Mechanical Calibration Kit: OSLT, DC &#8211; 4.5 GHz, 3.5mm SMA-Male connector<\/p>","protected":false},"featured_media":5253,"comment_status":"closed","ping_status":"closed","template":"","meta":{"_acf_changed":false,"slim_seo":{"title":"F603ME - YOTAVIS AG","description":"Kit di calibrazione meccanica: OSLT, CC - 4,5 GHz, connettore SMA-maschio da 3,5 mm"}},"product_brand":[506],"product_cat":[526,528],"product_tag":[],"class_list":{"0":"post-3653","1":"product","2":"type-product","3":"status-publish","4":"has-post-thumbnail","6":"product_brand-siglent","7":"product_cat-accessories","8":"product_cat-calibration-kits","9":"pa_connector-35mm","11":"first","12":"instock","13":"taxable","14":"shipping-taxable","15":"purchasable","16":"product-type-simple"},"acf":[],"_links":{"self":[{"href":"https:\/\/yotavis.ch\/it\/wp-json\/wp\/v2\/product\/3653","targetHints":{"allow":["GET"]}}],"collection":[{"href":"https:\/\/yotavis.ch\/it\/wp-json\/wp\/v2\/product"}],"about":[{"href":"https:\/\/yotavis.ch\/it\/wp-json\/wp\/v2\/types\/product"}],"replies":[{"embeddable":true,"href":"https:\/\/yotavis.ch\/it\/wp-json\/wp\/v2\/comments?post=3653"}],"wp:featuredmedia":[{"embeddable":true,"href":"https:\/\/yotavis.ch\/it\/wp-json\/wp\/v2\/media\/5253"}],"wp:attachment":[{"href":"https:\/\/yotavis.ch\/it\/wp-json\/wp\/v2\/media?parent=3653"}],"wp:term":[{"taxonomy":"product_brand","embeddable":true,"href":"https:\/\/yotavis.ch\/it\/wp-json\/wp\/v2\/product_brand?post=3653"},{"taxonomy":"product_cat","embeddable":true,"href":"https:\/\/yotavis.ch\/it\/wp-json\/wp\/v2\/product_cat?post=3653"},{"taxonomy":"product_tag","embeddable":true,"href":"https:\/\/yotavis.ch\/it\/wp-json\/wp\/v2\/product_tag?post=3653"}],"curies":[{"name":"wp","href":"https:\/\/api.w.org\/{rel}","templated":true}]}}