{"id":3655,"date":"2025-10-09T00:00:00","date_gmt":"2025-10-08T22:00:00","guid":{"rendered":"https:\/\/yotavis.ch\/product\/f504ms\/"},"modified":"2026-04-24T13:28:20","modified_gmt":"2026-04-24T11:28:20","slug":"f504ms","status":"publish","type":"product","link":"https:\/\/yotavis.ch\/it\/prodotto\/f504ms\/","title":{"rendered":"F504MS"},"content":{"rendered":"<p>L'F504MS \u00e8 un kit di calibrazione meccanica progettato per la calibrazione OSLT che copre le frequenze da CC a 9 GHz. \u00c8 dotato di un connettore N-Maschio che garantisce la compatibilit\u00e0 con diverse configurazioni di test. Prodotto da Siglent, questo kit \u00e8 destinato a compiti di calibrazione precisi nell'ambito della gamma di frequenze specificata. Il design meccanico supporta connessioni affidabili e ripetibili, essenziali per ottenere risultati di calibrazione accurati. Questo kit di calibrazione \u00e8 adatto all'uso in ambienti in cui \u00e8 necessario mantenere l'integrit\u00e0 del segnale in un ampio spettro di frequenze. La sua costruzione e il tipo di connettore lo rendono una scelta pratica per i professionisti che lavorano con misure ad alta frequenza. L'F504MS offre una soluzione standardizzata per le esigenze di calibrazione fino a 9 GHz.<\/p>","protected":false},"excerpt":{"rendered":"<p>Mechanical Calibration Kit: OSLT, DC &#8211; 9 GHz, N-Male connector<\/p>","protected":false},"featured_media":5256,"comment_status":"closed","ping_status":"closed","template":"","meta":{"_acf_changed":false,"slim_seo":{"title":"F504MS - YOTAVIS AG","description":"Kit di calibrazione meccanica: OSLT, DC - 9 GHz, connettore N-Male"}},"product_brand":[506],"product_cat":[526,528],"product_tag":[],"class_list":{"0":"post-3655","1":"product","2":"type-product","3":"status-publish","4":"has-post-thumbnail","6":"product_brand-siglent","7":"product_cat-accessories","8":"product_cat-calibration-kits","9":"pa_connector-type-n","11":"first","12":"instock","13":"taxable","14":"shipping-taxable","15":"purchasable","16":"product-type-simple"},"acf":[],"_links":{"self":[{"href":"https:\/\/yotavis.ch\/it\/wp-json\/wp\/v2\/product\/3655","targetHints":{"allow":["GET"]}}],"collection":[{"href":"https:\/\/yotavis.ch\/it\/wp-json\/wp\/v2\/product"}],"about":[{"href":"https:\/\/yotavis.ch\/it\/wp-json\/wp\/v2\/types\/product"}],"replies":[{"embeddable":true,"href":"https:\/\/yotavis.ch\/it\/wp-json\/wp\/v2\/comments?post=3655"}],"wp:featuredmedia":[{"embeddable":true,"href":"https:\/\/yotavis.ch\/it\/wp-json\/wp\/v2\/media\/5256"}],"wp:attachment":[{"href":"https:\/\/yotavis.ch\/it\/wp-json\/wp\/v2\/media?parent=3655"}],"wp:term":[{"taxonomy":"product_brand","embeddable":true,"href":"https:\/\/yotavis.ch\/it\/wp-json\/wp\/v2\/product_brand?post=3655"},{"taxonomy":"product_cat","embeddable":true,"href":"https:\/\/yotavis.ch\/it\/wp-json\/wp\/v2\/product_cat?post=3655"},{"taxonomy":"product_tag","embeddable":true,"href":"https:\/\/yotavis.ch\/it\/wp-json\/wp\/v2\/product_tag?post=3655"}],"curies":[{"name":"wp","href":"https:\/\/api.w.org\/{rel}","templated":true}]}}