{"id":3656,"date":"2025-10-09T00:00:00","date_gmt":"2025-10-08T22:00:00","guid":{"rendered":"https:\/\/yotavis.ch\/product\/f504fs\/"},"modified":"2026-04-24T13:28:21","modified_gmt":"2026-04-24T11:28:21","slug":"f504fs","status":"publish","type":"product","link":"https:\/\/yotavis.ch\/it\/prodotto\/f504fs\/","title":{"rendered":"F504FS"},"content":{"rendered":"<p>Il kit di calibrazione meccanica Siglent F504FS \u00e8 progettato per la calibrazione OSLT che copre la gamma di frequenze da CC a 9 GHz. \u00c8 dotato di un connettore N-Femmina che garantisce la compatibilit\u00e0 con varie configurazioni di test. Questo kit di calibrazione \u00e8 destinato a fornire una calibrazione meccanica precisa per gli strumenti di misura nell'intervallo di frequenza specificato. L'inclusione della capacit\u00e0 di calibrazione OSLT ne indica l'uso nelle procedure di calibrazione in aperto, in corto, a carico e attraverso. Il prodotto \u00e8 stato progettato per supportare processi di calibrazione accurati e affidabili, essenziali per mantenere l'integrit\u00e0 delle misure negli ambienti di test RF. Il suo design e il tipo di connettore lo rendono adatto all'integrazione con apparecchiature che richiedono connessioni N-Female. La copertura di frequenza fino a 9 GHz ne consente l'utilizzo in un'ampia gamma di applicazioni che prevedono misure di segnali ad alta frequenza.<\/p>","protected":false},"excerpt":{"rendered":"<p>Mechanical Calibration Kit: OSLT, DC &#8211; 9 GHz, N-Female connector<\/p>","protected":false},"featured_media":5257,"comment_status":"closed","ping_status":"closed","template":"","meta":{"_acf_changed":false,"slim_seo":{"title":"F504FS - YOTAVIS AG","description":"Kit di calibrazione meccanica: OSLT, DC - 9 GHz, connettore N-Femmina"}},"product_brand":[506],"product_cat":[526,528],"product_tag":[],"class_list":{"0":"post-3656","1":"product","2":"type-product","3":"status-publish","4":"has-post-thumbnail","6":"product_brand-siglent","7":"product_cat-accessories","8":"product_cat-calibration-kits","9":"pa_connector-type-n","11":"first","12":"instock","13":"taxable","14":"shipping-taxable","15":"purchasable","16":"product-type-simple"},"acf":[],"_links":{"self":[{"href":"https:\/\/yotavis.ch\/it\/wp-json\/wp\/v2\/product\/3656","targetHints":{"allow":["GET"]}}],"collection":[{"href":"https:\/\/yotavis.ch\/it\/wp-json\/wp\/v2\/product"}],"about":[{"href":"https:\/\/yotavis.ch\/it\/wp-json\/wp\/v2\/types\/product"}],"replies":[{"embeddable":true,"href":"https:\/\/yotavis.ch\/it\/wp-json\/wp\/v2\/comments?post=3656"}],"wp:featuredmedia":[{"embeddable":true,"href":"https:\/\/yotavis.ch\/it\/wp-json\/wp\/v2\/media\/5257"}],"wp:attachment":[{"href":"https:\/\/yotavis.ch\/it\/wp-json\/wp\/v2\/media?parent=3656"}],"wp:term":[{"taxonomy":"product_brand","embeddable":true,"href":"https:\/\/yotavis.ch\/it\/wp-json\/wp\/v2\/product_brand?post=3656"},{"taxonomy":"product_cat","embeddable":true,"href":"https:\/\/yotavis.ch\/it\/wp-json\/wp\/v2\/product_cat?post=3656"},{"taxonomy":"product_tag","embeddable":true,"href":"https:\/\/yotavis.ch\/it\/wp-json\/wp\/v2\/product_tag?post=3656"}],"curies":[{"name":"wp","href":"https:\/\/api.w.org\/{rel}","templated":true}]}}