{"id":3670,"date":"2025-10-09T00:00:00","date_gmt":"2025-10-08T22:00:00","guid":{"rendered":"https:\/\/yotavis.ch\/product\/tpa10\/"},"modified":"2026-04-24T13:31:21","modified_gmt":"2026-04-24T11:31:21","slug":"tpa10","status":"publish","type":"product","link":"https:\/\/yotavis.ch\/it\/prodotto\/tpa10\/","title":{"rendered":"TPA10"},"content":{"rendered":"<p>Il TPA10 \u00e8 un adattatore da TekProbe a ProBus prodotto da Teledyne Lecroy Questo adattatore \u00e8 stato progettato per facilitare il collegamento tra i sistemi di sonde TekProbe e ProBus, consentendo la compatibilit\u00e0 e l'integrazione all'interno delle configurazioni di test Serve come componente di interfaccia che consente agli utenti di collegare sonde di sistemi diversi senza la necessit\u00e0 di ulteriori modifiche o adattatori Il prodotto fa parte della gamma di accessori di test di Teledyne Lecroy, Il TPA10 aiuta a semplificare il processo di passaggio da un tipo di sonda all'altro, rendendolo uno strumento utile per gli ingegneri e i tecnici che lavorano con diversi strumenti di misura Il suo design garantisce connessioni sicure e stabili, essenziali per l'acquisizione e l'analisi accurata dei segnali Questo adattatore supporta un flusso di lavoro efficiente in ambienti in cui sono in uso pi\u00f9 sistemi di sonde.<\/p>","protected":false},"excerpt":{"rendered":"<p>Adattatore per sonda TekProbe a ProBus<\/p>","protected":false},"featured_media":5286,"comment_status":"closed","ping_status":"closed","template":"","meta":{"_acf_changed":false,"slim_seo":{"title":"TPA10 - YOTAVIS AG","description":"Adattatore per sonda TekProbe a ProBus"}},"product_brand":[542],"product_cat":[526,529],"product_tag":[],"class_list":{"0":"post-3670","1":"product","2":"type-product","3":"status-publish","4":"has-post-thumbnail","6":"product_brand-lecroy","7":"product_cat-accessories","8":"product_cat-adaptors","9":"pa_imax-ac-a-1019","11":"first","12":"instock","13":"taxable","14":"shipping-taxable","15":"purchasable","16":"product-type-simple"},"acf":[],"_links":{"self":[{"href":"https:\/\/yotavis.ch\/it\/wp-json\/wp\/v2\/product\/3670","targetHints":{"allow":["GET"]}}],"collection":[{"href":"https:\/\/yotavis.ch\/it\/wp-json\/wp\/v2\/product"}],"about":[{"href":"https:\/\/yotavis.ch\/it\/wp-json\/wp\/v2\/types\/product"}],"replies":[{"embeddable":true,"href":"https:\/\/yotavis.ch\/it\/wp-json\/wp\/v2\/comments?post=3670"}],"wp:featuredmedia":[{"embeddable":true,"href":"https:\/\/yotavis.ch\/it\/wp-json\/wp\/v2\/media\/5286"}],"wp:attachment":[{"href":"https:\/\/yotavis.ch\/it\/wp-json\/wp\/v2\/media?parent=3670"}],"wp:term":[{"taxonomy":"product_brand","embeddable":true,"href":"https:\/\/yotavis.ch\/it\/wp-json\/wp\/v2\/product_brand?post=3670"},{"taxonomy":"product_cat","embeddable":true,"href":"https:\/\/yotavis.ch\/it\/wp-json\/wp\/v2\/product_cat?post=3670"},{"taxonomy":"product_tag","embeddable":true,"href":"https:\/\/yotavis.ch\/it\/wp-json\/wp\/v2\/product_tag?post=3670"}],"curies":[{"name":"wp","href":"https:\/\/api.w.org\/{rel}","templated":true}]}}