{"id":3710,"date":"2025-10-09T00:00:00","date_gmt":"2025-10-08T22:00:00","guid":{"rendered":"https:\/\/yotavis.ch\/product\/spd-cable-1\/"},"modified":"2026-04-24T13:28:53","modified_gmt":"2026-04-24T11:28:53","slug":"spd-cable-1","status":"publish","type":"product","link":"https:\/\/yotavis.ch\/it\/prodotto\/spd-cable-1\/","title":{"rendered":"Cavo SPD-1"},"content":{"rendered":"<p>L'SPD-Cable-1 di Siglent \u00e8 un set di cavi con connessione a coccodrillo e spina a banana. La coppia comprende due cavi, uno nero e uno rosso, ciascuno dei quali misura 600 mm di lunghezza. Questo design consente connessioni facili e sicure in varie applicazioni elettriche e di test. Il connettore a coccodrillo garantisce una presa salda su terminali o fili, mentre la spina a banana assicura la compatibilit\u00e0 con le prese a banana standard. La codifica dei colori nero e rosso aiuta a identificare la polarit\u00e0 durante l'uso. La lunghezza del cavo di 600 mm offre flessibilit\u00e0 nella configurazione senza eccessivo allentamento. Questo prodotto \u00e8 adatto all'uso in ambienti in cui sono richieste connessioni affidabili e semplici.<\/p>","protected":false},"excerpt":{"rendered":"<p>Clip a coccodrillo con spina a banana, lunghezza 600 mm, nero e rosso in coppia<\/p>","protected":false},"featured_media":6246,"comment_status":"closed","ping_status":"closed","template":"","meta":{"_acf_changed":false,"slim_seo":{"title":"SPD-Cable-1 - YOTAVIS AG","description":"Clip a coccodrillo con spina a banana, lunghezza 600 mm, nero e rosso in coppia"}},"product_brand":[506],"product_cat":[526,530],"product_tag":[],"class_list":{"0":"post-3710","1":"product","2":"type-product","3":"status-publish","4":"has-post-thumbnail","6":"product_brand-siglent","7":"product_cat-accessories","8":"product_cat-cable","9":"pa_connector-alligator","11":"first","12":"instock","13":"taxable","14":"shipping-taxable","15":"purchasable","16":"product-type-simple"},"acf":[],"_links":{"self":[{"href":"https:\/\/yotavis.ch\/it\/wp-json\/wp\/v2\/product\/3710","targetHints":{"allow":["GET"]}}],"collection":[{"href":"https:\/\/yotavis.ch\/it\/wp-json\/wp\/v2\/product"}],"about":[{"href":"https:\/\/yotavis.ch\/it\/wp-json\/wp\/v2\/types\/product"}],"replies":[{"embeddable":true,"href":"https:\/\/yotavis.ch\/it\/wp-json\/wp\/v2\/comments?post=3710"}],"wp:featuredmedia":[{"embeddable":true,"href":"https:\/\/yotavis.ch\/it\/wp-json\/wp\/v2\/media\/6246"}],"wp:attachment":[{"href":"https:\/\/yotavis.ch\/it\/wp-json\/wp\/v2\/media?parent=3710"}],"wp:term":[{"taxonomy":"product_brand","embeddable":true,"href":"https:\/\/yotavis.ch\/it\/wp-json\/wp\/v2\/product_brand?post=3710"},{"taxonomy":"product_cat","embeddable":true,"href":"https:\/\/yotavis.ch\/it\/wp-json\/wp\/v2\/product_cat?post=3710"},{"taxonomy":"product_tag","embeddable":true,"href":"https:\/\/yotavis.ch\/it\/wp-json\/wp\/v2\/product_tag?post=3710"}],"curies":[{"name":"wp","href":"https:\/\/api.w.org\/{rel}","templated":true}]}}