{"id":3721,"date":"2025-10-09T00:00:00","date_gmt":"2025-10-08T22:00:00","guid":{"rendered":"https:\/\/yotavis.ch\/product\/sds7604ap\/"},"modified":"2026-04-24T13:29:01","modified_gmt":"2026-04-24T11:29:01","slug":"sds7604ap","status":"publish","type":"product","link":"https:\/\/yotavis.ch\/it\/prodotto\/sds7604ap\/","title":{"rendered":"SDS7604AP"},"content":{"rendered":"<p>L'SDS7604AP di Siglent ha una larghezza di banda massima di 6 GHz e supporta una frequenza di campionamento di 20 GSa\/s su tutti e quattro i canali. Ogni canale \u00e8 dotato di una risoluzione verticale di 12 bit e di una profondit\u00e0 di memoria di 1 Gpt, che consente l'acquisizione e l'analisi dettagliata del segnale. Il dispositivo \u00e8 dotato di quattro canali e offre molteplici opzioni di ingresso per misurazioni di segnali complessi. \u00c8 stato progettato con un'interfaccia touch screen, per migliorare l'interazione e il controllo da parte dell'utente. La profondit\u00e0 di memoria per canale \u00e8 di 1.000 Mpt, a supporto di un'ampia memorizzazione dei dati per l'acquisizione di segnali di lunga durata. Questo modello fa parte della serie SDS7A, mantenendo la coerenza con il resto della serie in termini di prestazioni e caratteristiche. La risoluzione verticale \u00e8 specificata a 13 bit e contribuisce alla rappresentazione precisa del segnale. Nel complesso, il modello SDS7604AP combina un'elevata larghezza di banda, velocit\u00e0 di campionamento e una notevole profondit\u00e0 di memoria su pi\u00f9 canali con un'interfaccia touch screen di facile utilizzo.<\/p>","protected":false},"excerpt":{"rendered":"<p>6 GHz, 20 GSa\/s @ tutti i canali, 4-CH, 12-bit, 1 Gpts\/CH, il resto come SDS7A<\/p>","protected":false},"featured_media":6278,"comment_status":"closed","ping_status":"closed","template":"","meta":{"_acf_changed":false,"slim_seo":{"title":"SDS7604AP - YOTAVIS AG","description":"6 GHz, 20 GSa\/s @ tutti i canali, 4-CH, 12-bit, 1 Gpts\/CH, il resto come SDS7A"}},"product_brand":[506],"product_cat":[508,507],"product_tag":[],"class_list":{"0":"post-3721","1":"product","2":"type-product","3":"status-publish","4":"has-post-thumbnail","6":"product_brand-siglent","7":"product_cat-desktop-en","8":"product_cat-oscilloscope","9":"pa_bandwidth-mhz-233","10":"pa_channels-338","11":"pa_digital-channels-opt","12":"pa_memory-depht-mpts-235","13":"pa_sampling-rate-channels-ms-s-456","14":"pa_touch-screen-yes","15":"pa_vertical-resolution-bits-457","17":"first","18":"instock","19":"taxable","20":"shipping-taxable","21":"purchasable","22":"product-type-simple"},"acf":[],"_links":{"self":[{"href":"https:\/\/yotavis.ch\/it\/wp-json\/wp\/v2\/product\/3721","targetHints":{"allow":["GET"]}}],"collection":[{"href":"https:\/\/yotavis.ch\/it\/wp-json\/wp\/v2\/product"}],"about":[{"href":"https:\/\/yotavis.ch\/it\/wp-json\/wp\/v2\/types\/product"}],"replies":[{"embeddable":true,"href":"https:\/\/yotavis.ch\/it\/wp-json\/wp\/v2\/comments?post=3721"}],"wp:featuredmedia":[{"embeddable":true,"href":"https:\/\/yotavis.ch\/it\/wp-json\/wp\/v2\/media\/6278"}],"wp:attachment":[{"href":"https:\/\/yotavis.ch\/it\/wp-json\/wp\/v2\/media?parent=3721"}],"wp:term":[{"taxonomy":"product_brand","embeddable":true,"href":"https:\/\/yotavis.ch\/it\/wp-json\/wp\/v2\/product_brand?post=3721"},{"taxonomy":"product_cat","embeddable":true,"href":"https:\/\/yotavis.ch\/it\/wp-json\/wp\/v2\/product_cat?post=3721"},{"taxonomy":"product_tag","embeddable":true,"href":"https:\/\/yotavis.ch\/it\/wp-json\/wp\/v2\/product_tag?post=3721"}],"curies":[{"name":"wp","href":"https:\/\/api.w.org\/{rel}","templated":true}]}}