{"id":3727,"date":"2025-10-09T00:00:00","date_gmt":"2025-10-08T22:00:00","guid":{"rendered":"https:\/\/yotavis.ch\/product\/sap5-drp45\/"},"modified":"2026-04-24T13:29:16","modified_gmt":"2026-04-24T11:29:16","slug":"sap5-drp45","status":"publish","type":"product","link":"https:\/\/yotavis.ch\/it\/prodotto\/sap5-drp45\/","title":{"rendered":"SAP5-DRP45"},"content":{"rendered":"<p>Il SAP5-DRP45 di Siglent comprende un DRP-45 a testa cilindrica, due puntali girevoli e cinque puntali diritti. Questo set offre una variet\u00e0 di opzioni di punte progettate per adattarsi a diverse applicazioni. L'inclusione di punte sia girevoli che dritte consente una certa flessibilit\u00e0 d'uso, permettendo agli utenti di regolare lo strumento in base alle proprie esigenze specifiche. Il design della testa del DRP-45 assicura un fissaggio sicuro e una facile intercambiabilit\u00e0 delle punte. Questo prodotto fa parte della gamma Siglent, nota per la sua precisione e affidabilit\u00e0. L'assortimento di punte incluso nella confezione aumenta la versatilit\u00e0 dell'utensile, rendendolo adatto a vari compiti che richiedono angoli e approcci diversi. La combinazione di componenti di questo set \u00e8 destinata a offrire una soluzione completa per gli utenti che necessitano di molteplici configurazioni di punte.<\/p>","protected":false},"excerpt":{"rendered":"<p>Include 1 testa a bussola DRP-45, 2 punte girevoli, 5 punte dritte, 5 punte per il trasporto.<\/p>","protected":false},"featured_media":6294,"comment_status":"closed","ping_status":"closed","template":"","meta":{"_acf_changed":false,"slim_seo":{"title":"SAP5-DRP45 - YOTAVIS AG","description":"Include 1 testa a bussola DRP-45, 2 punte girevoli, 5 punte dritte, 5 punte per il trasporto."}},"product_brand":[506],"product_cat":[510,509],"product_tag":[],"class_list":{"0":"post-3727","1":"product","2":"type-product","3":"status-publish","4":"has-post-thumbnail","6":"product_brand-siglent","7":"product_cat-others-en","8":"product_cat-probes-en","10":"first","11":"instock","12":"taxable","13":"shipping-taxable","14":"purchasable","15":"product-type-simple"},"acf":[],"_links":{"self":[{"href":"https:\/\/yotavis.ch\/it\/wp-json\/wp\/v2\/product\/3727","targetHints":{"allow":["GET"]}}],"collection":[{"href":"https:\/\/yotavis.ch\/it\/wp-json\/wp\/v2\/product"}],"about":[{"href":"https:\/\/yotavis.ch\/it\/wp-json\/wp\/v2\/types\/product"}],"replies":[{"embeddable":true,"href":"https:\/\/yotavis.ch\/it\/wp-json\/wp\/v2\/comments?post=3727"}],"wp:featuredmedia":[{"embeddable":true,"href":"https:\/\/yotavis.ch\/it\/wp-json\/wp\/v2\/media\/6294"}],"wp:attachment":[{"href":"https:\/\/yotavis.ch\/it\/wp-json\/wp\/v2\/media?parent=3727"}],"wp:term":[{"taxonomy":"product_brand","embeddable":true,"href":"https:\/\/yotavis.ch\/it\/wp-json\/wp\/v2\/product_brand?post=3727"},{"taxonomy":"product_cat","embeddable":true,"href":"https:\/\/yotavis.ch\/it\/wp-json\/wp\/v2\/product_cat?post=3727"},{"taxonomy":"product_tag","embeddable":true,"href":"https:\/\/yotavis.ch\/it\/wp-json\/wp\/v2\/product_tag?post=3727"}],"curies":[{"name":"wp","href":"https:\/\/api.w.org\/{rel}","templated":true}]}}