{"id":3732,"date":"2025-10-09T00:00:00","date_gmt":"2025-10-08T22:00:00","guid":{"rendered":"https:\/\/yotavis.ch\/product\/sds6054a\/"},"modified":"2026-04-24T13:29:18","modified_gmt":"2026-04-24T11:29:18","slug":"sds6054a","status":"publish","type":"product","link":"https:\/\/yotavis.ch\/it\/prodotto\/sds6054a\/","title":{"rendered":"SDS6054A"},"content":{"rendered":"<p>L'SDS6054A di Siglent ha una larghezza di banda di 500 MHz e offre quattro canali, ciascuno dei quali \u00e8 in grado di raggiungere una velocit\u00e0 di campionamento di 5 GSa\/s, con una velocit\u00e0 di campionamento equivalente di 10 GSa\/s in modalit\u00e0 ESR. Ha una profondit\u00e0 di memoria di 500 Mpt, che consente un'ampia acquisizione e analisi dei dati. Il dispositivo supporta una velocit\u00e0 di acquisizione delle forme d'onda di 170.000 forme d'onda al secondo, migliorando la capacit\u00e0 di elaborare rapidamente i segnali. Include quattro tracce MATH e una funzione FFT da 8 Mpts per l'analisi avanzata dei segnali. L'oscilloscopio \u00e8 dotato di un display touch screen da 12,1 pollici con una risoluzione di 1280 x 800 pixel, che offre un'interfaccia utente chiara e interattiva. La risoluzione verticale \u00e8 di 8 bit e definisce la precisione della misurazione del segnale. Questo modello \u00e8 stato progettato per gestire complesse attivit\u00e0 di elaborazione del segnale grazie alla combinazione di elevata larghezza di banda, velocit\u00e0 di campionamento e grande capacit\u00e0 di memoria.<\/p>","protected":false},"excerpt":{"rendered":"<p>500MHz; 4 channels; 5 GSa\/s (10 GSa\/s ESR) @ each channel; 500Mpts memory depth;  170,000 wfm\/s waveform capture rate; 4 MATH traces, 8 Mpts FFT; 12.1&#8221; touch screen (1280*800)<\/p>","protected":false},"featured_media":6308,"comment_status":"closed","ping_status":"closed","template":"","meta":{"_acf_changed":false,"slim_seo":{"title":"SDS6054A - YOTAVIS AG","description":"500MHz; 4 channels; 5 GSa\/s (10 GSa\/s ESR) @ each channel; 500Mpts memory depth; 170,000 wfm\/s waveform capture rate; 4 MATH traces, 8 Mpts FFT; 12.1'' touch sc"}},"product_brand":[506],"product_cat":[508,507],"product_tag":[],"class_list":{"0":"post-3732","1":"product","2":"type-product","3":"status-publish","4":"has-post-thumbnail","6":"product_brand-siglent","7":"product_cat-desktop-en","8":"product_cat-oscilloscope","9":"pa_bandwidth-mhz-83","10":"pa_channels-338","11":"pa_digital-channels-opt","12":"pa_memory-depht-mpts-77","13":"pa_sampling-rate-channels-ms-s-458","14":"pa_touch-screen-yes","15":"pa_vertical-resolution-bits-340","17":"first","18":"instock","19":"taxable","20":"shipping-taxable","21":"purchasable","22":"product-type-simple"},"acf":[],"_links":{"self":[{"href":"https:\/\/yotavis.ch\/it\/wp-json\/wp\/v2\/product\/3732","targetHints":{"allow":["GET"]}}],"collection":[{"href":"https:\/\/yotavis.ch\/it\/wp-json\/wp\/v2\/product"}],"about":[{"href":"https:\/\/yotavis.ch\/it\/wp-json\/wp\/v2\/types\/product"}],"replies":[{"embeddable":true,"href":"https:\/\/yotavis.ch\/it\/wp-json\/wp\/v2\/comments?post=3732"}],"wp:featuredmedia":[{"embeddable":true,"href":"https:\/\/yotavis.ch\/it\/wp-json\/wp\/v2\/media\/6308"}],"wp:attachment":[{"href":"https:\/\/yotavis.ch\/it\/wp-json\/wp\/v2\/media?parent=3732"}],"wp:term":[{"taxonomy":"product_brand","embeddable":true,"href":"https:\/\/yotavis.ch\/it\/wp-json\/wp\/v2\/product_brand?post=3732"},{"taxonomy":"product_cat","embeddable":true,"href":"https:\/\/yotavis.ch\/it\/wp-json\/wp\/v2\/product_cat?post=3732"},{"taxonomy":"product_tag","embeddable":true,"href":"https:\/\/yotavis.ch\/it\/wp-json\/wp\/v2\/product_tag?post=3732"}],"curies":[{"name":"wp","href":"https:\/\/api.w.org\/{rel}","templated":true}]}}