{"id":3742,"date":"2025-10-09T00:00:00","date_gmt":"2025-10-08T22:00:00","guid":{"rendered":"https:\/\/yotavis.ch\/product\/sds6054l\/"},"modified":"2026-04-24T13:29:25","modified_gmt":"2026-04-24T11:29:25","slug":"sds6054l","status":"publish","type":"product","link":"https:\/\/yotavis.ch\/it\/prodotto\/sds6054l\/","title":{"rendered":"SDS6054L"},"content":{"rendered":"<p>L'SDS6054L di Siglent \u00e8 un dispositivo 1U con una risoluzione verticale di 8 bit e una larghezza di banda di 500 MHz su 4 canali. Ogni canale supporta una frequenza di campionamento di 5 GSa\/s, con una frequenza di campionamento equivalente di 10 GSa\/s in modalit\u00e0 ESR. Lo strumento offre una notevole profondit\u00e0 di memoria di 500 Mpt, che consente un'analisi dettagliata delle forme d'onda. Vanta una velocit\u00e0 di acquisizione delle forme d'onda di 170.000 forme d'onda al secondo, che facilita l'acquisizione rapida dei dati. Il dispositivo include 4 tracce MATH e supporta una FFT da 8 Mpts per l'elaborazione avanzata del segnale. L'SDS6054L non dispone di un'interfaccia touch screen. Questo modello \u00e8 stato progettato per gestire misure di segnali ad alta velocit\u00e0 con precisione ed efficienza.<\/p>","protected":false},"excerpt":{"rendered":"<p>1U; 8-bit\uff0c500 MHz; 4 channels; 5 GSa\/s (10 GSa\/s ESR) @ each channel; 500Mpts memory depth;  170,000 wfm\/s waveform capture rate; 4 MATH traces, 8 Mpts FFT;<\/p>","protected":false},"featured_media":6333,"comment_status":"closed","ping_status":"closed","template":"","meta":{"_acf_changed":false,"slim_seo":{"title":"SDS6054L - YOTAVIS AG","description":"1U; 8-bit\uff0c500 MHz; 4 canali; 5 GSa\/s (10 GSa\/s ESR) @ ogni canale; 500Mpts profondit\u00e0 di memoria; 170.000 wfm\/s velocit\u00e0 di acquisizione delle forme d'onda; 4 tracce MATH, 8 Mpts FFT;"}},"product_brand":[506],"product_cat":[507,539],"product_tag":[],"class_list":{"0":"post-3742","1":"product","2":"type-product","3":"status-publish","4":"has-post-thumbnail","6":"product_brand-siglent","7":"product_cat-oscilloscope","8":"product_cat-without-screen-en","9":"pa_bandwidth-mhz-83","10":"pa_channels-338","11":"pa_digital-channels-opt","12":"pa_memory-depht-mpts-77","13":"pa_sampling-rate-channels-ms-s-458","14":"pa_touch-screen-no","15":"pa_vertical-resolution-bits-340","17":"first","18":"instock","19":"taxable","20":"shipping-taxable","21":"purchasable","22":"product-type-simple"},"acf":[],"_links":{"self":[{"href":"https:\/\/yotavis.ch\/it\/wp-json\/wp\/v2\/product\/3742","targetHints":{"allow":["GET"]}}],"collection":[{"href":"https:\/\/yotavis.ch\/it\/wp-json\/wp\/v2\/product"}],"about":[{"href":"https:\/\/yotavis.ch\/it\/wp-json\/wp\/v2\/types\/product"}],"replies":[{"embeddable":true,"href":"https:\/\/yotavis.ch\/it\/wp-json\/wp\/v2\/comments?post=3742"}],"wp:featuredmedia":[{"embeddable":true,"href":"https:\/\/yotavis.ch\/it\/wp-json\/wp\/v2\/media\/6333"}],"wp:attachment":[{"href":"https:\/\/yotavis.ch\/it\/wp-json\/wp\/v2\/media?parent=3742"}],"wp:term":[{"taxonomy":"product_brand","embeddable":true,"href":"https:\/\/yotavis.ch\/it\/wp-json\/wp\/v2\/product_brand?post=3742"},{"taxonomy":"product_cat","embeddable":true,"href":"https:\/\/yotavis.ch\/it\/wp-json\/wp\/v2\/product_cat?post=3742"},{"taxonomy":"product_tag","embeddable":true,"href":"https:\/\/yotavis.ch\/it\/wp-json\/wp\/v2\/product_tag?post=3742"}],"curies":[{"name":"wp","href":"https:\/\/api.w.org\/{rel}","templated":true}]}}