{"id":3762,"date":"2025-10-09T00:00:00","date_gmt":"2025-10-08T22:00:00","guid":{"rendered":"https:\/\/yotavis.ch\/product\/sna5032a\/"},"modified":"2026-04-24T13:29:52","modified_gmt":"2026-04-24T11:29:52","slug":"sna5032a","status":"publish","type":"product","link":"https:\/\/yotavis.ch\/it\/prodotto\/sna5032a\/","title":{"rendered":"SNA5032A"},"content":{"rendered":"<p>Lo SNA5032A di Siglent opera in una gamma di frequenza compresa tra 100 kHz e 26,5 GHz e dispone di due porte per una connettivit\u00e0 versatile. Offre una risoluzione di frequenza di 1 Hz, consentendo misure di frequenza precise. La larghezza di banda della frequenza intermedia (IFBW) dello strumento va da 10 Hz a 3 MHz, per supportare diverse esigenze di misura. Ha una gamma dinamica di 125 dB, che gli consente di rilevare segnali in un ampio spettro di ampiezza. La gamma di livelli di uscita va da -55 dBm a +10 dBm, offrendo flessibilit\u00e0 nell'emissione del segnale. Il dispositivo \u00e8 dotato di un touch screen da 12,1 pollici che facilita l'interazione e il controllo da parte dell'utente. La capacit\u00e0 di frequenza massima \u00e8 di 26,5 GHz e la frequenza minima \u00e8 di 100 kHz, coprendo un ampio spettro per i test e le analisi. Questa combinazione di caratteristiche rende lo SNA5032A adatto a compiti dettagliati di analisi di frequenza e di segnale.<\/p>","protected":false},"excerpt":{"rendered":"<p>Frequency Range: 100 kHz~26.5 GHz, 2 ports\uff0cFrequencey Resolution 1 Hz, IFBW 10 Hz~3 MHz, Dynamic Range 125 dB, Output Level Range -55 dBm ~ +10 dBm, 12.1&#8221; Touch Screen<\/p>","protected":false},"featured_media":6388,"comment_status":"closed","ping_status":"closed","template":"","meta":{"_acf_changed":false,"slim_seo":{"title":"SNA5032A - YOTAVIS AG","description":"Frequency Range: 100 kHz~26.5 GHz, 2 ports\uff0cFrequencey Resolution 1 Hz, IFBW 10 Hz~3 MHz, Dynamic Range 125 dB, Output Level Range -55 dBm ~ +10 dBm, 12.1'' Touc"}},"product_brand":[506],"product_cat":[523,525],"product_tag":[],"class_list":{"0":"post-3762","1":"product","2":"type-product","3":"status-publish","4":"has-post-thumbnail","6":"product_brand-siglent","7":"product_cat-analyser","8":"product_cat-vna","9":"pa_dynamic-range-db-248","10":"pa_frequency-max-mhz-465","11":"pa_frequency-min-hz-250","12":"pa_handheld-no","13":"pa_ports-188","15":"first","16":"instock","17":"taxable","18":"shipping-taxable","19":"purchasable","20":"product-type-simple"},"acf":[],"_links":{"self":[{"href":"https:\/\/yotavis.ch\/it\/wp-json\/wp\/v2\/product\/3762","targetHints":{"allow":["GET"]}}],"collection":[{"href":"https:\/\/yotavis.ch\/it\/wp-json\/wp\/v2\/product"}],"about":[{"href":"https:\/\/yotavis.ch\/it\/wp-json\/wp\/v2\/types\/product"}],"replies":[{"embeddable":true,"href":"https:\/\/yotavis.ch\/it\/wp-json\/wp\/v2\/comments?post=3762"}],"wp:featuredmedia":[{"embeddable":true,"href":"https:\/\/yotavis.ch\/it\/wp-json\/wp\/v2\/media\/6388"}],"wp:attachment":[{"href":"https:\/\/yotavis.ch\/it\/wp-json\/wp\/v2\/media?parent=3762"}],"wp:term":[{"taxonomy":"product_brand","embeddable":true,"href":"https:\/\/yotavis.ch\/it\/wp-json\/wp\/v2\/product_brand?post=3762"},{"taxonomy":"product_cat","embeddable":true,"href":"https:\/\/yotavis.ch\/it\/wp-json\/wp\/v2\/product_cat?post=3762"},{"taxonomy":"product_tag","embeddable":true,"href":"https:\/\/yotavis.ch\/it\/wp-json\/wp\/v2\/product_tag?post=3762"}],"curies":[{"name":"wp","href":"https:\/\/api.w.org\/{rel}","templated":true}]}}