{"id":3792,"date":"2025-10-09T00:00:00","date_gmt":"2025-10-08T22:00:00","guid":{"rendered":"https:\/\/yotavis.ch\/product\/ssu5265a\/"},"modified":"2026-04-24T13:30:10","modified_gmt":"2026-04-24T11:30:10","slug":"ssu5265a","status":"publish","type":"product","link":"https:\/\/yotavis.ch\/it\/prodotto\/ssu5265a\/","title":{"rendered":"SSU5265A"},"content":{"rendered":"<p>L'SSU5265A di Siglent opera in una gamma di frequenze da CC a 26,5 GHz e comprende un interruttore meccanico SP6T. \u00c8 dotato di un connettore femmina SMA, comunemente utilizzato per le applicazioni RF. Questo prodotto \u00e8 progettato per gestire segnali ad alta frequenza fino a 26,5 GHz, rendendolo adatto a vari scenari di test e misura. Il commutatore meccanico consente percorsi multipli del segnale, migliorando la sua versatilit\u00e0 nell'instradamento del segnale. L'inclusione dell'interruttore SP6T indica la possibilit\u00e0 di selezionare tra sei diversi ingressi o uscite di segnale. Il connettore femmina SMA garantisce la compatibilit\u00e0 con un'ampia gamma di cavi e dispositivi RF. Questa combinazione di caratteristiche supporta una gestione precisa e affidabile dei segnali in ambienti ad alta frequenza.<\/p>","protected":false},"excerpt":{"rendered":"<p>DC-26,5GHz, incluso un interruttore meccanico SP6T, SMA femmina<\/p>","protected":false},"featured_media":6863,"comment_status":"closed","ping_status":"closed","template":"","meta":{"_acf_changed":false,"slim_seo":{"title":"SSU5265A - YOTAVIS AG","description":"DC-26,5GHz, incluso un interruttore meccanico SP6T, SMA femmina"}},"product_brand":[506],"product_cat":[526,540],"product_tag":[],"class_list":{"0":"post-3792","1":"product","2":"type-product","3":"status-publish","4":"has-post-thumbnail","6":"product_brand-siglent","7":"product_cat-accessories","8":"product_cat-others-accessories","10":"first","11":"instock","12":"taxable","13":"shipping-taxable","14":"purchasable","15":"product-type-simple"},"acf":[],"_links":{"self":[{"href":"https:\/\/yotavis.ch\/it\/wp-json\/wp\/v2\/product\/3792","targetHints":{"allow":["GET"]}}],"collection":[{"href":"https:\/\/yotavis.ch\/it\/wp-json\/wp\/v2\/product"}],"about":[{"href":"https:\/\/yotavis.ch\/it\/wp-json\/wp\/v2\/types\/product"}],"replies":[{"embeddable":true,"href":"https:\/\/yotavis.ch\/it\/wp-json\/wp\/v2\/comments?post=3792"}],"wp:featuredmedia":[{"embeddable":true,"href":"https:\/\/yotavis.ch\/it\/wp-json\/wp\/v2\/media\/6863"}],"wp:attachment":[{"href":"https:\/\/yotavis.ch\/it\/wp-json\/wp\/v2\/media?parent=3792"}],"wp:term":[{"taxonomy":"product_brand","embeddable":true,"href":"https:\/\/yotavis.ch\/it\/wp-json\/wp\/v2\/product_brand?post=3792"},{"taxonomy":"product_cat","embeddable":true,"href":"https:\/\/yotavis.ch\/it\/wp-json\/wp\/v2\/product_cat?post=3792"},{"taxonomy":"product_tag","embeddable":true,"href":"https:\/\/yotavis.ch\/it\/wp-json\/wp\/v2\/product_tag?post=3792"}],"curies":[{"name":"wp","href":"https:\/\/api.w.org\/{rel}","templated":true}]}}