{"id":3804,"date":"2025-10-09T00:00:00","date_gmt":"2025-10-08T22:00:00","guid":{"rendered":"https:\/\/yotavis.ch\/product\/sem5002a\/"},"modified":"2026-04-24T13:30:18","modified_gmt":"2026-04-24T11:30:18","slug":"sem5002a","status":"publish","type":"product","link":"https:\/\/yotavis.ch\/it\/prodotto\/sem5002a\/","title":{"rendered":"SEM5002A"},"content":{"rendered":"<p>Il SEM5002A di Siglent \u00e8 dotato di due porte e opera in un intervallo di frequenza compreso tra 9 kHz e 4,5 GHz. \u00c8 dotato di connettori SMA femmina, che garantiscono la compatibilit\u00e0 con una variet\u00e0 di configurazioni di test RF. Questo dispositivo \u00e8 stato progettato per gestire segnali in un ampio spettro, rendendolo adatto a diverse applicazioni che richiedono misure di frequenza precise. L'inclusione di due porte consente configurazioni di test e instradamento del segnale flessibili. La gamma di frequenze a partire da 9 kHz si estende fino a 4,5 GHz, coprendo sia i segnali a bassa che ad alta frequenza. I connettori femmina SMA forniscono una connessione sicura e affidabile per i segnali RF. Questo prodotto \u00e8 pensato per gli utenti che necessitano di una gestione accurata e stabile della frequenza all'interno dell'intervallo specificato.<\/p>","protected":false},"excerpt":{"rendered":"<p>2 porte, 9 kHz~4,5 GHz, SMA femmina<\/p>","protected":false},"featured_media":6894,"comment_status":"closed","ping_status":"closed","template":"","meta":{"_acf_changed":false,"slim_seo":{"title":"SEM5002A - YOTAVIS AG","description":"2 porte, 9 kHz~4,5 GHz, SMA femmina"}},"product_brand":[506],"product_cat":[526,528],"product_tag":[],"class_list":{"0":"post-3804","1":"product","2":"type-product","3":"status-publish","4":"has-post-thumbnail","6":"product_brand-siglent","7":"product_cat-accessories","8":"product_cat-calibration-kits","9":"pa_connector-sma","11":"first","12":"instock","13":"taxable","14":"shipping-taxable","15":"purchasable","16":"product-type-simple"},"acf":[],"_links":{"self":[{"href":"https:\/\/yotavis.ch\/it\/wp-json\/wp\/v2\/product\/3804","targetHints":{"allow":["GET"]}}],"collection":[{"href":"https:\/\/yotavis.ch\/it\/wp-json\/wp\/v2\/product"}],"about":[{"href":"https:\/\/yotavis.ch\/it\/wp-json\/wp\/v2\/types\/product"}],"replies":[{"embeddable":true,"href":"https:\/\/yotavis.ch\/it\/wp-json\/wp\/v2\/comments?post=3804"}],"wp:featuredmedia":[{"embeddable":true,"href":"https:\/\/yotavis.ch\/it\/wp-json\/wp\/v2\/media\/6894"}],"wp:attachment":[{"href":"https:\/\/yotavis.ch\/it\/wp-json\/wp\/v2\/media?parent=3804"}],"wp:term":[{"taxonomy":"product_brand","embeddable":true,"href":"https:\/\/yotavis.ch\/it\/wp-json\/wp\/v2\/product_brand?post=3804"},{"taxonomy":"product_cat","embeddable":true,"href":"https:\/\/yotavis.ch\/it\/wp-json\/wp\/v2\/product_cat?post=3804"},{"taxonomy":"product_tag","embeddable":true,"href":"https:\/\/yotavis.ch\/it\/wp-json\/wp\/v2\/product_tag?post=3804"}],"curies":[{"name":"wp","href":"https:\/\/api.w.org\/{rel}","templated":true}]}}