{"id":3807,"date":"2025-10-09T00:00:00","date_gmt":"2025-10-08T22:00:00","guid":{"rendered":"https:\/\/yotavis.ch\/product\/sem5032a\/"},"modified":"2026-04-24T13:30:21","modified_gmt":"2026-04-24T11:30:21","slug":"sem5032a","status":"publish","type":"product","link":"https:\/\/yotavis.ch\/it\/prodotto\/sem5032a\/","title":{"rendered":"SEM5032A"},"content":{"rendered":"<p>Il SEM5032A di Siglent \u00e8 dotato di due porte e opera in una gamma di frequenza compresa tra 100 kHz e 26,5 GHz. \u00c8 dotato di connettori femmina da 3,5 mm che consentono connessioni affidabili e sicure. Questo prodotto \u00e8 progettato per gestire un ampio spettro di segnali, rendendolo adatto a varie applicazioni che richiedono misure ad alta frequenza. La costruzione e le specifiche del dispositivo si concentrano sulla gestione precisa della frequenza. Grazie alla sua configurazione a doppia porta, supporta configurazioni di test versatili. Il SEM5032A fa parte della gamma Siglent, nota per le apparecchiature tecniche progettate per l'analisi della frequenza e la misurazione dei segnali.<\/p>","protected":false},"excerpt":{"rendered":"<p>2 porte, 100 kHz~26,5 GHz, 3,5 mm femmina<\/p>","protected":false},"featured_media":6899,"comment_status":"closed","ping_status":"closed","template":"","meta":{"_acf_changed":false,"slim_seo":{"title":"SEM5032A - YOTAVIS AG","description":"2 porte, 100 kHz~26,5 GHz, 3,5 mm femmina"}},"product_brand":[506],"product_cat":[526,528],"product_tag":[],"class_list":{"0":"post-3807","1":"product","2":"type-product","3":"status-publish","4":"has-post-thumbnail","6":"product_brand-siglent","7":"product_cat-accessories","8":"product_cat-calibration-kits","9":"pa_connector-35mm","11":"first","12":"instock","13":"taxable","14":"shipping-taxable","15":"purchasable","16":"product-type-simple"},"acf":[],"_links":{"self":[{"href":"https:\/\/yotavis.ch\/it\/wp-json\/wp\/v2\/product\/3807","targetHints":{"allow":["GET"]}}],"collection":[{"href":"https:\/\/yotavis.ch\/it\/wp-json\/wp\/v2\/product"}],"about":[{"href":"https:\/\/yotavis.ch\/it\/wp-json\/wp\/v2\/types\/product"}],"replies":[{"embeddable":true,"href":"https:\/\/yotavis.ch\/it\/wp-json\/wp\/v2\/comments?post=3807"}],"wp:featuredmedia":[{"embeddable":true,"href":"https:\/\/yotavis.ch\/it\/wp-json\/wp\/v2\/media\/6899"}],"wp:attachment":[{"href":"https:\/\/yotavis.ch\/it\/wp-json\/wp\/v2\/media?parent=3807"}],"wp:term":[{"taxonomy":"product_brand","embeddable":true,"href":"https:\/\/yotavis.ch\/it\/wp-json\/wp\/v2\/product_brand?post=3807"},{"taxonomy":"product_cat","embeddable":true,"href":"https:\/\/yotavis.ch\/it\/wp-json\/wp\/v2\/product_cat?post=3807"},{"taxonomy":"product_tag","embeddable":true,"href":"https:\/\/yotavis.ch\/it\/wp-json\/wp\/v2\/product_tag?post=3807"}],"curies":[{"name":"wp","href":"https:\/\/api.w.org\/{rel}","templated":true}]}}