{"id":3822,"date":"2025-10-09T00:00:00","date_gmt":"2025-10-08T22:00:00","guid":{"rendered":"https:\/\/yotavis.ch\/product\/sdg7052a\/"},"modified":"2026-04-24T13:30:30","modified_gmt":"2026-04-24T11:30:30","slug":"sdg7052a","status":"publish","type":"product","link":"https:\/\/yotavis.ch\/it\/prodotto\/sdg7052a\/","title":{"rendered":"SDG7052A"},"content":{"rendered":"<p>L'SDG7052A di Siglent ha una frequenza massima di 500 MHz e offre due canali di uscita differenziali o single-ended. Supporta un'elevata frequenza di campionamento di 5 GSa\/s e offre una risoluzione verticale di 14 bit per una generazione precisa del segnale. La lunghezza della forma d'onda arbitraria varia da 64 punti a 512 milioni di punti, consentendo un'ampia personalizzazione della forma d'onda. Questo modello include un touch screen da 5 pollici per un funzionamento semplice. Il dispositivo supporta le funzioni sweep e burst, aumentando la sua versatilit\u00e0 in varie applicazioni. Ha una frequenza di campionamento di 2500 MS\/s e una profondit\u00e0 di memoria di 512 Mpt, che consente di memorizzare e riprodurre forme d'onda dettagliate. Il tempo di transizione minimo \u00e8 di 0,5 ns e la larghezza minima dell'impulso \u00e8 di 1 ns, per supportare transizioni di segnale ad alta velocit\u00e0. L'ampiezza massima di uscita \u00e8 di 6 V.<\/p>","protected":false},"excerpt":{"rendered":"<p>500MHz; 2 canali di uscita differenziali\/ single ended; frequenza di campionamento di 5 GSa\/s; risoluzione verticale di 14 bit; lunghezza della forma d'onda Arb: 64 pts ~ 512 Mpts; touch screen da 5 pollici<\/p>","protected":false},"featured_media":6924,"comment_status":"closed","ping_status":"closed","template":"","meta":{"_acf_changed":false,"slim_seo":{"title":"SDG7052A - YOTAVIS AG","description":"500MHz; 2 differential\/single ended output channels; 5 GSa\/s sampling rate; 14-bit vertical resolution; Arb-Waveform length: 64 pts ~ 512 Mpts; 5 inch touch scr"}},"product_brand":[506],"product_cat":[541,513],"product_tag":[],"class_list":{"0":"post-3822","1":"product","2":"type-product","3":"status-publish","4":"has-post-thumbnail","6":"product_brand-siglent","7":"product_cat-awg","8":"product_cat-generator","9":"pa_amplitude-v-262","10":"pa_burst-yes","11":"pa_channels-350","12":"pa_frequency-mhz-139","13":"pa_memory-mpts-264","14":"pa_pulse-width-min-ns-266","15":"pa_sampling-rate-ms-s-263","16":"pa_sweep-yes","17":"pa_transition-time-min-ns-0-5","18":"pa_vertical-resolution-bits-113","20":"first","21":"instock","22":"taxable","23":"shipping-taxable","24":"purchasable","25":"product-type-simple"},"acf":[],"_links":{"self":[{"href":"https:\/\/yotavis.ch\/it\/wp-json\/wp\/v2\/product\/3822","targetHints":{"allow":["GET"]}}],"collection":[{"href":"https:\/\/yotavis.ch\/it\/wp-json\/wp\/v2\/product"}],"about":[{"href":"https:\/\/yotavis.ch\/it\/wp-json\/wp\/v2\/types\/product"}],"replies":[{"embeddable":true,"href":"https:\/\/yotavis.ch\/it\/wp-json\/wp\/v2\/comments?post=3822"}],"wp:featuredmedia":[{"embeddable":true,"href":"https:\/\/yotavis.ch\/it\/wp-json\/wp\/v2\/media\/6924"}],"wp:attachment":[{"href":"https:\/\/yotavis.ch\/it\/wp-json\/wp\/v2\/media?parent=3822"}],"wp:term":[{"taxonomy":"product_brand","embeddable":true,"href":"https:\/\/yotavis.ch\/it\/wp-json\/wp\/v2\/product_brand?post=3822"},{"taxonomy":"product_cat","embeddable":true,"href":"https:\/\/yotavis.ch\/it\/wp-json\/wp\/v2\/product_cat?post=3822"},{"taxonomy":"product_tag","embeddable":true,"href":"https:\/\/yotavis.ch\/it\/wp-json\/wp\/v2\/product_tag?post=3822"}],"curies":[{"name":"wp","href":"https:\/\/api.w.org\/{rel}","templated":true}]}}