{"id":3834,"date":"2025-10-09T00:00:00","date_gmt":"2025-10-08T22:00:00","guid":{"rendered":"https:\/\/yotavis.ch\/product\/ssg6082a-v\/"},"modified":"2026-04-24T13:30:46","modified_gmt":"2026-04-24T11:30:46","slug":"ssg6082a-v","status":"publish","type":"product","link":"https:\/\/yotavis.ch\/it\/prodotto\/ssg6082a-v\/","title":{"rendered":"SSG6082A-V"},"content":{"rendered":"<p>Il Siglent SSG6082A-V offre una gamma di frequenze di uscita in modalit\u00e0 CW da 9 kHz a 8 GHz e in modalit\u00e0 IQ da 10 MHz a 8 GHz. Presenta un rumore di fase tipico di -132 dBc\/Hz con un offset di 10 kHz quando opera a 1 GHz. La larghezza di banda RF interna per i segnali I+Q \u00e8 di 500 MHz e supporta un'ampia gamma di applicazioni di generazione di segnali. Il dispositivo opera con una frequenza massima di 8000 MHz e pu\u00f2 fornire un'ampiezza fino a 30 dBm. Inoltre, la larghezza di banda IQ \u00e8 specificata a 1000 MHz, consentendo un'uscita del segnale ad alta fedelt\u00e0. Queste specifiche rendono l'SSG6082A-V adatto a vari scenari di test e misurazione che richiedono caratteristiche precise di rumore di frequenza e di fase.<\/p>","protected":false},"excerpt":{"rendered":"<p>Gamma di frequenza di uscita: Modalit\u00e0 CW 9 kHz ~ 8 GHz, modalit\u00e0 IQ 10 MHz ~ 8 GHz, rumore di fase: -132 dBc\/Hz offset 10 kHz @1 GHz (tipico), larghezza di banda RF interna (I+Q) 500 MHz<\/p>","protected":false},"featured_media":6960,"comment_status":"closed","ping_status":"closed","template":"","meta":{"_acf_changed":false,"slim_seo":{"title":"SSG6082A-V - YOTAVIS AG","description":"Gamma di frequenza di uscita: Modalit\u00e0 CW 9 kHz ~ 8 GHz, modalit\u00e0 IQ 10 MHz ~ 8 GHz, rumore di fase: -132 dBc\/Hz offset 10 kHz @1 GHz (tipico), larghezza di banda RF interna (I+Q) 500 MHz"}},"product_brand":[506],"product_cat":[513,522],"product_tag":[],"class_list":{"0":"post-3834","1":"product","2":"type-product","3":"status-publish","4":"has-post-thumbnail","6":"product_brand-siglent","7":"product_cat-generator","8":"product_cat-rf-vector-generator","9":"pa_amplitude-dbm-276","10":"pa_channels-384","11":"pa_frequency-mhz-275","12":"pa_iq-bandwidth-mhz-471","14":"first","15":"instock","16":"taxable","17":"shipping-taxable","18":"purchasable","19":"product-type-simple"},"acf":[],"_links":{"self":[{"href":"https:\/\/yotavis.ch\/it\/wp-json\/wp\/v2\/product\/3834","targetHints":{"allow":["GET"]}}],"collection":[{"href":"https:\/\/yotavis.ch\/it\/wp-json\/wp\/v2\/product"}],"about":[{"href":"https:\/\/yotavis.ch\/it\/wp-json\/wp\/v2\/types\/product"}],"replies":[{"embeddable":true,"href":"https:\/\/yotavis.ch\/it\/wp-json\/wp\/v2\/comments?post=3834"}],"wp:featuredmedia":[{"embeddable":true,"href":"https:\/\/yotavis.ch\/it\/wp-json\/wp\/v2\/media\/6960"}],"wp:attachment":[{"href":"https:\/\/yotavis.ch\/it\/wp-json\/wp\/v2\/media?parent=3834"}],"wp:term":[{"taxonomy":"product_brand","embeddable":true,"href":"https:\/\/yotavis.ch\/it\/wp-json\/wp\/v2\/product_brand?post=3834"},{"taxonomy":"product_cat","embeddable":true,"href":"https:\/\/yotavis.ch\/it\/wp-json\/wp\/v2\/product_cat?post=3834"},{"taxonomy":"product_tag","embeddable":true,"href":"https:\/\/yotavis.ch\/it\/wp-json\/wp\/v2\/product_tag?post=3834"}],"curies":[{"name":"wp","href":"https:\/\/api.w.org\/{rel}","templated":true}]}}