{"id":3836,"date":"2025-10-09T00:00:00","date_gmt":"2025-10-08T22:00:00","guid":{"rendered":"https:\/\/yotavis.ch\/product\/sha862a\/"},"modified":"2026-04-24T13:30:50","modified_gmt":"2026-04-24T11:30:50","slug":"sha862a","status":"publish","type":"product","link":"https:\/\/yotavis.ch\/it\/prodotto\/sha862a\/","title":{"rendered":"SHA862A"},"content":{"rendered":"<p>L'SHA862A di Siglent \u00e8 un analizzatore di spettro portatile con una gamma di frequenza che va da 9 kHz a 7,5 GHz. \u00c8 dotato di un livello di rumore medio visualizzato di -165 dBm\/Hz, che consente un'analisi dettagliata del segnale. Il dispositivo offre un rumore di fase a banda laterale singola (SSB) di -104 dBc\/Hz a 1 GHz con un offset di 10 kHz, garantendo una misurazione precisa del rumore di fase. Supporta larghezze di banda di analisi di 40 MHz e 110 MHz, consentendo un esame flessibile del segnale. L'analizzatore di spettro include un preamplificatore standard per migliorare le capacit\u00e0 di rilevamento del segnale. Un touch screen da 8,4 pollici funge da interfaccia utente, facilitando il funzionamento e la navigazione. L'unit\u00e0 \u00e8 progettata per la portabilit\u00e0 con un fattore di forma portatile e fornisce circa 2,5 ore di lavoro con una singola carica.<\/p>","protected":false},"excerpt":{"rendered":"<p>9 kHz~7.5 GHz handheld spectrum analyzer\uff0c -165 dBm\/Hz Displayed Average Noise Level (Typ.), SSB Phase Noise -104 dBc\/Hz.@1 GHz, 10 kHz offset\uff0cAnalysis Bandwidth 40\/110 MHz\uff0cstandard preamplifier, 8.4&#8221; touch screen, 2.5 hours working time<\/p>","protected":false},"featured_media":6969,"comment_status":"closed","ping_status":"closed","template":"","meta":{"_acf_changed":false,"slim_seo":{"title":"SHA862A - YOTAVIS AG","description":"9 kHz~7.5 GHz handheld spectrum analyzer\uff0c -165 dBm\/Hz Displayed Average Noise Level (Typ.), SSB Phase Noise -104 dBc\/Hz.@1 GHz, 10 kHz offset\uff0cAnalysis Bandwidth"}},"product_brand":[506],"product_cat":[523,524],"product_tag":[],"class_list":{"0":"post-3836","1":"product","2":"type-product","3":"status-publish","4":"has-post-thumbnail","6":"product_brand-siglent","7":"product_cat-analyser","8":"product_cat-signal-spectrum-analyser","9":"pa_analysis-bandwidth-mhz-277","10":"pa_danl-dbm-hz-184","11":"pa_frequency-max-mhz-431","12":"pa_frequency-min-hz-177","13":"pa_handheld-yes","14":"pa_rtsa-opt","16":"first","17":"instock","18":"taxable","19":"shipping-taxable","20":"purchasable","21":"product-type-simple"},"acf":[],"_links":{"self":[{"href":"https:\/\/yotavis.ch\/it\/wp-json\/wp\/v2\/product\/3836","targetHints":{"allow":["GET"]}}],"collection":[{"href":"https:\/\/yotavis.ch\/it\/wp-json\/wp\/v2\/product"}],"about":[{"href":"https:\/\/yotavis.ch\/it\/wp-json\/wp\/v2\/types\/product"}],"replies":[{"embeddable":true,"href":"https:\/\/yotavis.ch\/it\/wp-json\/wp\/v2\/comments?post=3836"}],"wp:featuredmedia":[{"embeddable":true,"href":"https:\/\/yotavis.ch\/it\/wp-json\/wp\/v2\/media\/6969"}],"wp:attachment":[{"href":"https:\/\/yotavis.ch\/it\/wp-json\/wp\/v2\/media?parent=3836"}],"wp:term":[{"taxonomy":"product_brand","embeddable":true,"href":"https:\/\/yotavis.ch\/it\/wp-json\/wp\/v2\/product_brand?post=3836"},{"taxonomy":"product_cat","embeddable":true,"href":"https:\/\/yotavis.ch\/it\/wp-json\/wp\/v2\/product_cat?post=3836"},{"taxonomy":"product_tag","embeddable":true,"href":"https:\/\/yotavis.ch\/it\/wp-json\/wp\/v2\/product_tag?post=3836"}],"curies":[{"name":"wp","href":"https:\/\/api.w.org\/{rel}","templated":true}]}}