{"id":3848,"date":"2025-10-09T00:00:00","date_gmt":"2025-10-08T22:00:00","guid":{"rendered":"https:\/\/yotavis.ch\/product\/zs1500\/"},"modified":"2026-04-24T13:31:05","modified_gmt":"2026-04-24T11:31:05","slug":"zs1500","status":"publish","type":"product","link":"https:\/\/yotavis.ch\/it\/prodotto\/zs1500\/","title":{"rendered":"ZS1500"},"content":{"rendered":"<p>Lo ZS1500 di Teledyne Lecroy \u00e8 una sonda di tensione attiva con una larghezza di banda di 1,5 GHz e una capacit\u00e0 di ingresso di 0,9 pF. Presenta un'elevata resistenza di ingresso di 1 Mega-\u03a9, che la rende adatta a misure di tensione precise. La sonda ha una tensione massima di 8 volt e pu\u00f2 gestire una gamma di livelli di segnale entro questo limite. Si interfaccia direttamente con le apparecchiature LeCroy, garantendo compatibilit\u00e0 e facilit\u00e0 di integrazione. Il progetto \u00e8 incentrato sulla fornitura di letture di tensione accurate ad alte frequenze, supportate da una notevole larghezza di banda. Questa sonda \u00e8 ideale per le applicazioni che richiedono un'analisi dettagliata dei segnali a frequenze fino a 1,5 GHz.<\/p>","protected":false},"excerpt":{"rendered":"<p>1,5 GHz, 0,9 pF, 1 Mega-\u03a9 Sonda di tensione attiva<\/p>","protected":false},"featured_media":6998,"comment_status":"closed","ping_status":"closed","template":"","meta":{"_acf_changed":false,"slim_seo":{"title":"ZS1500 - YOTAVIS AG","description":"1,5 GHz, 0,9 pF, 1 Mega-\u03a9 Sonda di tensione attiva"}},"product_brand":[542],"product_cat":[511,509],"product_tag":[],"class_list":{"0":"post-3848","1":"product","2":"type-product","3":"status-publish","4":"has-post-thumbnail","6":"product_brand-lecroy","7":"product_cat-active-probes-en","8":"product_cat-probes-en","9":"pa_bandwidth-mhz-240","10":"pa_imax-ac-a-1019","11":"pa_interface-lecroy","12":"pa_voltage-max-v-86","14":"first","15":"instock","16":"taxable","17":"shipping-taxable","18":"purchasable","19":"product-type-simple"},"acf":[],"_links":{"self":[{"href":"https:\/\/yotavis.ch\/it\/wp-json\/wp\/v2\/product\/3848","targetHints":{"allow":["GET"]}}],"collection":[{"href":"https:\/\/yotavis.ch\/it\/wp-json\/wp\/v2\/product"}],"about":[{"href":"https:\/\/yotavis.ch\/it\/wp-json\/wp\/v2\/types\/product"}],"replies":[{"embeddable":true,"href":"https:\/\/yotavis.ch\/it\/wp-json\/wp\/v2\/comments?post=3848"}],"wp:featuredmedia":[{"embeddable":true,"href":"https:\/\/yotavis.ch\/it\/wp-json\/wp\/v2\/media\/6998"}],"wp:attachment":[{"href":"https:\/\/yotavis.ch\/it\/wp-json\/wp\/v2\/media?parent=3848"}],"wp:term":[{"taxonomy":"product_brand","embeddable":true,"href":"https:\/\/yotavis.ch\/it\/wp-json\/wp\/v2\/product_brand?post=3848"},{"taxonomy":"product_cat","embeddable":true,"href":"https:\/\/yotavis.ch\/it\/wp-json\/wp\/v2\/product_cat?post=3848"},{"taxonomy":"product_tag","embeddable":true,"href":"https:\/\/yotavis.ch\/it\/wp-json\/wp\/v2\/product_tag?post=3848"}],"curies":[{"name":"wp","href":"https:\/\/api.w.org\/{rel}","templated":true}]}}