{"id":3858,"date":"2025-10-09T00:00:00","date_gmt":"2025-10-08T22:00:00","guid":{"rendered":"https:\/\/yotavis.ch\/product\/ppe6kv-a\/"},"modified":"2026-04-24T13:31:08","modified_gmt":"2026-04-24T11:31:08","slug":"ppe6kv-a","status":"publish","type":"product","link":"https:\/\/yotavis.ch\/it\/prodotto\/ppe6kv-a\/","title":{"rendered":"PPE6KV-A"},"content":{"rendered":"<p>Il PPE6KV-A \u00e8 una sonda passiva ad alta tensione progettata da Teledyne Lecroy, con una larghezza di banda di 500 MHz. \u00c8 in grado di gestire una tensione massima di 2000 V, rendendola adatta ad applicazioni ad alta tensione. La sonda utilizza un'interfaccia universale che consente la compatibilit\u00e0 con una vasta gamma di apparecchiature. Questo modello \u00e8 progettato per supportare segnali fino a 6 kV, garantendo prestazioni affidabili in ambienti difficili. Il suo design \u00e8 incentrato sul funzionamento passivo, che in genere non prevede l'uso di componenti attivi, contribuendo alla sua robustezza e semplicit\u00e0. La combinazione di elevata capacit\u00e0 di tensione e ampia larghezza di banda rende questa sonda uno strumento specializzato per attivit\u00e0 di misura precise. Il PPE6KV-A \u00e8 destinato all'uso in scenari in cui \u00e8 richiesto un accurato rilevamento di segnali ad alta tensione.<\/p>","protected":false},"excerpt":{"rendered":"<p>Sonda passiva ad alta tensione da 6kV, 500 MHz<\/p>","protected":false},"featured_media":7016,"comment_status":"closed","ping_status":"closed","template":"","meta":{"_acf_changed":false,"slim_seo":{"title":"PPE6KV-A - YOTAVIS AG","description":"Sonda passiva ad alta tensione da 6kV, 500 MHz"}},"product_brand":[542],"product_cat":[537,509],"product_tag":[],"class_list":{"0":"post-3858","1":"product","2":"type-product","3":"status-publish","4":"has-post-thumbnail","6":"product_brand-lecroy","7":"product_cat-high-voltage-probes-en","8":"product_cat-probes-en","9":"pa_bandwidth-mhz-83","10":"pa_imax-ac-a-1019","11":"pa_interface-universal","12":"pa_voltage-max-v-283","14":"first","15":"instock","16":"taxable","17":"shipping-taxable","18":"purchasable","19":"product-type-simple"},"acf":[],"_links":{"self":[{"href":"https:\/\/yotavis.ch\/it\/wp-json\/wp\/v2\/product\/3858","targetHints":{"allow":["GET"]}}],"collection":[{"href":"https:\/\/yotavis.ch\/it\/wp-json\/wp\/v2\/product"}],"about":[{"href":"https:\/\/yotavis.ch\/it\/wp-json\/wp\/v2\/types\/product"}],"replies":[{"embeddable":true,"href":"https:\/\/yotavis.ch\/it\/wp-json\/wp\/v2\/comments?post=3858"}],"wp:featuredmedia":[{"embeddable":true,"href":"https:\/\/yotavis.ch\/it\/wp-json\/wp\/v2\/media\/7016"}],"wp:attachment":[{"href":"https:\/\/yotavis.ch\/it\/wp-json\/wp\/v2\/media?parent=3858"}],"wp:term":[{"taxonomy":"product_brand","embeddable":true,"href":"https:\/\/yotavis.ch\/it\/wp-json\/wp\/v2\/product_brand?post=3858"},{"taxonomy":"product_cat","embeddable":true,"href":"https:\/\/yotavis.ch\/it\/wp-json\/wp\/v2\/product_cat?post=3858"},{"taxonomy":"product_tag","embeddable":true,"href":"https:\/\/yotavis.ch\/it\/wp-json\/wp\/v2\/product_tag?post=3858"}],"curies":[{"name":"wp","href":"https:\/\/api.w.org\/{rel}","templated":true}]}}