{"id":3907,"date":"2025-10-09T00:00:00","date_gmt":"2025-10-08T22:00:00","guid":{"rendered":"https:\/\/yotavis.ch\/product\/t3dso2000-ls\/"},"modified":"2026-04-24T13:31:44","modified_gmt":"2026-04-24T11:31:44","slug":"t3dso2000-ls","status":"publish","type":"product","link":"https:\/\/yotavis.ch\/it\/prodotto\/t3dso2000-ls\/","title":{"rendered":"T3DSO2000-LS"},"content":{"rendered":"<p>Il T3DSO2000-LS \u00e8 un set di sonde logiche progettato da Teledyne Lecroy che dispone di 16 canali e funziona con una frequenza di campionamento di 500 MSa\/s. Include una profondit\u00e0 di memoria di 14 Mpt, che consente un'ampia acquisizione di dati durante i test e le analisi. Per funzionare correttamente, questo set di sonde richiede l'opzione MSO per la serie T3DSO2000A. Il dispositivo \u00e8 stato concepito per l'uso con oscilloscopi a segnale misto e offre capacit\u00e0 di analisi logica dettagliata. La configurazione a 16 canali supporta il monitoraggio completo del segnale su pi\u00f9 linee contemporaneamente. L'elevata frequenza di campionamento garantisce misure di temporizzazione e integrit\u00e0 del segnale accurate. La profondit\u00e0 di memoria supporta lunghi tempi di acquisizione, essenziali per catturare comportamenti complessi dei segnali per periodi prolungati. Questo set di sonde logiche \u00e8 uno strumento specializzato per la diagnostica elettronica avanzata e la risoluzione dei problemi.<\/p>","protected":false},"excerpt":{"rendered":"<p>Set di sonde logiche MSO, 16 canali, 500 MSa\/s, 14 Mpt (richiede l'opzione MSO per la serie T3DSO2000A)<\/p>","protected":false},"featured_media":7117,"comment_status":"closed","ping_status":"closed","template":"","meta":{"_acf_changed":false,"slim_seo":{"title":"T3DSO2000-LS - YOTAVIS AG","description":"Set di sonde logiche MSO, 16 canali, 500 MSa\/s, 14 Mpt (richiede l'opzione MSO per la serie T3DSO2000A)"}},"product_brand":[542],"product_cat":[510,509],"product_tag":[],"class_list":{"0":"post-3907","1":"product","2":"type-product","3":"status-publish","4":"has-post-thumbnail","6":"product_brand-lecroy","7":"product_cat-others-en","8":"product_cat-probes-en","9":"pa_imax-ac-a-1019","11":"first","12":"instock","13":"taxable","14":"shipping-taxable","15":"purchasable","16":"product-type-simple"},"acf":[],"_links":{"self":[{"href":"https:\/\/yotavis.ch\/it\/wp-json\/wp\/v2\/product\/3907","targetHints":{"allow":["GET"]}}],"collection":[{"href":"https:\/\/yotavis.ch\/it\/wp-json\/wp\/v2\/product"}],"about":[{"href":"https:\/\/yotavis.ch\/it\/wp-json\/wp\/v2\/types\/product"}],"replies":[{"embeddable":true,"href":"https:\/\/yotavis.ch\/it\/wp-json\/wp\/v2\/comments?post=3907"}],"wp:featuredmedia":[{"embeddable":true,"href":"https:\/\/yotavis.ch\/it\/wp-json\/wp\/v2\/media\/7117"}],"wp:attachment":[{"href":"https:\/\/yotavis.ch\/it\/wp-json\/wp\/v2\/media?parent=3907"}],"wp:term":[{"taxonomy":"product_brand","embeddable":true,"href":"https:\/\/yotavis.ch\/it\/wp-json\/wp\/v2\/product_brand?post=3907"},{"taxonomy":"product_cat","embeddable":true,"href":"https:\/\/yotavis.ch\/it\/wp-json\/wp\/v2\/product_cat?post=3907"},{"taxonomy":"product_tag","embeddable":true,"href":"https:\/\/yotavis.ch\/it\/wp-json\/wp\/v2\/product_tag?post=3907"}],"curies":[{"name":"wp","href":"https:\/\/api.w.org\/{rel}","templated":true}]}}