{"id":3917,"date":"2025-10-09T00:00:00","date_gmt":"2025-10-08T22:00:00","guid":{"rendered":"https:\/\/yotavis.ch\/product\/t3dso2204hd\/"},"modified":"2026-04-24T13:31:50","modified_gmt":"2026-04-24T11:31:50","slug":"t3dso2204hd","status":"publish","type":"product","link":"https:\/\/yotavis.ch\/it\/prodotto\/t3dso2204hd\/","title":{"rendered":"T3DSO2204HD"},"content":{"rendered":"<p>Il T3DSO2204HD di Teledyne Lecroy \u00e8 un oscilloscopio digitale a memoria completamente caricato, dotato di quattro canali con una larghezza di banda di 200 MHz. Offre una frequenza di campionamento massima di 2 GS\/s quando \u00e8 interlacciato, con ciascun canale in grado di campionare a 1000 MS\/s. Il dispositivo dispone di una profondit\u00e0 di memoria di 200 Mpt quando \u00e8 interlacciato e di 100 Mpt per canale, consentendo un'ampia acquisizione di dati. Ha una risoluzione verticale di 12 bit, che supporta l'analisi dettagliata del segnale. L'oscilloscopio include un'interfaccia touch screen per l'interazione con l'utente. Non dispone di canali digitali ed \u00e8 progettato per gestire segnali fino a 200 MHz. Questo modello \u00e8 adatto ad applicazioni che richiedono l'acquisizione di dati ad alta velocit\u00e0 e l'analisi dettagliata delle forme d'onda su pi\u00f9 canali.<\/p>","protected":false},"excerpt":{"rendered":"<p>200 MHz, 2 GS\/s interleaved, 4 CH, 200 Mpts\/Ch interleaved, DSO completamente caricato<\/p>","protected":false},"featured_media":7135,"comment_status":"closed","ping_status":"closed","template":"","meta":{"_acf_changed":false,"slim_seo":{"title":"T3DSO2204HD - YOTAVIS AG","description":"200 MHz, 2 GS\/s interleaved, 4 CH, 200 Mpts\/Ch interleaved, DSO completamente caricato"}},"product_brand":[542],"product_cat":[508,507],"product_tag":[],"class_list":{"0":"post-3917","1":"product","2":"type-product","3":"status-publish","4":"has-post-thumbnail","6":"product_brand-lecroy","7":"product_cat-desktop-en","8":"product_cat-oscilloscope","9":"pa_bandwidth-mhz-92","10":"pa_channels-338","11":"pa_digital-channels-no","12":"pa_imax-ac-a-1019","13":"pa_memory-depht-mpts-93","14":"pa_sampling-rate-channels-ms-s-349","15":"pa_touch-screen-yes","16":"pa_vertical-resolution-bits-348","18":"first","19":"instock","20":"taxable","21":"shipping-taxable","22":"purchasable","23":"product-type-simple"},"acf":[],"_links":{"self":[{"href":"https:\/\/yotavis.ch\/it\/wp-json\/wp\/v2\/product\/3917","targetHints":{"allow":["GET"]}}],"collection":[{"href":"https:\/\/yotavis.ch\/it\/wp-json\/wp\/v2\/product"}],"about":[{"href":"https:\/\/yotavis.ch\/it\/wp-json\/wp\/v2\/types\/product"}],"replies":[{"embeddable":true,"href":"https:\/\/yotavis.ch\/it\/wp-json\/wp\/v2\/comments?post=3917"}],"wp:featuredmedia":[{"embeddable":true,"href":"https:\/\/yotavis.ch\/it\/wp-json\/wp\/v2\/media\/7135"}],"wp:attachment":[{"href":"https:\/\/yotavis.ch\/it\/wp-json\/wp\/v2\/media?parent=3917"}],"wp:term":[{"taxonomy":"product_brand","embeddable":true,"href":"https:\/\/yotavis.ch\/it\/wp-json\/wp\/v2\/product_brand?post=3917"},{"taxonomy":"product_cat","embeddable":true,"href":"https:\/\/yotavis.ch\/it\/wp-json\/wp\/v2\/product_cat?post=3917"},{"taxonomy":"product_tag","embeddable":true,"href":"https:\/\/yotavis.ch\/it\/wp-json\/wp\/v2\/product_tag?post=3917"}],"curies":[{"name":"wp","href":"https:\/\/api.w.org\/{rel}","templated":true}]}}