{"id":3937,"date":"2025-10-09T00:00:00","date_gmt":"2025-10-08T22:00:00","guid":{"rendered":"https:\/\/yotavis.ch\/product\/t3mil50x\/"},"modified":"2026-04-24T13:31:59","modified_gmt":"2026-04-24T11:31:59","slug":"t3mil50x","status":"publish","type":"product","link":"https:\/\/yotavis.ch\/it\/prodotto\/t3mil50x\/","title":{"rendered":"T3MIL50X"},"content":{"rendered":"<p>Il T3MIL50X di Teledyne Lecroy \u00e8 un misuratore di milli-\u03a9 in corrente continua progettato con caratteristiche avanzate per fornire misure di resistenza precise fino a 5 M\u03a9. Utilizza una tecnica di misura a 4 fili, che migliora la precisione riducendo al minimo gli effetti della resistenza dei conduttori e dei contatti. Questo dispositivo supporta diverse interfacce di comunicazione, tra cui Handler, RS-232C, dispositivo USB e GPIB, consentendo una connettivit\u00e0 versatile e il funzionamento a distanza. \u00c8 inclusa la funzionalit\u00e0 di controllo remoto, che consente agli utenti di utilizzare il misuratore a distanza per comodit\u00e0 e integrazione nei sistemi di test automatizzati. La combinazione di queste caratteristiche rende il T3MIL50X adatto alle applicazioni che richiedono misure dettagliate e affidabili di bassa resistenza con opzioni di controllo flessibili.<\/p>","protected":false},"excerpt":{"rendered":"<p>Misuratore di milli-\u03a9 D.C. con funzioni avanzate, a 4 fili, dispositivo di gestione\/RS-232C\/USB\/GPIB<\/p>","protected":false},"featured_media":7171,"comment_status":"closed","ping_status":"closed","template":"","meta":{"_acf_changed":false,"slim_seo":{"title":"T3MIL50X - YOTAVIS AG","description":"Misuratore di milli-\u03a9 D.C. con funzioni avanzate, a 4 fili, dispositivo di gestione\/RS-232C\/USB\/GPIB"}},"product_brand":[542],"product_cat":[518,538],"product_tag":[],"class_list":{"0":"post-3937","1":"product","2":"type-product","3":"status-publish","4":"has-post-thumbnail","6":"product_brand-lecroy","7":"product_cat-meters","8":"product_cat-others-meters","9":"pa_imax-ac-a-1019","10":"pa_remote-control-yes","11":"pa_resistance-max-m-307","13":"first","14":"instock","15":"taxable","16":"shipping-taxable","17":"purchasable","18":"product-type-simple"},"acf":[],"_links":{"self":[{"href":"https:\/\/yotavis.ch\/it\/wp-json\/wp\/v2\/product\/3937","targetHints":{"allow":["GET"]}}],"collection":[{"href":"https:\/\/yotavis.ch\/it\/wp-json\/wp\/v2\/product"}],"about":[{"href":"https:\/\/yotavis.ch\/it\/wp-json\/wp\/v2\/types\/product"}],"replies":[{"embeddable":true,"href":"https:\/\/yotavis.ch\/it\/wp-json\/wp\/v2\/comments?post=3937"}],"wp:featuredmedia":[{"embeddable":true,"href":"https:\/\/yotavis.ch\/it\/wp-json\/wp\/v2\/media\/7171"}],"wp:attachment":[{"href":"https:\/\/yotavis.ch\/it\/wp-json\/wp\/v2\/media?parent=3937"}],"wp:term":[{"taxonomy":"product_brand","embeddable":true,"href":"https:\/\/yotavis.ch\/it\/wp-json\/wp\/v2\/product_brand?post=3937"},{"taxonomy":"product_cat","embeddable":true,"href":"https:\/\/yotavis.ch\/it\/wp-json\/wp\/v2\/product_cat?post=3937"},{"taxonomy":"product_tag","embeddable":true,"href":"https:\/\/yotavis.ch\/it\/wp-json\/wp\/v2\/product_tag?post=3937"}],"curies":[{"name":"wp","href":"https:\/\/api.w.org\/{rel}","templated":true}]}}