{"id":3955,"date":"2025-10-09T00:00:00","date_gmt":"2025-10-08T22:00:00","guid":{"rendered":"https:\/\/yotavis.ch\/product\/t3ps30721p\/"},"modified":"2026-04-24T13:32:07","modified_gmt":"2026-04-24T11:32:07","slug":"t3ps30721p","status":"publish","type":"product","link":"https:\/\/yotavis.ch\/it\/prodotto\/t3ps30721p\/","title":{"rendered":"T3PS30721P"},"content":{"rendered":"<p>Il T3PS30721P di Teledyne Lecroy \u00e8 un alimentatore CC programmabile a commutazione dotato di un'uscita singola con un intervallo di tensione da 0 a 30 volt e una capacit\u00e0 di corrente fino a 72 ampere. Fornisce una potenza massima di 720 watt, che lo rende adatto ad applicazioni che richiedono una notevole potenza. Il dispositivo supporta la funzionalit\u00e0 di controllo remoto, consentendo un funzionamento comodo e l'integrazione in sistemi automatizzati. Il suo design si concentra sulla fornitura di una potenza precisa e regolabile, essenziale per gli ambienti di test e sviluppo. Le specifiche dell'alimentatore evidenziano la capacit\u00e0 di gestire carichi di corrente elevati mantenendo una tensione di uscita stabile. Questa combinazione di caratteristiche garantisce la versatilit\u00e0 in vari scenari di test elettronici in cui l'erogazione controllata di potenza \u00e8 fondamentale. Il canale di uscita singolo dell'unit\u00e0 semplifica la configurazione e il funzionamento per gli utenti che necessitano di fonti di alimentazione CC affidabili.<\/p>","protected":false},"excerpt":{"rendered":"<p>Alimentatore CC programmabile a commutazione 1 uscita, 0-30V, 0-72A, 720W<\/p>","protected":false},"featured_media":7208,"comment_status":"closed","ping_status":"closed","template":"","meta":{"_acf_changed":false,"slim_seo":{"title":"T3PS30721P - YOTAVIS AG","description":"Alimentatore CC programmabile a commutazione 1 uscita, 0-30V, 0-72A, 720W"}},"product_brand":[542],"product_cat":[516,515],"product_tag":[],"class_list":{"0":"post-3955","1":"product","2":"type-product","3":"status-publish","4":"has-post-thumbnail","6":"product_brand-lecroy","7":"product_cat-dc-source-en","8":"product_cat-power-en","9":"pa_current-a-491","10":"pa_imax-ac-a-1019","11":"pa_output-number-146","12":"pa_power-w-405","13":"pa_remote-control-yes","14":"pa_voltage-v-145","16":"first","17":"instock","18":"taxable","19":"shipping-taxable","20":"purchasable","21":"product-type-simple"},"acf":[],"_links":{"self":[{"href":"https:\/\/yotavis.ch\/it\/wp-json\/wp\/v2\/product\/3955","targetHints":{"allow":["GET"]}}],"collection":[{"href":"https:\/\/yotavis.ch\/it\/wp-json\/wp\/v2\/product"}],"about":[{"href":"https:\/\/yotavis.ch\/it\/wp-json\/wp\/v2\/types\/product"}],"replies":[{"embeddable":true,"href":"https:\/\/yotavis.ch\/it\/wp-json\/wp\/v2\/comments?post=3955"}],"wp:featuredmedia":[{"embeddable":true,"href":"https:\/\/yotavis.ch\/it\/wp-json\/wp\/v2\/media\/7208"}],"wp:attachment":[{"href":"https:\/\/yotavis.ch\/it\/wp-json\/wp\/v2\/media?parent=3955"}],"wp:term":[{"taxonomy":"product_brand","embeddable":true,"href":"https:\/\/yotavis.ch\/it\/wp-json\/wp\/v2\/product_brand?post=3955"},{"taxonomy":"product_cat","embeddable":true,"href":"https:\/\/yotavis.ch\/it\/wp-json\/wp\/v2\/product_cat?post=3955"},{"taxonomy":"product_tag","embeddable":true,"href":"https:\/\/yotavis.ch\/it\/wp-json\/wp\/v2\/product_tag?post=3955"}],"curies":[{"name":"wp","href":"https:\/\/api.w.org\/{rel}","templated":true}]}}