{"id":3958,"date":"2025-10-09T00:00:00","date_gmt":"2025-10-08T22:00:00","guid":{"rendered":"https:\/\/yotavis.ch\/product\/t3ps36006\/"},"modified":"2026-04-24T13:32:08","modified_gmt":"2026-04-24T11:32:08","slug":"t3ps36006","status":"publish","type":"product","link":"https:\/\/yotavis.ch\/it\/prodotto\/t3ps36006\/","title":{"rendered":"T3PS36006"},"content":{"rendered":"<p>Il T3PS36006 di Teledyne Lecroy \u00e8 un alimentatore CC a commutazione a doppia gamma con tre uscite con intervalli di tensione da 0 a 60 volt e intervalli di corrente da 0 a 3 ampere. Fornisce una potenza di 375 watt e funziona a una tensione di 30 volt con una capacit\u00e0 di corrente di 6 ampere. Questo modello comprende due canali di uscita e non supporta la funzionalit\u00e0 di controllo remoto. L'alimentatore \u00e8 progettato per fornire un'alimentazione CC stabile e regolabile per varie applicazioni che richiedono un controllo preciso della tensione e della corrente. La sua capacit\u00e0 di fornire un doppio intervallo consente una certa flessibilit\u00e0 nell'erogazione della potenza, adattandosi ai diversi requisiti di carico. Il dispositivo \u00e8 adatto all'uso in ambienti in cui \u00e8 necessaria un'alimentazione CC affidabile e costante per scopi di test o operativi.<\/p>","protected":false},"excerpt":{"rendered":"<p>Alimentatore CC a commutazione a doppia gamma, 3 uscite, 0 V, 60 V, 0 A, 3 A<\/p>","protected":false},"featured_media":7216,"comment_status":"closed","ping_status":"closed","template":"","meta":{"_acf_changed":false,"slim_seo":{"title":"T3PS36006 - YOTAVIS AG","description":"Alimentatore CC a commutazione a doppia gamma, 3 uscite, 0 V, 60 V, 0 A, 3 A"}},"product_brand":[542],"product_cat":[516,515],"product_tag":[],"class_list":{"0":"post-3958","1":"product","2":"type-product","3":"status-publish","4":"has-post-thumbnail","6":"product_brand-lecroy","7":"product_cat-dc-source-en","8":"product_cat-power-en","9":"pa_current-a-399","10":"pa_imax-ac-a-1019","11":"pa_output-number-153","12":"pa_power-w-492","13":"pa_remote-control-no","14":"pa_voltage-v-145","16":"first","17":"instock","18":"taxable","19":"shipping-taxable","20":"purchasable","21":"product-type-simple"},"acf":[],"_links":{"self":[{"href":"https:\/\/yotavis.ch\/it\/wp-json\/wp\/v2\/product\/3958","targetHints":{"allow":["GET"]}}],"collection":[{"href":"https:\/\/yotavis.ch\/it\/wp-json\/wp\/v2\/product"}],"about":[{"href":"https:\/\/yotavis.ch\/it\/wp-json\/wp\/v2\/types\/product"}],"replies":[{"embeddable":true,"href":"https:\/\/yotavis.ch\/it\/wp-json\/wp\/v2\/comments?post=3958"}],"wp:featuredmedia":[{"embeddable":true,"href":"https:\/\/yotavis.ch\/it\/wp-json\/wp\/v2\/media\/7216"}],"wp:attachment":[{"href":"https:\/\/yotavis.ch\/it\/wp-json\/wp\/v2\/media?parent=3958"}],"wp:term":[{"taxonomy":"product_brand","embeddable":true,"href":"https:\/\/yotavis.ch\/it\/wp-json\/wp\/v2\/product_brand?post=3958"},{"taxonomy":"product_cat","embeddable":true,"href":"https:\/\/yotavis.ch\/it\/wp-json\/wp\/v2\/product_cat?post=3958"},{"taxonomy":"product_tag","embeddable":true,"href":"https:\/\/yotavis.ch\/it\/wp-json\/wp\/v2\/product_tag?post=3958"}],"curies":[{"name":"wp","href":"https:\/\/api.w.org\/{rel}","templated":true}]}}