{"id":3969,"date":"2025-10-09T00:00:00","date_gmt":"2025-10-08T22:00:00","guid":{"rendered":"https:\/\/yotavis.ch\/product\/t3rc0060-lf\/"},"modified":"2026-04-24T13:32:12","modified_gmt":"2026-04-24T11:32:12","slug":"t3rc0060-lf","status":"publish","type":"product","link":"https:\/\/yotavis.ch\/it\/prodotto\/t3rc0060-lf\/","title":{"rendered":"T3RC0060-LF"},"content":{"rendered":"<p>Il T3RC0060-LF di Teledyne Lecroy \u00e8 una sonda di corrente alternata progettata con una sensibilit\u00e0 di 100 mV\/A e una capacit\u00e0 di corrente massima di 60A. Dispone di una larghezza di banda a bassa frequenza che parte da 11 Hz e si estende fino a una larghezza di banda ad alta frequenza di 5 MHz, consentendo un'ampia gamma di misure di segnali. La sonda \u00e8 dotata di un cavo di 1 metro, che garantisce flessibilit\u00e0 in vari ambienti di test. L'interfaccia universale garantisce la compatibilit\u00e0 con diversi dispositivi e sistemi. La larghezza di banda specifica di 5 MHz supporta l'acquisizione accurata dei segnali in questa gamma di frequenze. Questa sonda \u00e8 adatta alle applicazioni che richiedono misure precise di corrente alternata fino a 60 ampere ed \u00e8 in grado di gestire efficacemente segnali da basse ad alte frequenze.<\/p>","protected":false},"excerpt":{"rendered":"<p>Sonda di corrente CA 100 mV\/A, 60A, larghezza di banda LF 11 Hz, larghezza di banda HF 5MHz, cavo da 1m.<\/p>","protected":false},"featured_media":7227,"comment_status":"closed","ping_status":"closed","template":"","meta":{"_acf_changed":false,"slim_seo":{"title":"T3RC0060-LF - YOTAVIS AG","description":"Sonda di corrente CA 100 mV\/A, 60A, larghezza di banda LF 11 Hz, larghezza di banda HF 5MHz, cavo da 1m."}},"product_brand":[542],"product_cat":[536,509],"product_tag":[],"class_list":{"0":"post-3969","1":"product","2":"type-product","3":"status-publish","4":"has-post-thumbnail","6":"product_brand-lecroy","7":"product_cat-current-probes-en","8":"product_cat-probes-en","9":"pa_bandwidth-mhz-220","10":"pa_current-max-a-498","11":"pa_imax-ac-a-1019","12":"pa_interface-universal","14":"first","15":"instock","16":"taxable","17":"shipping-taxable","18":"purchasable","19":"product-type-simple"},"acf":[],"_links":{"self":[{"href":"https:\/\/yotavis.ch\/it\/wp-json\/wp\/v2\/product\/3969","targetHints":{"allow":["GET"]}}],"collection":[{"href":"https:\/\/yotavis.ch\/it\/wp-json\/wp\/v2\/product"}],"about":[{"href":"https:\/\/yotavis.ch\/it\/wp-json\/wp\/v2\/types\/product"}],"replies":[{"embeddable":true,"href":"https:\/\/yotavis.ch\/it\/wp-json\/wp\/v2\/comments?post=3969"}],"wp:featuredmedia":[{"embeddable":true,"href":"https:\/\/yotavis.ch\/it\/wp-json\/wp\/v2\/media\/7227"}],"wp:attachment":[{"href":"https:\/\/yotavis.ch\/it\/wp-json\/wp\/v2\/media?parent=3969"}],"wp:term":[{"taxonomy":"product_brand","embeddable":true,"href":"https:\/\/yotavis.ch\/it\/wp-json\/wp\/v2\/product_brand?post=3969"},{"taxonomy":"product_cat","embeddable":true,"href":"https:\/\/yotavis.ch\/it\/wp-json\/wp\/v2\/product_cat?post=3969"},{"taxonomy":"product_tag","embeddable":true,"href":"https:\/\/yotavis.ch\/it\/wp-json\/wp\/v2\/product_tag?post=3969"}],"curies":[{"name":"wp","href":"https:\/\/api.w.org\/{rel}","templated":true}]}}