{"id":3997,"date":"2025-10-09T00:00:00","date_gmt":"2025-10-08T22:00:00","guid":{"rendered":"https:\/\/yotavis.ch\/product\/hdo6034b\/"},"modified":"2026-04-24T13:32:26","modified_gmt":"2026-04-24T11:32:26","slug":"hdo6034b","status":"publish","type":"product","link":"https:\/\/yotavis.ch\/it\/prodotto\/hdo6034b\/","title":{"rendered":"HDO6034B"},"content":{"rendered":"<p>L'HDO6034B di Teledyne Lecroy \u00e8 un oscilloscopio ad alta definizione con una larghezza di banda di 350 MHz e quattro canali. Offre una risoluzione verticale di 12 bit e una frequenza di campionamento massima di 10 GS\/s per canale, consentendo un'analisi dettagliata dei segnali. Ogni canale \u00e8 dotato di una profondit\u00e0 di memoria di 50 milioni di punti, che consente l'acquisizione e la revisione dei dati. Il dispositivo \u00e8 dotato di un display touchscreen da 15,6 pollici, che migliora l'interazione con l'utente e la facilit\u00e0 d'uso. Con una frequenza di campionamento di 10.000 MS\/s e una profondit\u00e0 di memoria di 250 Mpts, \u00e8 progettato per gestire in modo efficiente misure di forme d'onda complesse. L'oscilloscopio non include canali digitali, ma fornisce una solida piattaforma per il test dei segnali analogici. Questo modello \u00e8 adatto ad applicazioni che richiedono un'acquisizione precisa e ad alta velocit\u00e0 di dati su pi\u00f9 canali.<\/p>","protected":false},"excerpt":{"rendered":"<p>350 MHz, 4 Ch, 12 bits, 10 GS\/s, 50 Mpts\/Ch HD Oscilloscope with 15.6&#8243; Display<\/p>","protected":false},"featured_media":7261,"comment_status":"closed","ping_status":"closed","template":"","meta":{"_acf_changed":false,"slim_seo":{"title":"HDO6034B - YOTAVIS AG","description":"Oscilloscopio HD da 350 MHz, 4 canali, 12 bit, 10 GS\/s, 50 Mpts\/Ch con display da 15,6\"."}},"product_brand":[542],"product_cat":[508,507],"product_tag":[],"class_list":{"0":"post-3997","1":"product","2":"type-product","3":"status-publish","4":"has-post-thumbnail","6":"product_brand-lecroy","7":"product_cat-desktop-en","8":"product_cat-oscilloscope","9":"pa_bandwidth-mhz-76","10":"pa_channels-338","11":"pa_digital-channels-no","12":"pa_imax-ac-a-1019","13":"pa_memory-depht-mpts-326","14":"pa_sampling-rate-channels-ms-s-455","15":"pa_touch-screen-yes","16":"pa_vertical-resolution-bits-348","18":"first","19":"instock","20":"taxable","21":"shipping-taxable","22":"product-type-simple"},"acf":[],"_links":{"self":[{"href":"https:\/\/yotavis.ch\/it\/wp-json\/wp\/v2\/product\/3997","targetHints":{"allow":["GET"]}}],"collection":[{"href":"https:\/\/yotavis.ch\/it\/wp-json\/wp\/v2\/product"}],"about":[{"href":"https:\/\/yotavis.ch\/it\/wp-json\/wp\/v2\/types\/product"}],"replies":[{"embeddable":true,"href":"https:\/\/yotavis.ch\/it\/wp-json\/wp\/v2\/comments?post=3997"}],"wp:featuredmedia":[{"embeddable":true,"href":"https:\/\/yotavis.ch\/it\/wp-json\/wp\/v2\/media\/7261"}],"wp:attachment":[{"href":"https:\/\/yotavis.ch\/it\/wp-json\/wp\/v2\/media?parent=3997"}],"wp:term":[{"taxonomy":"product_brand","embeddable":true,"href":"https:\/\/yotavis.ch\/it\/wp-json\/wp\/v2\/product_brand?post=3997"},{"taxonomy":"product_cat","embeddable":true,"href":"https:\/\/yotavis.ch\/it\/wp-json\/wp\/v2\/product_cat?post=3997"},{"taxonomy":"product_tag","embeddable":true,"href":"https:\/\/yotavis.ch\/it\/wp-json\/wp\/v2\/product_tag?post=3997"}],"curies":[{"name":"wp","href":"https:\/\/api.w.org\/{rel}","templated":true}]}}