{"id":3999,"date":"2025-10-09T00:00:00","date_gmt":"2025-10-08T22:00:00","guid":{"rendered":"https:\/\/yotavis.ch\/product\/hdo6054b-ms\/"},"modified":"2026-04-24T13:32:27","modified_gmt":"2026-04-24T11:32:27","slug":"hdo6054b-ms","status":"publish","type":"product","link":"https:\/\/yotavis.ch\/it\/prodotto\/hdo6054b-ms\/","title":{"rendered":"HDO6054B-MS"},"content":{"rendered":"<p>L'HDO6054B-MS di Teledyne Lecroy \u00e8 un oscilloscopio a segnale misto ad alta definizione con una larghezza di banda di 500 MHz e quattro canali analogici integrati da sedici canali digitali. Offre una risoluzione verticale di 12 bit e una frequenza di campionamento massima di 10 GS\/s per canale, consentendo un'analisi dettagliata del segnale. Ogni canale \u00e8 dotato di una profondit\u00e0 di memoria di 50 milioni di punti, che consente l'acquisizione e la revisione di dati estesi. Il dispositivo include un display touchscreen da 15,6 pollici, che facilita l'interazione con l'utente e la visualizzazione dei dati. Con una frequenza di campionamento di 10.000 MS\/s e una profondit\u00e0 di memoria di 250 Mpts, supporta misure ad alta velocit\u00e0 e ad alta risoluzione. L'oscilloscopio \u00e8 progettato per gestire ambienti complessi di segnali misti, combinando l'acquisizione di segnali analogici e digitali in un unico strumento. Le sue caratteristiche avanzate lo rendono adatto all'analisi dettagliata delle forme d'onda e alla risoluzione dei problemi in varie applicazioni elettroniche.<\/p>","protected":false},"excerpt":{"rendered":"<p>500 MHz, 4+16 Ch, 12 bits, 10 GS\/s, 50 Mpts\/Ch HD Mixed Signal Oscilloscope with 15.6&#8243; Display<\/p>","protected":false},"featured_media":7261,"comment_status":"closed","ping_status":"closed","template":"","meta":{"_acf_changed":false,"slim_seo":{"title":"HDO6054B-MS - YOTAVIS AG","description":"Oscilloscopio a segnale misto HD da 500 MHz, 4+16 canali, 12 bit, 10 GS\/s, 50 Mpts\/Ch con display da 15,6\"."}},"product_brand":[542],"product_cat":[508,507],"product_tag":[],"class_list":{"0":"post-3999","1":"product","2":"type-product","3":"status-publish","4":"has-post-thumbnail","6":"product_brand-lecroy","7":"product_cat-desktop-en","8":"product_cat-oscilloscope","9":"pa_bandwidth-mhz-83","10":"pa_channels-338","11":"pa_digital-channels-yes","12":"pa_imax-ac-a-1019","13":"pa_memory-depht-mpts-326","14":"pa_sampling-rate-channels-ms-s-455","15":"pa_touch-screen-yes","16":"pa_vertical-resolution-bits-348","18":"first","19":"instock","20":"taxable","21":"shipping-taxable","22":"product-type-simple"},"acf":[],"_links":{"self":[{"href":"https:\/\/yotavis.ch\/it\/wp-json\/wp\/v2\/product\/3999","targetHints":{"allow":["GET"]}}],"collection":[{"href":"https:\/\/yotavis.ch\/it\/wp-json\/wp\/v2\/product"}],"about":[{"href":"https:\/\/yotavis.ch\/it\/wp-json\/wp\/v2\/types\/product"}],"replies":[{"embeddable":true,"href":"https:\/\/yotavis.ch\/it\/wp-json\/wp\/v2\/comments?post=3999"}],"wp:featuredmedia":[{"embeddable":true,"href":"https:\/\/yotavis.ch\/it\/wp-json\/wp\/v2\/media\/7261"}],"wp:attachment":[{"href":"https:\/\/yotavis.ch\/it\/wp-json\/wp\/v2\/media?parent=3999"}],"wp:term":[{"taxonomy":"product_brand","embeddable":true,"href":"https:\/\/yotavis.ch\/it\/wp-json\/wp\/v2\/product_brand?post=3999"},{"taxonomy":"product_cat","embeddable":true,"href":"https:\/\/yotavis.ch\/it\/wp-json\/wp\/v2\/product_cat?post=3999"},{"taxonomy":"product_tag","embeddable":true,"href":"https:\/\/yotavis.ch\/it\/wp-json\/wp\/v2\/product_tag?post=3999"}],"curies":[{"name":"wp","href":"https:\/\/api.w.org\/{rel}","templated":true}]}}