{"id":4007,"date":"2025-10-09T00:00:00","date_gmt":"2025-10-08T22:00:00","guid":{"rendered":"https:\/\/yotavis.ch\/product\/mda-8058hd\/"},"modified":"2026-04-24T13:32:29","modified_gmt":"2026-04-24T11:32:29","slug":"mda-8058hd","status":"publish","type":"product","link":"https:\/\/yotavis.ch\/it\/prodotto\/mda-8058hd\/","title":{"rendered":"MDA 8058HD"},"content":{"rendered":"<p>L'MDA 8058HD di Teledyne Lecroy \u00e8 un analizzatore di motori a 8 canali con una larghezza di banda di 500 MHz. Offre una risoluzione verticale di 12 bit e un'elevata frequenza di campionamento di 10 GS\/s per canale, consentendo un'analisi dettagliata del segnale. Ogni canale \u00e8 dotato di una profondit\u00e0 di memoria di 50 milioni di punti, che consente un'ampia acquisizione di dati. Il dispositivo include un'interfaccia touch screen per l'interazione con l'utente. Inoltre, offre una velocit\u00e0 di campionamento di 10.000 MS\/s e una profondit\u00e0 di memoria di 1.250 Mpts, facilitando l'acquisizione e la memorizzazione dei dati ad alta velocit\u00e0. Questo analizzatore \u00e8 stato progettato per gestire con precisione ed efficienza segnali di azionamento motore complessi.<\/p>","protected":false},"excerpt":{"rendered":"<p>500 MHz, 8 canali, 12 bit, 10 GS\/s, 50 Mpts\/Ch Analizzatore di azionamenti motore<\/p>","protected":false},"featured_media":7272,"comment_status":"closed","ping_status":"closed","template":"","meta":{"_acf_changed":false,"slim_seo":{"title":"MDA 8058HD - YOTAVIS AG","description":"500 MHz, 8 canali, 12 bit, 10 GS\/s, 50 Mpts\/Ch Analizzatore di azionamenti motore"}},"product_brand":[542],"product_cat":[508,507],"product_tag":[],"class_list":{"0":"post-4007","1":"product","2":"type-product","3":"status-publish","4":"has-post-thumbnail","6":"product_brand-lecroy","7":"product_cat-desktop-en","8":"product_cat-oscilloscope","9":"pa_bandwidth-mhz-83","10":"pa_channels-459","11":"pa_digital-channels-opt","12":"pa_imax-ac-a-1019","13":"pa_memory-depht-mpts-327","14":"pa_sampling-rate-channels-ms-s-455","15":"pa_touch-screen-yes","16":"pa_vertical-resolution-bits-348","18":"first","19":"instock","20":"taxable","21":"shipping-taxable","22":"product-type-simple"},"acf":[],"_links":{"self":[{"href":"https:\/\/yotavis.ch\/it\/wp-json\/wp\/v2\/product\/4007","targetHints":{"allow":["GET"]}}],"collection":[{"href":"https:\/\/yotavis.ch\/it\/wp-json\/wp\/v2\/product"}],"about":[{"href":"https:\/\/yotavis.ch\/it\/wp-json\/wp\/v2\/types\/product"}],"replies":[{"embeddable":true,"href":"https:\/\/yotavis.ch\/it\/wp-json\/wp\/v2\/comments?post=4007"}],"wp:featuredmedia":[{"embeddable":true,"href":"https:\/\/yotavis.ch\/it\/wp-json\/wp\/v2\/media\/7272"}],"wp:attachment":[{"href":"https:\/\/yotavis.ch\/it\/wp-json\/wp\/v2\/media?parent=4007"}],"wp:term":[{"taxonomy":"product_brand","embeddable":true,"href":"https:\/\/yotavis.ch\/it\/wp-json\/wp\/v2\/product_brand?post=4007"},{"taxonomy":"product_cat","embeddable":true,"href":"https:\/\/yotavis.ch\/it\/wp-json\/wp\/v2\/product_cat?post=4007"},{"taxonomy":"product_tag","embeddable":true,"href":"https:\/\/yotavis.ch\/it\/wp-json\/wp\/v2\/product_tag?post=4007"}],"curies":[{"name":"wp","href":"https:\/\/api.w.org\/{rel}","templated":true}]}}