{"id":4022,"date":"2025-10-09T00:00:00","date_gmt":"2025-10-08T22:00:00","guid":{"rendered":"https:\/\/yotavis.ch\/product\/wavemaster-8200hd\/"},"modified":"2026-04-24T13:32:37","modified_gmt":"2026-04-24T11:32:37","slug":"wavemaster-8200hd","status":"publish","type":"product","link":"https:\/\/yotavis.ch\/it\/prodotto\/wavemaster-8200hd\/","title":{"rendered":"WAVEMASTER 8200HD"},"content":{"rendered":"<p>Il WAVEMASTER 8200HD di Teledyne Lecroy \u00e8 un oscilloscopio ad alta definizione con una larghezza di banda di 20 GHz e una risoluzione verticale di 12 bit. Supporta una frequenza di campionamento di 160 GS\/s per canale e offre una profondit\u00e0 di memoria di 200 Mpts per canale, consentendo un'analisi dettagliata dei segnali. Questo modello include quattro canali e canali digitali, fornendo opzioni di ingresso versatili per vari scenari di test. Il dispositivo \u00e8 dotato di un'interfaccia touch screen che migliora l'interazione e il controllo da parte dell'utente. Con una profondit\u00e0 di memoria di 8000 Mpt, garantisce ampie capacit\u00e0 di acquisizione dei dati. La combinazione di larghezza di banda elevata, velocit\u00e0 di campionamento e profondit\u00e0 di memoria significativa rende questo oscilloscopio adatto a compiti avanzati di misurazione e analisi dei segnali.<\/p>","protected":false},"excerpt":{"rendered":"<p>20 GHz, 12 bit, 160 GS\/s, 200 Mpts\/Ch Oscilloscopio HD<\/p>","protected":false},"featured_media":7280,"comment_status":"closed","ping_status":"closed","template":"","meta":{"_acf_changed":false,"slim_seo":{"title":"WAVEMASTER 8200HD - YOTAVIS AG","description":"20 GHz, 12 bit, 160 GS\/s, 200 Mpts\/Ch Oscilloscopio HD"}},"product_brand":[542],"product_cat":[508,507],"product_tag":[],"class_list":{"0":"post-4022","1":"product","2":"type-product","3":"status-publish","4":"has-post-thumbnail","6":"product_brand-lecroy","7":"product_cat-desktop-en","8":"product_cat-oscilloscope","9":"pa_bandwidth-mhz-331","10":"pa_channels-338","11":"pa_digital-channels-yes","12":"pa_imax-ac-a-1019","13":"pa_memory-depht-mpts-328","14":"pa_sampling-rate-channels-ms-s-505","15":"pa_touch-screen-yes","16":"pa_vertical-resolution-bits-348","18":"first","19":"instock","20":"taxable","21":"shipping-taxable","22":"product-type-simple"},"acf":[],"_links":{"self":[{"href":"https:\/\/yotavis.ch\/it\/wp-json\/wp\/v2\/product\/4022","targetHints":{"allow":["GET"]}}],"collection":[{"href":"https:\/\/yotavis.ch\/it\/wp-json\/wp\/v2\/product"}],"about":[{"href":"https:\/\/yotavis.ch\/it\/wp-json\/wp\/v2\/types\/product"}],"replies":[{"embeddable":true,"href":"https:\/\/yotavis.ch\/it\/wp-json\/wp\/v2\/comments?post=4022"}],"wp:featuredmedia":[{"embeddable":true,"href":"https:\/\/yotavis.ch\/it\/wp-json\/wp\/v2\/media\/7280"}],"wp:attachment":[{"href":"https:\/\/yotavis.ch\/it\/wp-json\/wp\/v2\/media?parent=4022"}],"wp:term":[{"taxonomy":"product_brand","embeddable":true,"href":"https:\/\/yotavis.ch\/it\/wp-json\/wp\/v2\/product_brand?post=4022"},{"taxonomy":"product_cat","embeddable":true,"href":"https:\/\/yotavis.ch\/it\/wp-json\/wp\/v2\/product_cat?post=4022"},{"taxonomy":"product_tag","embeddable":true,"href":"https:\/\/yotavis.ch\/it\/wp-json\/wp\/v2\/product_tag?post=4022"}],"curies":[{"name":"wp","href":"https:\/\/api.w.org\/{rel}","templated":true}]}}