{"id":6449,"date":"2025-10-09T00:00:00","date_gmt":"2025-10-08T22:00:00","guid":{"rendered":"https:\/\/yotavis.ch\/product\/pwx750lf-with-iso-prog-curr-cont\/"},"modified":"2026-04-24T13:32:54","modified_gmt":"2026-04-24T11:32:54","slug":"pwx750lf-with-iso-prog-curr-cont","status":"publish","type":"product","link":"https:\/\/yotavis.ch\/it\/prodotto\/pwx750lf-with-iso-prog-curr-cont\/","title":{"rendered":"PWX750LF CON ISO PROG CURR CONT"},"content":{"rendered":"<p>Il PWX750LF CON ISO PROG CURR CONT \u00e8 un alimentatore CC programmabile multirange 1U di Kikusui, con una potenza di 750 watt. Funziona in un intervallo di tensione da 0 a 30 volt e in un intervallo di corrente da 0 a 75 ampere, rendendolo adatto a varie applicazioni che richiedono un controllo preciso della potenza. Questo modello \u00e8 dotato di un singolo canale di uscita, che consente un'erogazione di potenza mirata ed efficiente. \u00c8 inclusa la funzionalit\u00e0 di controllo remoto, che consente agli utenti di azionare l'alimentatore a distanza per comodit\u00e0 e flessibilit\u00e0. Il design enfatizza la programmabilit\u00e0, consentendo agli utenti di regolare le impostazioni per soddisfare requisiti specifici. Il fattore di forma compatto 1U \u00e8 progettato per essere inserito in rack di apparecchiature standard, ottimizzando l'utilizzo dello spazio in ambienti professionali. La combinazione di potenza elevata e controllo programmabile rende questa unit\u00e0 uno strumento versatile per le attivit\u00e0 di test e sviluppo.<\/p>","protected":false},"excerpt":{"rendered":"<p>Alimentatore CC programmabile multirange 1U, 750 W, da 0 a 30 V\/0 a 75 A<\/p>","protected":false},"featured_media":7664,"comment_status":"closed","ping_status":"closed","template":"","meta":{"_acf_changed":false,"slim_seo":{"title":"PWX750LF WITH ISO PROG CURR CONT - YOTAVIS AG","description":"Alimentatore CC programmabile multirange 1U, 750 W, da 0 a 30 V\/0 a 75 A"}},"product_brand":[551],"product_cat":[516,515],"product_tag":[],"class_list":{"0":"post-6449","1":"product","2":"type-product","3":"status-publish","4":"has-post-thumbnail","6":"product_brand-kikusui","7":"product_cat-dc-source-en","8":"product_cat-power-en","9":"pa_current-a-566","10":"pa_output-number-146","11":"pa_power-w-564","12":"pa_remote-control-yes","13":"pa_voltage-v-145","15":"first","16":"instock","17":"taxable","18":"shipping-taxable","19":"purchasable","20":"product-type-simple"},"acf":[],"_links":{"self":[{"href":"https:\/\/yotavis.ch\/it\/wp-json\/wp\/v2\/product\/6449","targetHints":{"allow":["GET"]}}],"collection":[{"href":"https:\/\/yotavis.ch\/it\/wp-json\/wp\/v2\/product"}],"about":[{"href":"https:\/\/yotavis.ch\/it\/wp-json\/wp\/v2\/types\/product"}],"replies":[{"embeddable":true,"href":"https:\/\/yotavis.ch\/it\/wp-json\/wp\/v2\/comments?post=6449"}],"wp:featuredmedia":[{"embeddable":true,"href":"https:\/\/yotavis.ch\/it\/wp-json\/wp\/v2\/media\/7664"}],"wp:attachment":[{"href":"https:\/\/yotavis.ch\/it\/wp-json\/wp\/v2\/media?parent=6449"}],"wp:term":[{"taxonomy":"product_brand","embeddable":true,"href":"https:\/\/yotavis.ch\/it\/wp-json\/wp\/v2\/product_brand?post=6449"},{"taxonomy":"product_cat","embeddable":true,"href":"https:\/\/yotavis.ch\/it\/wp-json\/wp\/v2\/product_cat?post=6449"},{"taxonomy":"product_tag","embeddable":true,"href":"https:\/\/yotavis.ch\/it\/wp-json\/wp\/v2\/product_tag?post=6449"}],"curies":[{"name":"wp","href":"https:\/\/api.w.org\/{rel}","templated":true}]}}