{"id":6478,"date":"2025-10-09T00:00:00","date_gmt":"2025-10-08T22:00:00","guid":{"rendered":"https:\/\/yotavis.ch\/product\/pwx1500h-with-vir\/"},"modified":"2026-04-24T13:33:07","modified_gmt":"2026-04-24T11:33:07","slug":"pwx1500h-with-vir","status":"publish","type":"product","link":"https:\/\/yotavis.ch\/it\/prodotto\/pwx1500h-with-vir\/","title":{"rendered":"PWX1500H CON VIR"},"content":{"rendered":"<p>Il PWX1500H WITH VIR \u00e8 un alimentatore CC programmabile multirange 1U di Kikusui, che eroga una potenza di 1500 watt. Offre una gamma di tensione da 0 a 650 volt e una gamma di corrente da 0 a 7 ampere, rendendolo adatto a varie applicazioni che richiedono un controllo preciso della potenza. Questo modello \u00e8 dotato di un singolo canale di uscita, che consente un'erogazione di potenza mirata ed efficiente. \u00c8 inclusa la funzionalit\u00e0 di controllo remoto, che consente agli utenti di azionare l'alimentatore a distanza per comodit\u00e0 e flessibilit\u00e0. Il dispositivo \u00e8 progettato per gestire elevate richieste di potenza, mantenendo la programmabilit\u00e0 in tutte le gamme di tensione e corrente. Il suo fattore di forma compatto 1U consente una facile integrazione nelle configurazioni o nei rack esistenti. La combinazione di queste specifiche rende il PWX1500H CON VIR uno strumento versatile per testare e alimentare i dispositivi elettronici entro i limiti specificati.<\/p>","protected":false},"excerpt":{"rendered":"<p>Alimentatore CC programmabile multirange 1U, 1500 W, da 0 a 650 V\/0 a 7 A<\/p>","protected":false},"featured_media":7664,"comment_status":"closed","ping_status":"closed","template":"","meta":{"_acf_changed":false,"slim_seo":{"title":"PWX1500H WITH VIR - YOTAVIS AG","description":"Alimentatore CC programmabile multirange 1U, 1500 W, da 0 a 650 V\/0 a 7 A"}},"product_brand":[551],"product_cat":[516,515],"product_tag":[],"class_list":{"0":"post-6478","1":"product","2":"type-product","3":"status-publish","4":"has-post-thumbnail","6":"product_brand-kikusui","7":"product_cat-dc-source-en","8":"product_cat-power-en","9":"pa_current-a-571","10":"pa_output-number-146","11":"pa_power-w-400","12":"pa_remote-control-yes","13":"pa_voltage-v-554","15":"first","16":"instock","17":"taxable","18":"shipping-taxable","19":"purchasable","20":"product-type-simple"},"acf":[],"_links":{"self":[{"href":"https:\/\/yotavis.ch\/it\/wp-json\/wp\/v2\/product\/6478","targetHints":{"allow":["GET"]}}],"collection":[{"href":"https:\/\/yotavis.ch\/it\/wp-json\/wp\/v2\/product"}],"about":[{"href":"https:\/\/yotavis.ch\/it\/wp-json\/wp\/v2\/types\/product"}],"replies":[{"embeddable":true,"href":"https:\/\/yotavis.ch\/it\/wp-json\/wp\/v2\/comments?post=6478"}],"wp:featuredmedia":[{"embeddable":true,"href":"https:\/\/yotavis.ch\/it\/wp-json\/wp\/v2\/media\/7664"}],"wp:attachment":[{"href":"https:\/\/yotavis.ch\/it\/wp-json\/wp\/v2\/media?parent=6478"}],"wp:term":[{"taxonomy":"product_brand","embeddable":true,"href":"https:\/\/yotavis.ch\/it\/wp-json\/wp\/v2\/product_brand?post=6478"},{"taxonomy":"product_cat","embeddable":true,"href":"https:\/\/yotavis.ch\/it\/wp-json\/wp\/v2\/product_cat?post=6478"},{"taxonomy":"product_tag","embeddable":true,"href":"https:\/\/yotavis.ch\/it\/wp-json\/wp\/v2\/product_tag?post=6478"}],"curies":[{"name":"wp","href":"https:\/\/api.w.org\/{rel}","templated":true}]}}