{"id":6495,"date":"2025-10-09T00:00:00","date_gmt":"2025-10-08T22:00:00","guid":{"rendered":"https:\/\/yotavis.ch\/product\/pav10-40\/"},"modified":"2026-04-24T13:33:18","modified_gmt":"2026-04-24T11:33:18","slug":"pav10-40","status":"publish","type":"product","link":"https:\/\/yotavis.ch\/it\/prodotto\/pav10-40\/","title":{"rendered":"PAV10-40"},"content":{"rendered":"<p>Il PAV10-40 di Kikusui \u00e8 un alimentatore CC intelligente a commutazione variabile progettato per fornire una tensione di uscita compresa tra 0 e 10 volt e una corrente fino a 40 ampere. Fornisce un singolo canale di uscita in grado di gestire una potenza massima di 400 watt. Questo alimentatore supporta la funzionalit\u00e0 di controllo remoto, consentendo un comodo funzionamento e l'integrazione in sistemi automatizzati. Il dispositivo \u00e8 stato progettato per offrire un controllo preciso della tensione e della corrente, rendendolo adatto a varie applicazioni che richiedono un'alimentazione CC stabile e regolabile. Grazie alla sua robusta capacit\u00e0 di corrente e all'intervallo di tensione, il PAV10-40 pu\u00f2 soddisfare un'ampia gamma di esigenze di test e sviluppo. L'inclusione del controllo remoto ne migliora l'utilizzabilit\u00e0 nelle configurazioni complesse in cui le regolazioni manuali possono risultare poco pratiche. Nel complesso, il PAV10-40 di Kikusui combina una potenza elevata con opzioni di controllo flessibili in una configurazione a canale singolo.<\/p>","protected":false},"excerpt":{"rendered":"<p>Alimentatore CC intelligente a commutazione variabile, da 0 a 10 V \/ da 0 a 40 A<\/p>","protected":false},"featured_media":7673,"comment_status":"closed","ping_status":"closed","template":"","meta":{"_acf_changed":false,"slim_seo":{"title":"PAV10-40 - YOTAVIS AG","description":"Alimentatore CC intelligente a commutazione variabile, da 0 a 10 V \/ da 0 a 40 A"}},"product_brand":[551],"product_cat":[516,515],"product_tag":[],"class_list":{"0":"post-6495","1":"product","2":"type-product","3":"status-publish","4":"has-post-thumbnail","6":"product_brand-kikusui","7":"product_cat-dc-source-en","8":"product_cat-power-en","9":"pa_current-a-550","10":"pa_output-number-146","11":"pa_power-w-398","12":"pa_remote-control-yes","13":"pa_voltage-v-572","15":"first","16":"instock","17":"taxable","18":"shipping-taxable","19":"purchasable","20":"product-type-simple"},"acf":[],"_links":{"self":[{"href":"https:\/\/yotavis.ch\/it\/wp-json\/wp\/v2\/product\/6495","targetHints":{"allow":["GET"]}}],"collection":[{"href":"https:\/\/yotavis.ch\/it\/wp-json\/wp\/v2\/product"}],"about":[{"href":"https:\/\/yotavis.ch\/it\/wp-json\/wp\/v2\/types\/product"}],"replies":[{"embeddable":true,"href":"https:\/\/yotavis.ch\/it\/wp-json\/wp\/v2\/comments?post=6495"}],"wp:featuredmedia":[{"embeddable":true,"href":"https:\/\/yotavis.ch\/it\/wp-json\/wp\/v2\/media\/7673"}],"wp:attachment":[{"href":"https:\/\/yotavis.ch\/it\/wp-json\/wp\/v2\/media?parent=6495"}],"wp:term":[{"taxonomy":"product_brand","embeddable":true,"href":"https:\/\/yotavis.ch\/it\/wp-json\/wp\/v2\/product_brand?post=6495"},{"taxonomy":"product_cat","embeddable":true,"href":"https:\/\/yotavis.ch\/it\/wp-json\/wp\/v2\/product_cat?post=6495"},{"taxonomy":"product_tag","embeddable":true,"href":"https:\/\/yotavis.ch\/it\/wp-json\/wp\/v2\/product_tag?post=6495"}],"curies":[{"name":"wp","href":"https:\/\/api.w.org\/{rel}","templated":true}]}}