{"id":6514,"date":"2025-10-09T00:00:00","date_gmt":"2025-10-08T22:00:00","guid":{"rendered":"https:\/\/yotavis.ch\/product\/pav60-10\/"},"modified":"2026-04-24T13:33:29","modified_gmt":"2026-04-24T11:33:29","slug":"pav60-10","status":"publish","type":"product","link":"https:\/\/yotavis.ch\/it\/prodotto\/pav60-10\/","title":{"rendered":"PAV60-10"},"content":{"rendered":"<p>Il PAV60-10 di Kikusui \u00e8 un alimentatore CC intelligente a commutazione variabile progettato per fornire una tensione di uscita compresa tra 0 e 60 volt e una corrente da 0 a 10 ampere. Fornisce un singolo canale di uscita, che lo rende adatto ad applicazioni che richiedono un controllo preciso della tensione e della corrente all'interno di questi intervalli. Con una potenza di 600 watt, questo alimentatore pu\u00f2 supportare una serie di attivit\u00e0 di test e sviluppo elettronico. Il dispositivo include la funzionalit\u00e0 di controllo remoto, che consente agli utenti di operare a distanza per comodit\u00e0 e maggiore sicurezza. Il suo design si concentra sull'erogazione di potenza stabile e regolabile, essenziale per il collaudo e l'alimentazione dei circuiti elettronici. Il PAV60-10 \u00e8 stato progettato per soddisfare le esigenze degli utenti che necessitano di soluzioni di alimentazione affidabili e flessibili. Questo modello fa parte della linea Kikusui, nota per l'integrazione di funzioni avanzate nei suoi alimentatori.<\/p>","protected":false},"excerpt":{"rendered":"<p>Alimentatore CC intelligente a commutazione variabile, da 0 a 60 V \/ da 0 a 10 A<\/p>","protected":false},"featured_media":7673,"comment_status":"closed","ping_status":"closed","template":"","meta":{"_acf_changed":false,"slim_seo":{"title":"PAV60-10 - YOTAVIS AG","description":"Alimentatore CC intelligente a commutazione variabile, da 0 a 60 V \/ da 0 a 10 A"}},"product_brand":[551],"product_cat":[516,515],"product_tag":[],"class_list":{"0":"post-6514","1":"product","2":"type-product","3":"status-publish","4":"has-post-thumbnail","6":"product_brand-kikusui","7":"product_cat-dc-source-en","8":"product_cat-power-en","9":"pa_current-a-397","10":"pa_output-number-146","11":"pa_power-w-582","12":"pa_remote-control-yes","13":"pa_voltage-v-314","15":"first","16":"instock","17":"taxable","18":"shipping-taxable","19":"purchasable","20":"product-type-simple"},"acf":[],"_links":{"self":[{"href":"https:\/\/yotavis.ch\/it\/wp-json\/wp\/v2\/product\/6514","targetHints":{"allow":["GET"]}}],"collection":[{"href":"https:\/\/yotavis.ch\/it\/wp-json\/wp\/v2\/product"}],"about":[{"href":"https:\/\/yotavis.ch\/it\/wp-json\/wp\/v2\/types\/product"}],"replies":[{"embeddable":true,"href":"https:\/\/yotavis.ch\/it\/wp-json\/wp\/v2\/comments?post=6514"}],"wp:featuredmedia":[{"embeddable":true,"href":"https:\/\/yotavis.ch\/it\/wp-json\/wp\/v2\/media\/7673"}],"wp:attachment":[{"href":"https:\/\/yotavis.ch\/it\/wp-json\/wp\/v2\/media?parent=6514"}],"wp:term":[{"taxonomy":"product_brand","embeddable":true,"href":"https:\/\/yotavis.ch\/it\/wp-json\/wp\/v2\/product_brand?post=6514"},{"taxonomy":"product_cat","embeddable":true,"href":"https:\/\/yotavis.ch\/it\/wp-json\/wp\/v2\/product_cat?post=6514"},{"taxonomy":"product_tag","embeddable":true,"href":"https:\/\/yotavis.ch\/it\/wp-json\/wp\/v2\/product_tag?post=6514"}],"curies":[{"name":"wp","href":"https:\/\/api.w.org\/{rel}","templated":true}]}}