{"id":6522,"date":"2025-10-09T00:00:00","date_gmt":"2025-10-08T22:00:00","guid":{"rendered":"https:\/\/yotavis.ch\/product\/pav60-10-with-lan\/"},"modified":"2026-04-24T13:33:35","modified_gmt":"2026-04-24T11:33:35","slug":"pav60-10-with-lan","status":"publish","type":"product","link":"https:\/\/yotavis.ch\/it\/prodotto\/pav60-10-with-lan\/","title":{"rendered":"PAV60-10 CON LAN"},"content":{"rendered":"<p>Il PAV60-10 WITH LAN di Kikusui \u00e8 un alimentatore CC intelligente a commutazione variabile progettato per fornire una tensione di uscita compresa tra 0 e 60 volt e una corrente da 0 a 10 ampere. Dispone di un singolo canale di uscita, che lo rende adatto ad applicazioni che richiedono un controllo preciso della potenza. Con una capacit\u00e0 di potenza di 600 watt, questo alimentatore supporta un'ampia gamma di test ed esigenze operative. Il dispositivo include la funzionalit\u00e0 di controllo remoto, che consente agli utenti di operare a distanza per comodit\u00e0 e flessibilit\u00e0. Il suo design si concentra sull'erogazione di potenza stabile e regolabile, essenziale per varie attivit\u00e0 di test e sviluppo elettronico. L'inclusione della connettivit\u00e0 LAN ne consente l'integrazione in ambienti collegati in rete per il monitoraggio e il controllo. Questo alimentatore \u00e8 stato progettato per soddisfare le esigenze degli utenti che richiedono fonti di alimentazione CC affidabili e regolabili nei loro flussi di lavoro.<\/p>","protected":false},"excerpt":{"rendered":"<p>Alimentatore CC intelligente a commutazione variabile, da 0 a 60 V \/ da 0 a 10 A<\/p>","protected":false},"featured_media":7673,"comment_status":"closed","ping_status":"closed","template":"","meta":{"_acf_changed":false,"slim_seo":{"title":"PAV60-10 WITH LAN - YOTAVIS AG","description":"Alimentatore CC intelligente a commutazione variabile, da 0 a 60 V \/ da 0 a 10 A"}},"product_brand":[551],"product_cat":[516,515],"product_tag":[],"class_list":{"0":"post-6522","1":"product","2":"type-product","3":"status-publish","4":"has-post-thumbnail","6":"product_brand-kikusui","7":"product_cat-dc-source-en","8":"product_cat-power-en","9":"pa_current-a-397","10":"pa_output-number-146","11":"pa_power-w-582","12":"pa_remote-control-yes","13":"pa_voltage-v-314","15":"first","16":"instock","17":"taxable","18":"shipping-taxable","19":"purchasable","20":"product-type-simple"},"acf":[],"_links":{"self":[{"href":"https:\/\/yotavis.ch\/it\/wp-json\/wp\/v2\/product\/6522","targetHints":{"allow":["GET"]}}],"collection":[{"href":"https:\/\/yotavis.ch\/it\/wp-json\/wp\/v2\/product"}],"about":[{"href":"https:\/\/yotavis.ch\/it\/wp-json\/wp\/v2\/types\/product"}],"replies":[{"embeddable":true,"href":"https:\/\/yotavis.ch\/it\/wp-json\/wp\/v2\/comments?post=6522"}],"wp:featuredmedia":[{"embeddable":true,"href":"https:\/\/yotavis.ch\/it\/wp-json\/wp\/v2\/media\/7673"}],"wp:attachment":[{"href":"https:\/\/yotavis.ch\/it\/wp-json\/wp\/v2\/media?parent=6522"}],"wp:term":[{"taxonomy":"product_brand","embeddable":true,"href":"https:\/\/yotavis.ch\/it\/wp-json\/wp\/v2\/product_brand?post=6522"},{"taxonomy":"product_cat","embeddable":true,"href":"https:\/\/yotavis.ch\/it\/wp-json\/wp\/v2\/product_cat?post=6522"},{"taxonomy":"product_tag","embeddable":true,"href":"https:\/\/yotavis.ch\/it\/wp-json\/wp\/v2\/product_tag?post=6522"}],"curies":[{"name":"wp","href":"https:\/\/api.w.org\/{rel}","templated":true}]}}