{"id":6557,"date":"2025-10-09T00:00:00","date_gmt":"2025-10-08T22:00:00","guid":{"rendered":"https:\/\/yotavis.ch\/product\/pbz40-10\/"},"modified":"2026-04-24T13:33:50","modified_gmt":"2026-04-24T11:33:50","slug":"pbz40-10","status":"publish","type":"product","link":"https:\/\/yotavis.ch\/it\/prodotto\/pbz40-10\/","title":{"rendered":"PBZ40-10"},"content":{"rendered":"<p>Il PBZ40-10 di Kikusui \u00e8 un alimentatore bipolare programmabile con una tensione di uscita compresa tra \u00b10V e 40V e una corrente compresa tra \u00b10A e 10A. Fornisce una potenza di 400 watt attraverso un singolo canale di uscita. Questo alimentatore supporta la funzionalit\u00e0 di controllo remoto, consentendo un comodo funzionamento e l'integrazione in sistemi automatizzati. Il dispositivo \u00e8 progettato per fornire un controllo preciso della tensione e della corrente entro gli intervalli specificati. La sua capacit\u00e0 bipolare gli consente di fornire tensioni e correnti sia positive che negative, rendendolo adatto a una variet\u00e0 di applicazioni di test e sviluppo. Il PBZ40-10 \u00e8 progettato per gestire requisiti di potenza impegnativi, mantenendo stabili le prestazioni di uscita. Le sue specifiche lo rendono uno strumento versatile per gli ambienti di laboratorio e industriali in cui sono necessarie fonti di alimentazione programmabili.<\/p>","protected":false},"excerpt":{"rendered":"<p>Programmable Bipolar Power Supply, \u00b1 0V &#8211; 40V, \u00b1 0A &#8211; 10A<\/p>","protected":false},"featured_media":7694,"comment_status":"closed","ping_status":"closed","template":"","meta":{"_acf_changed":false,"slim_seo":{"title":"PBZ40-10 - YOTAVIS AG","description":"Alimentatore bipolare programmabile, \u00b1 0V - 40V, \u00b1 0A - 10A"}},"product_brand":[551],"product_cat":[606,515],"product_tag":[],"class_list":{"0":"post-6557","1":"product","2":"type-product","3":"status-publish","4":"has-post-thumbnail","6":"product_brand-kikusui","7":"product_cat-dc-4-quadrants-en","8":"product_cat-power-en","9":"pa_current-a-397","10":"pa_output-number-146","11":"pa_power-w-398","12":"pa_remote-control-yes","13":"pa_voltage-v-152","15":"first","16":"instock","17":"taxable","18":"shipping-taxable","19":"purchasable","20":"product-type-simple"},"acf":[],"_links":{"self":[{"href":"https:\/\/yotavis.ch\/it\/wp-json\/wp\/v2\/product\/6557","targetHints":{"allow":["GET"]}}],"collection":[{"href":"https:\/\/yotavis.ch\/it\/wp-json\/wp\/v2\/product"}],"about":[{"href":"https:\/\/yotavis.ch\/it\/wp-json\/wp\/v2\/types\/product"}],"replies":[{"embeddable":true,"href":"https:\/\/yotavis.ch\/it\/wp-json\/wp\/v2\/comments?post=6557"}],"wp:featuredmedia":[{"embeddable":true,"href":"https:\/\/yotavis.ch\/it\/wp-json\/wp\/v2\/media\/7694"}],"wp:attachment":[{"href":"https:\/\/yotavis.ch\/it\/wp-json\/wp\/v2\/media?parent=6557"}],"wp:term":[{"taxonomy":"product_brand","embeddable":true,"href":"https:\/\/yotavis.ch\/it\/wp-json\/wp\/v2\/product_brand?post=6557"},{"taxonomy":"product_cat","embeddable":true,"href":"https:\/\/yotavis.ch\/it\/wp-json\/wp\/v2\/product_cat?post=6557"},{"taxonomy":"product_tag","embeddable":true,"href":"https:\/\/yotavis.ch\/it\/wp-json\/wp\/v2\/product_tag?post=6557"}],"curies":[{"name":"wp","href":"https:\/\/api.w.org\/{rel}","templated":true}]}}