{"id":6562,"date":"2025-10-09T00:00:00","date_gmt":"2025-10-08T22:00:00","guid":{"rendered":"https:\/\/yotavis.ch\/product\/pbz80-5-with-lan\/"},"modified":"2026-04-24T13:33:54","modified_gmt":"2026-04-24T11:33:54","slug":"pbz80-5-with-lan","status":"publish","type":"product","link":"https:\/\/yotavis.ch\/it\/prodotto\/pbz80-5-with-lan\/","title":{"rendered":"PBZ80-5 CON LAN"},"content":{"rendered":"<p>Il PBZ80-5 WITH LAN \u00e8 un alimentatore bipolare programmabile di Kikusui che offre una tensione di uscita compresa tra \u00b10V e 80V e una corrente compresa tra \u00b10A e 5A. Fornisce una potenza di 400 watt e dispone di un singolo canale di uscita. L'alimentatore \u00e8 dotato di un'interfaccia LAN che consente il controllo a distanza per un comodo funzionamento e l'integrazione in sistemi automatizzati. Il dispositivo \u00e8 progettato per fornire un'erogazione di potenza precisa e stabile entro i limiti di tensione e corrente specificati. La sua natura programmabile consente agli utenti di impostare e regolare i parametri di uscita in base a requisiti specifici. L'inclusione della funzionalit\u00e0 di controllo remoto ne migliora l'utilizzabilit\u00e0 in vari ambienti di test e sviluppo in cui sono necessari il monitoraggio e le regolazioni a distanza. Questo modello \u00e8 adatto alle applicazioni che richiedono prestazioni affidabili di alimentazione bipolare con connettivit\u00e0 di rete.<\/p>","protected":false},"excerpt":{"rendered":"<p>Programmable Bipolar Power Supply, \u00b1 0V &#8211; 80V, \u00b1 0A &#8211; 5A with LAN Interface<\/p>","protected":false},"featured_media":7694,"comment_status":"closed","ping_status":"closed","template":"","meta":{"_acf_changed":false,"slim_seo":{"title":"PBZ80-5 WITH LAN - YOTAVIS AG","description":"Alimentatore bipolare programmabile, \u00b1 0V - 80V, \u00b1 0A - 5A con interfaccia LAN"}},"product_brand":[551],"product_cat":[606,515],"product_tag":[],"class_list":{"0":"post-6562","1":"product","2":"type-product","3":"status-publish","4":"has-post-thumbnail","6":"product_brand-kikusui","7":"product_cat-dc-4-quadrants-en","8":"product_cat-power-en","9":"pa_current-a-392","10":"pa_output-number-146","11":"pa_power-w-398","12":"pa_remote-control-yes","13":"pa_voltage-v-155","15":"first","16":"instock","17":"taxable","18":"shipping-taxable","19":"purchasable","20":"product-type-simple"},"acf":[],"_links":{"self":[{"href":"https:\/\/yotavis.ch\/it\/wp-json\/wp\/v2\/product\/6562","targetHints":{"allow":["GET"]}}],"collection":[{"href":"https:\/\/yotavis.ch\/it\/wp-json\/wp\/v2\/product"}],"about":[{"href":"https:\/\/yotavis.ch\/it\/wp-json\/wp\/v2\/types\/product"}],"replies":[{"embeddable":true,"href":"https:\/\/yotavis.ch\/it\/wp-json\/wp\/v2\/comments?post=6562"}],"wp:featuredmedia":[{"embeddable":true,"href":"https:\/\/yotavis.ch\/it\/wp-json\/wp\/v2\/media\/7694"}],"wp:attachment":[{"href":"https:\/\/yotavis.ch\/it\/wp-json\/wp\/v2\/media?parent=6562"}],"wp:term":[{"taxonomy":"product_brand","embeddable":true,"href":"https:\/\/yotavis.ch\/it\/wp-json\/wp\/v2\/product_brand?post=6562"},{"taxonomy":"product_cat","embeddable":true,"href":"https:\/\/yotavis.ch\/it\/wp-json\/wp\/v2\/product_cat?post=6562"},{"taxonomy":"product_tag","embeddable":true,"href":"https:\/\/yotavis.ch\/it\/wp-json\/wp\/v2\/product_tag?post=6562"}],"curies":[{"name":"wp","href":"https:\/\/api.w.org\/{rel}","templated":true}]}}