{"id":6582,"date":"2025-10-09T00:00:00","date_gmt":"2025-10-08T22:00:00","guid":{"rendered":"https:\/\/yotavis.ch\/product\/pbz20-140-bp-with-cal\/"},"modified":"2026-04-24T13:34:03","modified_gmt":"2026-04-24T11:34:03","slug":"pbz20-140-bp-with-cal","status":"publish","type":"product","link":"https:\/\/yotavis.ch\/it\/prodotto\/pbz20-140-bp-with-cal\/","title":{"rendered":"PBZ20-140 BP CON CAL"},"content":{"rendered":"<p>Il PBZ20-140 BP WITH CAL \u00e8 un alimentatore bipolare programmabile ad alta potenza prodotto da Kikusui. Offre un intervallo di tensione da \u00b10 a 20 V e un intervallo di corrente da \u00b10 a 140 A, con una potenza massima di 2800 watt. Questo modello \u00e8 dotato di un singolo canale di uscita e supporta la funzionalit\u00e0 di controllo remoto, consentendo un comodo funzionamento a distanza. L'alimentatore \u00e8 progettato per fornire un'erogazione di potenza precisa e stabile entro i limiti di tensione e corrente specificati. La sua capacit\u00e0 bipolare gli consente di fornire tensioni sia positive che negative, rendendolo adatto a una variet\u00e0 di applicazioni che richiedono configurazioni di alimentazione versatili. Le specifiche del dispositivo evidenziano la sua capacit\u00e0 di gestire carichi di corrente elevati mantenendo la programmabilit\u00e0 per le diverse esigenze di test e di funzionamento.<\/p>","protected":false},"excerpt":{"rendered":"<p>Alimentatore bipolare programmabile ad alta potenza, da \u00b10 a 20V \/ da \u00b10 a 140A<\/p>","protected":false},"featured_media":7711,"comment_status":"closed","ping_status":"closed","template":"","meta":{"_acf_changed":false,"slim_seo":{"title":"PBZ20-140 BP WITH CAL - YOTAVIS AG","description":"Alimentatore bipolare programmabile ad alta potenza, da \u00b10 a 20V \/ da \u00b10 a 140A"}},"product_brand":[551],"product_cat":[606,515],"product_tag":[],"class_list":{"0":"post-6582","1":"product","2":"type-product","3":"status-publish","4":"has-post-thumbnail","6":"product_brand-kikusui","7":"product_cat-dc-4-quadrants-en","8":"product_cat-power-en","9":"pa_current-a-618","10":"pa_output-number-146","11":"pa_power-w-617","12":"pa_remote-control-yes","13":"pa_voltage-v-315","15":"first","16":"instock","17":"taxable","18":"shipping-taxable","19":"purchasable","20":"product-type-simple"},"acf":[],"_links":{"self":[{"href":"https:\/\/yotavis.ch\/it\/wp-json\/wp\/v2\/product\/6582","targetHints":{"allow":["GET"]}}],"collection":[{"href":"https:\/\/yotavis.ch\/it\/wp-json\/wp\/v2\/product"}],"about":[{"href":"https:\/\/yotavis.ch\/it\/wp-json\/wp\/v2\/types\/product"}],"replies":[{"embeddable":true,"href":"https:\/\/yotavis.ch\/it\/wp-json\/wp\/v2\/comments?post=6582"}],"wp:featuredmedia":[{"embeddable":true,"href":"https:\/\/yotavis.ch\/it\/wp-json\/wp\/v2\/media\/7711"}],"wp:attachment":[{"href":"https:\/\/yotavis.ch\/it\/wp-json\/wp\/v2\/media?parent=6582"}],"wp:term":[{"taxonomy":"product_brand","embeddable":true,"href":"https:\/\/yotavis.ch\/it\/wp-json\/wp\/v2\/product_brand?post=6582"},{"taxonomy":"product_cat","embeddable":true,"href":"https:\/\/yotavis.ch\/it\/wp-json\/wp\/v2\/product_cat?post=6582"},{"taxonomy":"product_tag","embeddable":true,"href":"https:\/\/yotavis.ch\/it\/wp-json\/wp\/v2\/product_tag?post=6582"}],"curies":[{"name":"wp","href":"https:\/\/api.w.org\/{rel}","templated":true}]}}