{"id":6593,"date":"2025-10-09T00:00:00","date_gmt":"2025-10-08T22:00:00","guid":{"rendered":"https:\/\/yotavis.ch\/product\/pcr6000le-3p3w200v\/"},"modified":"2026-04-24T13:34:06","modified_gmt":"2026-04-24T11:34:06","slug":"pcr6000le-3p3w200v","status":"publish","type":"product","link":"https:\/\/yotavis.ch\/it\/prodotto\/pcr6000le-3p3w200v\/","title":{"rendered":"PCR6000LE 3P3W200V"},"content":{"rendered":"<p>Il PCR6000LE 3P3W200V di Kikusui \u00e8 un alimentatore CA multifunzionale con una capacit\u00e0 di 6000 watt. Funziona con un ingresso CA trifase e a 3 fili a 200 volt, fornendo una tensione di uscita di 300 volt e una corrente di 60 ampere. Questo modello \u00e8 dotato di un numero di uscita singolo e supporta la funzionalit\u00e0 di controllo remoto, consentendo un comodo funzionamento a distanza. Il dispositivo \u00e8 in grado di gestire frequenze fino a un massimo di 999 Hz, rendendolo adatto a varie applicazioni che richiedono un controllo preciso della frequenza. Il suo design robusto garantisce prestazioni affidabili in ambienti difficili, dove la stabilit\u00e0 dell'alimentazione \u00e8 fondamentale. La combinazione di potenza elevata e opzioni di controllo avanzate rende questo alimentatore uno strumento versatile per l'uso industriale e di laboratorio.<\/p>","protected":false},"excerpt":{"rendered":"<p>Alimentatore CA multifunzionale 6 kVA Ingresso CA trifase \/ 3 fili 200 V<\/p>","protected":false},"featured_media":7716,"comment_status":"closed","ping_status":"closed","template":"","meta":{"_acf_changed":false,"slim_seo":{"title":"PCR6000LE 3P3W200V - YOTAVIS AG","description":"Alimentatore CA multifunzionale 6 kVA Ingresso CA trifase \/ 3 fili 200 V"}},"product_brand":[551],"product_cat":[625,515],"product_tag":[],"class_list":{"0":"post-6593","1":"product","2":"type-product","3":"status-publish","4":"has-post-thumbnail","6":"product_brand-kikusui","7":"product_cat-ac-dc-source-en","8":"product_cat-power-en","9":"pa_current-a-406","10":"pa_max-frequency-hz-1021","11":"pa_output-number-146","12":"pa_power-w-626","13":"pa_remote-control-yes","14":"pa_voltage-v-624","16":"first","17":"instock","18":"taxable","19":"shipping-taxable","20":"purchasable","21":"product-type-simple"},"acf":[],"_links":{"self":[{"href":"https:\/\/yotavis.ch\/it\/wp-json\/wp\/v2\/product\/6593","targetHints":{"allow":["GET"]}}],"collection":[{"href":"https:\/\/yotavis.ch\/it\/wp-json\/wp\/v2\/product"}],"about":[{"href":"https:\/\/yotavis.ch\/it\/wp-json\/wp\/v2\/types\/product"}],"replies":[{"embeddable":true,"href":"https:\/\/yotavis.ch\/it\/wp-json\/wp\/v2\/comments?post=6593"}],"wp:featuredmedia":[{"embeddable":true,"href":"https:\/\/yotavis.ch\/it\/wp-json\/wp\/v2\/media\/7716"}],"wp:attachment":[{"href":"https:\/\/yotavis.ch\/it\/wp-json\/wp\/v2\/media?parent=6593"}],"wp:term":[{"taxonomy":"product_brand","embeddable":true,"href":"https:\/\/yotavis.ch\/it\/wp-json\/wp\/v2\/product_brand?post=6593"},{"taxonomy":"product_cat","embeddable":true,"href":"https:\/\/yotavis.ch\/it\/wp-json\/wp\/v2\/product_cat?post=6593"},{"taxonomy":"product_tag","embeddable":true,"href":"https:\/\/yotavis.ch\/it\/wp-json\/wp\/v2\/product_tag?post=6593"}],"curies":[{"name":"wp","href":"https:\/\/api.w.org\/{rel}","templated":true}]}}