{"id":6623,"date":"2025-10-09T00:00:00","date_gmt":"2025-10-08T22:00:00","guid":{"rendered":"https:\/\/yotavis.ch\/product\/pcr6000wea2r-3p3w-200v-500hz-lmt\/"},"modified":"2026-04-24T13:34:21","modified_gmt":"2026-04-24T11:34:21","slug":"pcr6000wea2r-3p3w-200v-500hz-lmt","status":"publish","type":"product","link":"https:\/\/yotavis.ch\/it\/prodotto\/pcr6000wea2r-3p3w-200v-500hz-lmt\/","title":{"rendered":"PCR6000WEA2R 3P3W 200V (500Hz LMT)"},"content":{"rendered":"<p>Il PCR6000WEA2R 3P3W 200V (500Hz LMT) \u00e8 un alimentatore CA\/CC ultracompatto con una capacit\u00e0 di 6000 watt. Funziona a una tensione di 320 volt ed eroga una corrente di 60 ampere. Questo modello \u00e8 dotato di un numero di uscita singolo e supporta la funzionalit\u00e0 di controllo remoto. \u00c8 progettato per gestire una frequenza massima di 500 hertz, il che lo rende adatto ad applicazioni che richiedono un'alimentazione ad alta frequenza. L'alimentatore \u00e8 prodotto da Kikusui, un marchio noto per la sua precisione e affidabilit\u00e0. La sua configurazione trifase e a tre fili a 200 volt garantisce un'efficiente erogazione di potenza in vari ambienti industriali e di laboratorio. Il design compatto consente una facile integrazione nei sistemi in cui lo spazio \u00e8 limitato, pur mantenendo prestazioni robuste.<\/p>","protected":false},"excerpt":{"rendered":"<p>Alimentatore CA\/CC ultra compatto 6kVA 3P3W 200V<\/p>","protected":false},"featured_media":7729,"comment_status":"closed","ping_status":"closed","template":"","meta":{"_acf_changed":false,"slim_seo":{"title":"PCR6000WEA2R 3P3W 200V (500Hz LMT) - YOTAVIS AG","description":"Alimentatore CA\/CC ultra compatto 6kVA 3P3W 200V"}},"product_brand":[551],"product_cat":[625,515],"product_tag":[],"class_list":{"0":"post-6623","1":"product","2":"type-product","3":"status-publish","4":"has-post-thumbnail","6":"product_brand-kikusui","7":"product_cat-ac-dc-source-en","8":"product_cat-power-en","9":"pa_current-a-406","10":"pa_max-frequency-hz-1020","11":"pa_output-number-146","12":"pa_power-w-626","13":"pa_remote-control-yes","14":"pa_voltage-v-575","16":"first","17":"instock","18":"taxable","19":"shipping-taxable","20":"purchasable","21":"product-type-simple"},"acf":[],"_links":{"self":[{"href":"https:\/\/yotavis.ch\/it\/wp-json\/wp\/v2\/product\/6623","targetHints":{"allow":["GET"]}}],"collection":[{"href":"https:\/\/yotavis.ch\/it\/wp-json\/wp\/v2\/product"}],"about":[{"href":"https:\/\/yotavis.ch\/it\/wp-json\/wp\/v2\/types\/product"}],"replies":[{"embeddable":true,"href":"https:\/\/yotavis.ch\/it\/wp-json\/wp\/v2\/comments?post=6623"}],"wp:featuredmedia":[{"embeddable":true,"href":"https:\/\/yotavis.ch\/it\/wp-json\/wp\/v2\/media\/7729"}],"wp:attachment":[{"href":"https:\/\/yotavis.ch\/it\/wp-json\/wp\/v2\/media?parent=6623"}],"wp:term":[{"taxonomy":"product_brand","embeddable":true,"href":"https:\/\/yotavis.ch\/it\/wp-json\/wp\/v2\/product_brand?post=6623"},{"taxonomy":"product_cat","embeddable":true,"href":"https:\/\/yotavis.ch\/it\/wp-json\/wp\/v2\/product_cat?post=6623"},{"taxonomy":"product_tag","embeddable":true,"href":"https:\/\/yotavis.ch\/it\/wp-json\/wp\/v2\/product_tag?post=6623"}],"curies":[{"name":"wp","href":"https:\/\/api.w.org\/{rel}","templated":true}]}}