{"id":6647,"date":"2025-10-09T00:00:00","date_gmt":"2025-10-08T22:00:00","guid":{"rendered":"https:\/\/yotavis.ch\/product\/pcr30000wea2r-3p3w-200v-500hz-lmt\/"},"modified":"2026-04-24T13:34:33","modified_gmt":"2026-04-24T11:34:33","slug":"pcr30000wea2r-3p3w-200v-500hz-lmt","status":"publish","type":"product","link":"https:\/\/yotavis.ch\/it\/prodotto\/pcr30000wea2r-3p3w-200v-500hz-lmt\/","title":{"rendered":"PCR30000WEA2R 3P3W 200V (500Hz LMT)"},"content":{"rendered":"<p>Kikusui PCR30000WEA2R \u00e8 un alimentatore CA\/CC ultracompatto progettato per fornire una potenza di 30kVA. Funziona con una tensione di 320 V e una corrente di 300 A, che lo rendono adatto ad applicazioni ad alta richiesta. Questo modello \u00e8 dotato di un singolo canale di uscita e supporta la funzionalit\u00e0 di controllo remoto, consentendo un funzionamento comodo e l'integrazione in sistemi automatizzati. L'alimentatore \u00e8 in grado di funzionare a una frequenza massima di 500 Hz, il che ne estende l'utilizzo in vari ambienti di prova e industriali. La sua configurazione trifase a tre fili (3P3W) \u00e8 ottimizzata per i sistemi a 200 V, garantendo la compatibilit\u00e0 con i requisiti di alimentazione specifici. Il design compatto del PCR30000WEA2R facilita l'installazione in ambienti con spazi limitati senza compromettere le prestazioni. Questa unit\u00e0 \u00e8 progettata per fornire un'alimentazione affidabile e stabile in tutti i campi di tensione e corrente specificati.<\/p>","protected":false},"excerpt":{"rendered":"<p>Alimentatore CA\/CC ultra compatto 30kVA 3P3W 200V<\/p>","protected":false},"featured_media":7723,"comment_status":"closed","ping_status":"closed","template":"","meta":{"_acf_changed":false,"slim_seo":{"title":"PCR30000WEA2R 3P3W 200V (500Hz LMT) - YOTAVIS AG","description":"Alimentatore CA\/CC ultra compatto 30kVA 3P3W 200V"}},"product_brand":[551],"product_cat":[625,515],"product_tag":[],"class_list":{"0":"post-6647","1":"product","2":"type-product","3":"status-publish","4":"has-post-thumbnail","6":"product_brand-kikusui","7":"product_cat-ac-dc-source-en","8":"product_cat-power-en","9":"pa_current-a-636","10":"pa_max-frequency-hz-1020","11":"pa_output-number-146","12":"pa_power-w-635","13":"pa_remote-control-yes","14":"pa_voltage-v-575","16":"first","17":"instock","18":"taxable","19":"shipping-taxable","20":"product-type-simple"},"acf":[],"_links":{"self":[{"href":"https:\/\/yotavis.ch\/it\/wp-json\/wp\/v2\/product\/6647","targetHints":{"allow":["GET"]}}],"collection":[{"href":"https:\/\/yotavis.ch\/it\/wp-json\/wp\/v2\/product"}],"about":[{"href":"https:\/\/yotavis.ch\/it\/wp-json\/wp\/v2\/types\/product"}],"replies":[{"embeddable":true,"href":"https:\/\/yotavis.ch\/it\/wp-json\/wp\/v2\/comments?post=6647"}],"wp:featuredmedia":[{"embeddable":true,"href":"https:\/\/yotavis.ch\/it\/wp-json\/wp\/v2\/media\/7723"}],"wp:attachment":[{"href":"https:\/\/yotavis.ch\/it\/wp-json\/wp\/v2\/media?parent=6647"}],"wp:term":[{"taxonomy":"product_brand","embeddable":true,"href":"https:\/\/yotavis.ch\/it\/wp-json\/wp\/v2\/product_brand?post=6647"},{"taxonomy":"product_cat","embeddable":true,"href":"https:\/\/yotavis.ch\/it\/wp-json\/wp\/v2\/product_cat?post=6647"},{"taxonomy":"product_tag","embeddable":true,"href":"https:\/\/yotavis.ch\/it\/wp-json\/wp\/v2\/product_tag?post=6647"}],"curies":[{"name":"wp","href":"https:\/\/api.w.org\/{rel}","templated":true}]}}