{"id":6648,"date":"2025-10-09T00:00:00","date_gmt":"2025-10-08T22:00:00","guid":{"rendered":"https:\/\/yotavis.ch\/product\/pcr30000wea2-3p4w-400v\/"},"modified":"2026-04-24T13:34:33","modified_gmt":"2026-04-24T11:34:33","slug":"pcr30000wea2-3p4w-400v","status":"publish","type":"product","link":"https:\/\/yotavis.ch\/it\/prodotto\/pcr30000wea2-3p4w-400v\/","title":{"rendered":"PCR30000WEA2 3P4W 400V"},"content":{"rendered":"<p>Kikusui PCR30000WEA2 \u00e8 un alimentatore CA\/CC ultracompatto con una potenza nominale di 30kVA progettato per sistemi trifase a quattro fili da 400V. Funziona a una tensione di 320 V e pu\u00f2 erogare una corrente fino a 300 A, rendendolo adatto ad applicazioni ad alta potenza. Questo modello \u00e8 dotato di un singolo canale di uscita e supporta la funzionalit\u00e0 di controllo remoto, consentendo un funzionamento comodo e l'integrazione in sistemi automatizzati. L'alimentatore \u00e8 in grado di funzionare a una frequenza massima di 5000Hz, offrendo flessibilit\u00e0 per le varie esigenze di test e di alimentazione. Il suo design compatto garantisce un uso efficiente dello spazio, pur mantenendo prestazioni robuste. Il dispositivo \u00e8 progettato per soddisfare i requisiti elettrici pi\u00f9 esigenti con precisione e affidabilit\u00e0.<\/p>","protected":false},"excerpt":{"rendered":"<p>Alimentatore CA\/CC ultra compatto 30kVA 3P4W 400V<\/p>","protected":false},"featured_media":7723,"comment_status":"closed","ping_status":"closed","template":"","meta":{"_acf_changed":false,"slim_seo":{"title":"PCR30000WEA2 3P4W 400V - YOTAVIS AG","description":"Alimentatore CA\/CC ultra compatto 30kVA 3P4W 400V"}},"product_brand":[551],"product_cat":[625,515],"product_tag":[],"class_list":{"0":"post-6648","1":"product","2":"type-product","3":"status-publish","4":"has-post-thumbnail","6":"product_brand-kikusui","7":"product_cat-ac-dc-source-en","8":"product_cat-power-en","9":"pa_current-a-636","10":"pa_max-frequency-hz-1022","11":"pa_output-number-146","12":"pa_power-w-635","13":"pa_remote-control-yes","14":"pa_voltage-v-575","16":"first","17":"instock","18":"taxable","19":"shipping-taxable","20":"product-type-simple"},"acf":[],"_links":{"self":[{"href":"https:\/\/yotavis.ch\/it\/wp-json\/wp\/v2\/product\/6648","targetHints":{"allow":["GET"]}}],"collection":[{"href":"https:\/\/yotavis.ch\/it\/wp-json\/wp\/v2\/product"}],"about":[{"href":"https:\/\/yotavis.ch\/it\/wp-json\/wp\/v2\/types\/product"}],"replies":[{"embeddable":true,"href":"https:\/\/yotavis.ch\/it\/wp-json\/wp\/v2\/comments?post=6648"}],"wp:featuredmedia":[{"embeddable":true,"href":"https:\/\/yotavis.ch\/it\/wp-json\/wp\/v2\/media\/7723"}],"wp:attachment":[{"href":"https:\/\/yotavis.ch\/it\/wp-json\/wp\/v2\/media?parent=6648"}],"wp:term":[{"taxonomy":"product_brand","embeddable":true,"href":"https:\/\/yotavis.ch\/it\/wp-json\/wp\/v2\/product_brand?post=6648"},{"taxonomy":"product_cat","embeddable":true,"href":"https:\/\/yotavis.ch\/it\/wp-json\/wp\/v2\/product_cat?post=6648"},{"taxonomy":"product_tag","embeddable":true,"href":"https:\/\/yotavis.ch\/it\/wp-json\/wp\/v2\/product_tag?post=6648"}],"curies":[{"name":"wp","href":"https:\/\/api.w.org\/{rel}","templated":true}]}}