{"id":6668,"date":"2025-10-09T00:00:00","date_gmt":"2025-10-08T22:00:00","guid":{"rendered":"https:\/\/yotavis.ch\/product\/plz12005wh2\/"},"modified":"2026-04-24T13:34:42","modified_gmt":"2026-04-24T11:34:42","slug":"plz12005wh2","status":"publish","type":"product","link":"https:\/\/yotavis.ch\/it\/prodotto\/plz12005wh2\/","title":{"rendered":"PLZ12005WH2"},"content":{"rendered":"<p>Il PLZ12005WH2 di Kikusui \u00e8 un carico elettronico compatto ad alta tensione in corrente continua progettato per funzionare in un intervallo di tensione compreso tra 10V e 1000V. Supporta una corrente massima di 240A e fornisce una capacit\u00e0 di potenza di 12.000 watt, rendendolo adatto ad applicazioni ad alta potenza. Questo modello \u00e8 dotato di un singolo numero di uscita, che consente di eseguire test di carico mirati ed efficienti. \u00c8 inclusa la funzionalit\u00e0 di controllo remoto, che consente agli utenti di azionare il dispositivo a distanza per comodit\u00e0 e sicurezza. Il carico elettronico \u00e8 progettato per gestire carichi elettrici consistenti con precisione e affidabilit\u00e0. Il suo design enfatizza la compattezza senza compromettere le prestazioni, per soddisfare gli ambienti in cui lo spazio e la gestione della potenza sono fondamentali. Il dispositivo fa parte della linea di prodotti Kikusui, nota per le sue apparecchiature elettroniche di prova specializzate.<\/p>","protected":false},"excerpt":{"rendered":"<p>Carico elettronico compatto ad alta tensione DC 10V-1000V, 240A, 12kW<\/p>","protected":false},"featured_media":7753,"comment_status":"closed","ping_status":"closed","template":"","meta":{"_acf_changed":false,"slim_seo":{"title":"PLZ12005WH2 - YOTAVIS AG","description":"Carico elettronico compatto ad alta tensione DC 10V-1000V, 240A, 12kW"}},"product_brand":[551],"product_cat":[517,515],"product_tag":[],"class_list":{"0":"post-6668","1":"product","2":"type-product","3":"status-publish","4":"has-post-thumbnail","6":"product_brand-kikusui","7":"product_cat-dc-load-en","8":"product_cat-power-en","9":"pa_current-a-634","10":"pa_output-number-146","11":"pa_power-w-628","12":"pa_remote-control-yes","13":"pa_voltage-v-639","15":"first","16":"instock","17":"taxable","18":"shipping-taxable","19":"purchasable","20":"product-type-simple"},"acf":[],"_links":{"self":[{"href":"https:\/\/yotavis.ch\/it\/wp-json\/wp\/v2\/product\/6668","targetHints":{"allow":["GET"]}}],"collection":[{"href":"https:\/\/yotavis.ch\/it\/wp-json\/wp\/v2\/product"}],"about":[{"href":"https:\/\/yotavis.ch\/it\/wp-json\/wp\/v2\/types\/product"}],"replies":[{"embeddable":true,"href":"https:\/\/yotavis.ch\/it\/wp-json\/wp\/v2\/comments?post=6668"}],"wp:featuredmedia":[{"embeddable":true,"href":"https:\/\/yotavis.ch\/it\/wp-json\/wp\/v2\/media\/7753"}],"wp:attachment":[{"href":"https:\/\/yotavis.ch\/it\/wp-json\/wp\/v2\/media?parent=6668"}],"wp:term":[{"taxonomy":"product_brand","embeddable":true,"href":"https:\/\/yotavis.ch\/it\/wp-json\/wp\/v2\/product_brand?post=6668"},{"taxonomy":"product_cat","embeddable":true,"href":"https:\/\/yotavis.ch\/it\/wp-json\/wp\/v2\/product_cat?post=6668"},{"taxonomy":"product_tag","embeddable":true,"href":"https:\/\/yotavis.ch\/it\/wp-json\/wp\/v2\/product_tag?post=6668"}],"curies":[{"name":"wp","href":"https:\/\/api.w.org\/{rel}","templated":true}]}}