{"id":6678,"date":"2025-10-09T00:00:00","date_gmt":"2025-10-08T22:00:00","guid":{"rendered":"https:\/\/yotavis.ch\/product\/tos9301pd\/"},"modified":"2026-04-24T13:34:45","modified_gmt":"2026-04-24T11:34:45","slug":"tos9301pd","status":"publish","type":"product","link":"https:\/\/yotavis.ch\/it\/prodotto\/tos9301pd\/","title":{"rendered":"TOS9301PD"},"content":{"rendered":"<p>Il TOS9301PD di Kikusui \u00e8 un analizzatore multiplo di sicurezza elettrica progettato per eseguire misure ACW, DCW, IR e PD. Questo dispositivo \u00e8 stato progettato per eseguire test di sicurezza elettrica completi, integrando pi\u00f9 funzioni di test in un'unica unit\u00e0. Supporta vari metodi di test, tra cui la tensione di resistenza CA (ACW), la tensione di resistenza CC (DCW), la resistenza di isolamento (IR) e il rilevamento delle scariche parziali (PD). L'analizzatore multiplo \u00e8 stato progettato per facilitare valutazioni efficienti e accurate della sicurezza delle apparecchiature elettriche. Il suo design consolida le funzionalit\u00e0 di test essenziali, rendendolo adatto agli ambienti in cui \u00e8 necessario valutare pi\u00f9 parametri di sicurezza elettrica. Il TOS9301PD fa parte della linea di prodotti Kikusui, nota per gli strumenti di test elettrici specializzati.<\/p>","protected":false},"excerpt":{"rendered":"<p>Sicurezza elettrica Analizzatore multiplo ACW \/ DCW \/ IR \/ PD<\/p>","protected":false},"featured_media":7775,"comment_status":"closed","ping_status":"closed","template":"","meta":{"_acf_changed":false,"slim_seo":{"title":"TOS9301PD - YOTAVIS AG","description":"Sicurezza elettrica Analizzatore multiplo ACW \/ DCW \/ IR \/ PD"}},"product_brand":[551],"product_cat":[518,642],"product_tag":[],"class_list":{"0":"post-6678","1":"product","2":"type-product","3":"status-publish","4":"has-post-thumbnail","6":"product_brand-kikusui","7":"product_cat-meters","8":"product_cat-safety-testers-en","10":"first","11":"instock","12":"taxable","13":"shipping-taxable","14":"purchasable","15":"product-type-simple"},"acf":[],"_links":{"self":[{"href":"https:\/\/yotavis.ch\/it\/wp-json\/wp\/v2\/product\/6678","targetHints":{"allow":["GET"]}}],"collection":[{"href":"https:\/\/yotavis.ch\/it\/wp-json\/wp\/v2\/product"}],"about":[{"href":"https:\/\/yotavis.ch\/it\/wp-json\/wp\/v2\/types\/product"}],"replies":[{"embeddable":true,"href":"https:\/\/yotavis.ch\/it\/wp-json\/wp\/v2\/comments?post=6678"}],"wp:featuredmedia":[{"embeddable":true,"href":"https:\/\/yotavis.ch\/it\/wp-json\/wp\/v2\/media\/7775"}],"wp:attachment":[{"href":"https:\/\/yotavis.ch\/it\/wp-json\/wp\/v2\/media?parent=6678"}],"wp:term":[{"taxonomy":"product_brand","embeddable":true,"href":"https:\/\/yotavis.ch\/it\/wp-json\/wp\/v2\/product_brand?post=6678"},{"taxonomy":"product_cat","embeddable":true,"href":"https:\/\/yotavis.ch\/it\/wp-json\/wp\/v2\/product_cat?post=6678"},{"taxonomy":"product_tag","embeddable":true,"href":"https:\/\/yotavis.ch\/it\/wp-json\/wp\/v2\/product_tag?post=6678"}],"curies":[{"name":"wp","href":"https:\/\/api.w.org\/{rel}","templated":true}]}}