{"id":6688,"date":"2025-10-09T00:00:00","date_gmt":"2025-10-08T22:00:00","guid":{"rendered":"https:\/\/yotavis.ch\/product\/tbvna-6000\/"},"modified":"2026-04-24T13:34:53","modified_gmt":"2026-04-24T11:34:53","slug":"tbvna-6000","status":"publish","type":"product","link":"https:\/\/yotavis.ch\/it\/prodotto\/tbvna-6000\/","title":{"rendered":"TBVNA-6000"},"content":{"rendered":"<p>Il TBVNA-6000 di Tekbox \u00e8 un analizzatore di rete vettoriale che opera in una gamma di frequenze da 0,1 Hz a 6 GHz. \u00c8 dotato di due porte e offre una gamma dinamica di 90 dB, consentendo capacit\u00e0 di misura precise nell'ambito dell'intervallo di frequenza specificato. Questo dispositivo non \u00e8 portatile, ma \u00e8 progettato per l'uso su banco o per installazioni fisse. La frequenza massima che pu\u00f2 analizzare \u00e8 di 6000 MHz, il che lo rende adatto a una variet\u00e0 di applicazioni ad alta frequenza. Il design dell'analizzatore supporta l'analisi dettagliata del segnale in tutta la sua larghezza di banda operativa, sebbene non siano inclusi dettagli specifici su potenza, tensione, corrente e altre caratteristiche elettriche. La sua configurazione si concentra sulla fornitura di analisi di rete accurate con un'ampia gamma dinamica e una connettivit\u00e0 a doppia porta. Il TBVNA-6000 \u00e8 destinato agli utenti che necessitano di misurazioni affidabili della risposta in frequenza fino a 6 GHz senza la necessit\u00e0 di un funzionamento portatile.<\/p>","protected":false},"excerpt":{"rendered":"<p>VNA a 6GHz<\/p>","protected":false},"featured_media":7296,"comment_status":"closed","ping_status":"closed","template":"","meta":{"_acf_changed":false,"slim_seo":{"title":"TBVNA-6000 - YOTAVIS AG","description":"VNA a 6GHz"}},"product_brand":[645],"product_cat":[523,525],"product_tag":[],"class_list":{"0":"post-6688","1":"product","2":"type-product","3":"status-publish","4":"has-post-thumbnail","6":"product_brand-tekbox","7":"product_cat-analyser","8":"product_cat-vna","9":"pa_dynamic-range-db-187","10":"pa_frequency-max-mhz-647","11":"pa_frequency-min-hz-0-1","12":"pa_handheld-no","13":"pa_ports-188","15":"first","16":"instock","17":"taxable","18":"shipping-taxable","19":"purchasable","20":"product-type-simple"},"acf":[],"_links":{"self":[{"href":"https:\/\/yotavis.ch\/it\/wp-json\/wp\/v2\/product\/6688","targetHints":{"allow":["GET"]}}],"collection":[{"href":"https:\/\/yotavis.ch\/it\/wp-json\/wp\/v2\/product"}],"about":[{"href":"https:\/\/yotavis.ch\/it\/wp-json\/wp\/v2\/types\/product"}],"replies":[{"embeddable":true,"href":"https:\/\/yotavis.ch\/it\/wp-json\/wp\/v2\/comments?post=6688"}],"wp:featuredmedia":[{"embeddable":true,"href":"https:\/\/yotavis.ch\/it\/wp-json\/wp\/v2\/media\/7296"}],"wp:attachment":[{"href":"https:\/\/yotavis.ch\/it\/wp-json\/wp\/v2\/media?parent=6688"}],"wp:term":[{"taxonomy":"product_brand","embeddable":true,"href":"https:\/\/yotavis.ch\/it\/wp-json\/wp\/v2\/product_brand?post=6688"},{"taxonomy":"product_cat","embeddable":true,"href":"https:\/\/yotavis.ch\/it\/wp-json\/wp\/v2\/product_cat?post=6688"},{"taxonomy":"product_tag","embeddable":true,"href":"https:\/\/yotavis.ch\/it\/wp-json\/wp\/v2\/product_tag?post=6688"}],"curies":[{"name":"wp","href":"https:\/\/api.w.org\/{rel}","templated":true}]}}