{"id":6726,"date":"2025-10-09T00:00:00","date_gmt":"2025-10-08T22:00:00","guid":{"rendered":"https:\/\/yotavis.ch\/product\/tbmda3b\/"},"modified":"2026-04-24T13:35:13","modified_gmt":"2026-04-24T11:35:13","slug":"tbmda3b","status":"publish","type":"product","link":"https:\/\/yotavis.ch\/it\/prodotto\/tbmda3b\/","title":{"rendered":"TBMDA3B"},"content":{"rendered":"<p>Il TBMDA3B di Tekbox \u00e8 un amplificatore di potenza modulato a banda larga progettato per funzionare in un intervallo di frequenza compreso tra 10 MHz e 1 GHz. \u00c8 dotato di un connettore di tipo N, comunemente utilizzato per le applicazioni RF, che garantisce una trasmissione affidabile del segnale. Questo amplificatore \u00e8 adatto alle applicazioni che richiedono una copertura di frequenza a banda larga e capacit\u00e0 di modulazione. Il design supporta un ampio spettro di frequenze, da quelle basse a quelle alte, rendendolo versatile per varie esigenze di test e amplificazione. La sua costruzione e le sue specifiche si concentrano sulla fornitura di prestazioni costanti in tutta la gamma di frequenze specificate. Il dispositivo \u00e8 progettato per gestire efficacemente i segnali modulati, fornendo un'amplificazione senza compromettere l'integrit\u00e0 del segnale. Il TBMDA3B \u00e8 un componente che si integra nei sistemi che richiedono un'amplificazione di potenza a banda larga entro i limiti di frequenza indicati.<\/p>","protected":false},"excerpt":{"rendered":"<p>modulated wideband power amplifier 10 MHz &#8211; 1GHz<\/p>","protected":false},"featured_media":7484,"comment_status":"closed","ping_status":"closed","template":"","meta":{"_acf_changed":false,"slim_seo":{"title":"TBMDA3B - YOTAVIS AG","description":"amplificatore di potenza modulato a banda larga 10 MHz - 1GHz"}},"product_brand":[645],"product_cat":[526,531],"product_tag":[],"class_list":{"0":"post-6726","1":"product","2":"type-product","3":"status-publish","4":"has-post-thumbnail","6":"product_brand-tekbox","7":"product_cat-accessories","8":"product_cat-rf-amplifier-attenuator-converter","9":"pa_connector-type-n","11":"first","12":"instock","13":"taxable","14":"shipping-taxable","15":"purchasable","16":"product-type-simple"},"acf":[],"_links":{"self":[{"href":"https:\/\/yotavis.ch\/it\/wp-json\/wp\/v2\/product\/6726","targetHints":{"allow":["GET"]}}],"collection":[{"href":"https:\/\/yotavis.ch\/it\/wp-json\/wp\/v2\/product"}],"about":[{"href":"https:\/\/yotavis.ch\/it\/wp-json\/wp\/v2\/types\/product"}],"replies":[{"embeddable":true,"href":"https:\/\/yotavis.ch\/it\/wp-json\/wp\/v2\/comments?post=6726"}],"wp:featuredmedia":[{"embeddable":true,"href":"https:\/\/yotavis.ch\/it\/wp-json\/wp\/v2\/media\/7484"}],"wp:attachment":[{"href":"https:\/\/yotavis.ch\/it\/wp-json\/wp\/v2\/media?parent=6726"}],"wp:term":[{"taxonomy":"product_brand","embeddable":true,"href":"https:\/\/yotavis.ch\/it\/wp-json\/wp\/v2\/product_brand?post=6726"},{"taxonomy":"product_cat","embeddable":true,"href":"https:\/\/yotavis.ch\/it\/wp-json\/wp\/v2\/product_cat?post=6726"},{"taxonomy":"product_tag","embeddable":true,"href":"https:\/\/yotavis.ch\/it\/wp-json\/wp\/v2\/product_tag?post=6726"}],"curies":[{"name":"wp","href":"https:\/\/api.w.org\/{rel}","templated":true}]}}