{"id":6746,"date":"2025-10-09T00:00:00","date_gmt":"2025-10-08T22:00:00","guid":{"rendered":"https:\/\/yotavis.ch\/product\/tbrs101-tx\/"},"modified":"2026-04-24T13:35:22","modified_gmt":"2026-04-24T11:35:22","slug":"tbrs101-tx","status":"publish","type":"product","link":"https:\/\/yotavis.ch\/it\/prodotto\/tbrs101-tx\/","title":{"rendered":"TBRS101-TX"},"content":{"rendered":"<p>Il modello TBRS101-TX \u00e8 un'antenna a loop progettata per operare in una gamma di frequenze compresa tra 30 Hz e 100 KHz. Prodotto da Tekbox, questo modello \u00e8 dotato di un connettore di tipo N, comunemente utilizzato per le applicazioni RF. L'antenna \u00e8 adatta ad applicazioni che richiedono una gestione precisa della frequenza all'interno della gamma specificata. Il suo design supporta la ricezione e la trasmissione di segnali efficienti nelle bande a bassa frequenza. Il dispositivo non elenca ulteriori specifiche come potenza, tensione, corrente o profondit\u00e0 di memoria, concentrandosi principalmente sulle sue capacit\u00e0 di frequenza e sul tipo di connettore. Questa antenna ad anello \u00e8 destinata all'uso in ambienti in cui \u00e8 necessario un rilevamento affidabile dei segnali a bassa frequenza. La sua costruzione e la sua gamma di frequenze la rendono uno strumento specializzato per applicazioni tecniche e scientifiche specifiche.<\/p>","protected":false},"excerpt":{"rendered":"<p>30 Hz - 100 KHz Antenna a loop RS101<\/p>","protected":false},"featured_media":7373,"comment_status":"closed","ping_status":"closed","template":"","meta":{"_acf_changed":false,"slim_seo":{"title":"TBRS101-TX - YOTAVIS AG","description":"30 Hz - 100 KHz Antenna a loop RS101"}},"product_brand":[645],"product_cat":[526,527],"product_tag":[],"class_list":{"0":"post-6746","1":"product","2":"type-product","3":"status-publish","4":"has-post-thumbnail","6":"product_brand-tekbox","7":"product_cat-accessories","8":"product_cat-antenna-en","9":"pa_connector-type-n","11":"first","12":"instock","13":"taxable","14":"shipping-taxable","15":"purchasable","16":"product-type-simple"},"acf":[],"_links":{"self":[{"href":"https:\/\/yotavis.ch\/it\/wp-json\/wp\/v2\/product\/6746","targetHints":{"allow":["GET"]}}],"collection":[{"href":"https:\/\/yotavis.ch\/it\/wp-json\/wp\/v2\/product"}],"about":[{"href":"https:\/\/yotavis.ch\/it\/wp-json\/wp\/v2\/types\/product"}],"replies":[{"embeddable":true,"href":"https:\/\/yotavis.ch\/it\/wp-json\/wp\/v2\/comments?post=6746"}],"wp:featuredmedia":[{"embeddable":true,"href":"https:\/\/yotavis.ch\/it\/wp-json\/wp\/v2\/media\/7373"}],"wp:attachment":[{"href":"https:\/\/yotavis.ch\/it\/wp-json\/wp\/v2\/media?parent=6746"}],"wp:term":[{"taxonomy":"product_brand","embeddable":true,"href":"https:\/\/yotavis.ch\/it\/wp-json\/wp\/v2\/product_brand?post=6746"},{"taxonomy":"product_cat","embeddable":true,"href":"https:\/\/yotavis.ch\/it\/wp-json\/wp\/v2\/product_cat?post=6746"},{"taxonomy":"product_tag","embeddable":true,"href":"https:\/\/yotavis.ch\/it\/wp-json\/wp\/v2\/product_tag?post=6746"}],"curies":[{"name":"wp","href":"https:\/\/api.w.org\/{rel}","templated":true}]}}