{"id":6771,"date":"2025-10-09T00:00:00","date_gmt":"2025-10-08T22:00:00","guid":{"rendered":"https:\/\/yotavis.ch\/product\/awg-1102d\/"},"modified":"2026-04-24T13:35:43","modified_gmt":"2026-04-24T11:35:43","slug":"awg-1102d","status":"publish","type":"product","link":"https:\/\/yotavis.ch\/it\/prodotto\/awg-1102d\/","title":{"rendered":"AWG-1102D"},"content":{"rendered":"<p>L'AWG-1102D di Active Technologies ha una frequenza massima di 125 MHz e un'ampiezza di 12 V. Supporta le funzioni sweep e burst, consentendo una generazione versatile del segnale. Il dispositivo offre una frequenza di campionamento di 250 MSa\/s e una profondit\u00e0 di memoria di 2 Mpt, per un'acquisizione dettagliata dei dati della forma d'onda. Ha un tempo di transizione minimo di 3,5 ns e una larghezza minima dell'impulso di 10 ns, che consentono un controllo preciso della temporizzazione. Il prodotto include 18 cifre per la precisione delle misure. Questo generatore di forme d'onda arbitrarie \u00e8 progettato per gestire attivit\u00e0 di generazione di segnali complessi grazie alla combinazione di elevata frequenza di campionamento, capacit\u00e0 di memoria e gamma di frequenze.<\/p>","protected":false},"excerpt":{"rendered":"<p>2CH &#8211; 250MSa\/s &#8211; 2MSa Memory\u00a0\u00a0&#8211; 18 Dig. &#8211; Arbitrary Waveform Generator<\/p>","protected":false},"featured_media":7786,"comment_status":"closed","ping_status":"closed","template":"","meta":{"_acf_changed":false,"slim_seo":{"title":"AWG-1102D - YOTAVIS AG","description":"2CH - 250MSa\/s - 2MSa Memoria - 18 Dig. - Generatore di forme d'onda arbitrarie"}},"product_brand":[657],"product_cat":[1189,541,513],"product_tag":[],"class_list":{"0":"post-6771","1":"product","2":"type-product","3":"status-publish","4":"has-post-thumbnail","6":"product_brand-active-technologies","7":"product_cat-afg","8":"product_cat-awg","9":"product_cat-generator","10":"pa_amplitude-v-653","11":"pa_burst-yes","12":"pa_channels-350","13":"pa_frequency-mhz-652","14":"pa_memory-mpts-654","15":"pa_pulse-width-min-ns-656","16":"pa_sampling-rate-ms-s-122","17":"pa_sweep-yes","18":"pa_transition-time-min-ns-3-5","19":"pa_vertical-resolution-bits-125","21":"first","22":"instock","23":"taxable","24":"shipping-taxable","25":"product-type-simple"},"acf":[],"_links":{"self":[{"href":"https:\/\/yotavis.ch\/it\/wp-json\/wp\/v2\/product\/6771","targetHints":{"allow":["GET"]}}],"collection":[{"href":"https:\/\/yotavis.ch\/it\/wp-json\/wp\/v2\/product"}],"about":[{"href":"https:\/\/yotavis.ch\/it\/wp-json\/wp\/v2\/types\/product"}],"replies":[{"embeddable":true,"href":"https:\/\/yotavis.ch\/it\/wp-json\/wp\/v2\/comments?post=6771"}],"wp:featuredmedia":[{"embeddable":true,"href":"https:\/\/yotavis.ch\/it\/wp-json\/wp\/v2\/media\/7786"}],"wp:attachment":[{"href":"https:\/\/yotavis.ch\/it\/wp-json\/wp\/v2\/media?parent=6771"}],"wp:term":[{"taxonomy":"product_brand","embeddable":true,"href":"https:\/\/yotavis.ch\/it\/wp-json\/wp\/v2\/product_brand?post=6771"},{"taxonomy":"product_cat","embeddable":true,"href":"https:\/\/yotavis.ch\/it\/wp-json\/wp\/v2\/product_cat?post=6771"},{"taxonomy":"product_tag","embeddable":true,"href":"https:\/\/yotavis.ch\/it\/wp-json\/wp\/v2\/product_tag?post=6771"}],"curies":[{"name":"wp","href":"https:\/\/api.w.org\/{rel}","templated":true}]}}