{"id":6788,"date":"2025-10-09T00:00:00","date_gmt":"2025-10-08T22:00:00","guid":{"rendered":"https:\/\/yotavis.ch\/product\/awg-7174d\/"},"modified":"2026-04-24T13:35:54","modified_gmt":"2026-04-24T11:35:54","slug":"awg-7174d","status":"publish","type":"product","link":"https:\/\/yotavis.ch\/it\/prodotto\/awg-7174d\/","title":{"rendered":"AWG-7174D"},"content":{"rendered":"<p>L'AWG-7174D di Active Technologies presenta una configurazione a 4 canali con una frequenza di campionamento massima di 17 GS\/s e una capacit\u00e0 di frequenza di 6,5 GHz. Offre una profondit\u00e0 di memoria di 9.000 Mpt, che supporta la generazione e la memorizzazione di forme d'onda dettagliate. Il dispositivo fornisce un'uscita differenziale con un'ampiezza di 1,25 Vpp e una larghezza minima dell'impulso di 0,15 ns, consentendo un controllo preciso del segnale. Supporta le modalit\u00e0 sweep e burst, aumentando la sua versatilit\u00e0 in vari scenari di test. Il tempo di transizione \u00e8 di soli 0,12 ns e contribuisce alle sue prestazioni ad alta velocit\u00e0. Con una capacit\u00e0 di memoria di 9 Gpt e 589 Kpt, l'AWG-7174D \u00e8 progettato per gestire in modo efficiente modelli di segnale complessi. Questo modello \u00e8 adatto alle applicazioni che richiedono la generazione di forme d'onda ad alta frequenza e ad alta risoluzione.<\/p>","protected":false},"excerpt":{"rendered":"<p>4CH &#8211; 17\u00a0\u00a0GS\/s &#8211; 8.5 GHz &#8211; 9 Gpts \/ 589 Kpts Memory &#8211; 1.25Vpp\u00a0\u00a0differential output<\/p>","protected":false},"featured_media":7821,"comment_status":"closed","ping_status":"closed","template":"","meta":{"_acf_changed":false,"slim_seo":{"title":"AWG-7174D - YOTAVIS AG","description":"4CH - 17 GS\/s - 8,5 GHz - 9 Gpts \/ 589 Kpts Memoria - Uscita differenziale da 1,25Vpp"}},"product_brand":[657],"product_cat":[541,513],"product_tag":[],"class_list":{"0":"post-6788","1":"product","2":"type-product","3":"status-publish","4":"has-post-thumbnail","6":"product_brand-active-technologies","7":"product_cat-awg","8":"product_cat-generator","9":"pa_amplitude-v-679","10":"pa_burst-yes","11":"pa_channels-338","12":"pa_frequency-mhz-674","13":"pa_memory-mpts-676","14":"pa_pulse-width-min-ns-0-15","15":"pa_sampling-rate-ms-s-680","16":"pa_sweep-yes","17":"pa_transition-time-min-ns-0-12","18":"pa_vertical-resolution-bits-113","20":"first","21":"instock","22":"taxable","23":"shipping-taxable","24":"product-type-simple"},"acf":[],"_links":{"self":[{"href":"https:\/\/yotavis.ch\/it\/wp-json\/wp\/v2\/product\/6788","targetHints":{"allow":["GET"]}}],"collection":[{"href":"https:\/\/yotavis.ch\/it\/wp-json\/wp\/v2\/product"}],"about":[{"href":"https:\/\/yotavis.ch\/it\/wp-json\/wp\/v2\/types\/product"}],"replies":[{"embeddable":true,"href":"https:\/\/yotavis.ch\/it\/wp-json\/wp\/v2\/comments?post=6788"}],"wp:featuredmedia":[{"embeddable":true,"href":"https:\/\/yotavis.ch\/it\/wp-json\/wp\/v2\/media\/7821"}],"wp:attachment":[{"href":"https:\/\/yotavis.ch\/it\/wp-json\/wp\/v2\/media?parent=6788"}],"wp:term":[{"taxonomy":"product_brand","embeddable":true,"href":"https:\/\/yotavis.ch\/it\/wp-json\/wp\/v2\/product_brand?post=6788"},{"taxonomy":"product_cat","embeddable":true,"href":"https:\/\/yotavis.ch\/it\/wp-json\/wp\/v2\/product_cat?post=6788"},{"taxonomy":"product_tag","embeddable":true,"href":"https:\/\/yotavis.ch\/it\/wp-json\/wp\/v2\/product_tag?post=6788"}],"curies":[{"name":"wp","href":"https:\/\/api.w.org\/{rel}","templated":true}]}}